{"id":2145,"date":"2019-09-03T06:14:38","date_gmt":"2019-09-03T06:14:38","guid":{"rendered":"https:\/\/global.southerntower.co.jp\/privacy-policy\/"},"modified":"2020-09-28T10:02:55","modified_gmt":"2020-09-28T01:02:55","slug":"privacy-policy","status":"publish","type":"page","link":"https:\/\/global.southerntower.co.jp\/fr\/privacy-policy\/","title":{"rendered":"POLITIQUE DE CONFIDENTIALIT\u00c9"},"content":{"rendered":"<p>Cette politique explique comment les cookies sont utilis\u00e9s sur ce site Web. La politique est susceptible d&rsquo;\u00eatre modifi\u00e9e de temps en temps. Toutes les modifications apport\u00e9es \u00e0 la pr\u00e9sente politique de confidentialit\u00e9 seront mises \u00e0 jour sur notre site Web. En utilisant ce site, vous acceptez l&rsquo;enregistrement de cookies sur votre ordinateur conform\u00e9ment aux termes de cette politique. Si vous ne souhaitez pas accepter les cookies de ce site, veuillez soit les d\u00e9sactiver, soit vous abstenir d&rsquo;utiliser ce site.<\/p>\n<p><strong>Que sont les cookies ?<\/strong><br \/>\nUn cookie est une cha\u00eene d&rsquo;informations textuelles qu&rsquo;un site Web transf\u00e8re au fichier de cookies du navigateur sur le disque dur de votre ordinateur afin que le site Web puisse vous reconna\u00eetre lorsque vous revenez et se souvenir de certaines informations vous concernant. Cela peut inclure les pages que vous avez visit\u00e9es, les choix que vous avez faits dans les menus, toute information sp\u00e9cifique que vous avez saisie dans les formulaires ainsi que l&rsquo;heure et la date de votre visite.<\/p>\n<p><strong>Types de cookies<\/strong><br \/>\nIl existe deux principaux types de cookies :<\/p>\n<p>Les cookies de session : ce sont des cookies temporaires qui expirent \u00e0 la fin d&rsquo;une session de navigation, c&rsquo;est-\u00e0-dire lorsque vous quittez le site. Les cookies de session permettent au site Web de vous reconna\u00eetre lorsque vous naviguez entre les pages au cours d&rsquo;une m\u00eame session de navigation et vous permettent d&rsquo;utiliser le site Web le plus efficacement possible. Par exemple, les cookies de session permettent \u00e0 un site Web de se souvenir qu&rsquo;un utilisateur a plac\u00e9 des articles dans un panier d&rsquo;achat en ligne.<\/p>\n<p>Cookies persistants : contrairement aux cookies de session, les cookies persistants sont stock\u00e9s sur votre \u00e9quipement entre les sessions de navigation jusqu&rsquo;\u00e0 leur expiration ou leur suppression. Ils permettent donc au site Web de vous reconna\u00eetre \u00e0 votre retour, de se souvenir de vos pr\u00e9f\u00e9rences et de vous proposer des services sur mesure.<\/p>\n<p>Outre les cookies de session et les cookies persistants, d&rsquo;autres cookies peuvent \u00eatre d\u00e9finis par le site Web que vous avez choisi de visiter, comme le pr\u00e9sent site Web, afin de nous fournir ou de fournir des informations \u00e0 des tiers.<\/p>\n<p><strong>Notre utilisation des cookies<\/strong><br \/>\nNous utilisons actuellement, et pourrions utiliser \u00e0 l&rsquo;avenir, des cookies sur notre site Web. Les cookies nous permettent d&rsquo;offrir une exp\u00e9rience personnalis\u00e9e. Il s&rsquo;agit d&rsquo;une pratique courante sur la plupart des sites Web commerciaux.<\/p>\n<p>En acc\u00e9dant \u00e0 notre site Web, vous acceptez l&rsquo;enregistrement de cookies dans votre appareil. Ces cookies comprennent des informations sur le domaine qui sont utilis\u00e9es pour conserver des donn\u00e9es globales sur le site Web et nous aident \u00e0 conna\u00eetre le comportement en ligne de nos visiteurs, notamment la fr\u00e9quence \u00e0 laquelle ils visitent notre site Web et leur comportement en mati\u00e8re de navigation sur notre site Web. Ces informations sont utilis\u00e9es pour am\u00e9liorer le contenu et la navigation de notre site Web pour nos clients et pour personnaliser l&rsquo;exp\u00e9rience en ligne de nos clients.<\/p>\n<p>Notre site Web peut permettre \u00e0 des tiers de t\u00e9l\u00e9charger des cookies sur votre appareil. Des tiers, notamment des soci\u00e9t\u00e9s d&rsquo;analyse et des partenaires commerciaux, peuvent utiliser des cookies et d&rsquo;autres technologies pour recueillir des donn\u00e9es non personnelles sur vos activit\u00e9s en ligne pendant que vous utilisez notre site Web.<\/p>\n<p>Nous utilisons des cookies de session pour nous aider \u00e0 maintenir la s\u00e9curit\u00e9 et \u00e0 v\u00e9rifier vos donn\u00e9es pendant que vous utilisez le site Web en passant d&rsquo;une page \u00e0 l&rsquo;autre, ce qui vous \u00e9vite de devoir saisir \u00e0 nouveau vos donn\u00e9es chaque fois que vous acc\u00e9dez \u00e0 une nouvelle page. Nous utilisons des cookies persistants pour collecter et compiler des informations anonymes et agr\u00e9g\u00e9es \u00e0 des fins statistiques et d&rsquo;\u00e9valuation afin de nous aider \u00e0 comprendre comment les utilisateurs utilisent le site Web et \u00e0 am\u00e9liorer la structure de notre site Web.<\/p>\n<p>Certains de nos cookies peuvent collecter et conserver vos informations personnelles, telles que votre nom ou votre adresse \u00e9lectronique. Nous nous engageons \u00e0 respecter et \u00e0 prot\u00e9ger votre vie priv\u00e9e et veillerons \u00e0 ce que toutes les informations personnelles que nous recueillons soient conserv\u00e9es et trait\u00e9es conform\u00e9ment \u00e0 notre politique de confidentialit\u00e9.<\/p>\n<p><strong>Refuser les cookies sur ce site<\/strong><br \/>\nLa plupart des navigateurs sont initialement configur\u00e9s pour accepter les cookies. Toutefois, vous avez la possibilit\u00e9 de d\u00e9sactiver les cookies si vous le souhaitez, g\u00e9n\u00e9ralement en modifiant les param\u00e8tres de navigation de votre logiciel Internet. Il peut \u00e9galement \u00eatre possible de configurer les param\u00e8tres de votre navigateur pour permettre l&rsquo;acceptation de certains cookies ou pour vous avertir chaque fois qu&rsquo;un nouveau cookie est sur le point d&rsquo;\u00eatre stock\u00e9 sur votre ordinateur, ce qui vous permet de d\u00e9cider d&rsquo;accepter ou de refuser le cookie.<\/p>\n","protected":false},"excerpt":{"rendered":"<p>Cette politique explique comment les cookies sont utilis\u00e9s sur ce site Web. La politique est susceptible d&rsquo;\u00eatre modifi\u00e9e de temps en temps. Toutes les modifications apport\u00e9es \u00e0 la pr\u00e9sente politique de confidentialit\u00e9 seront mises \u00e0 jour sur notre site Web. En utilisant ce site, vous acceptez l&rsquo;enregistrement de cookies sur votre ordinateur conform\u00e9ment aux termes [&hellip;]<\/p>\n","protected":false},"author":6,"featured_media":0,"parent":0,"menu_order":2100,"comment_status":"closed","ping_status":"closed","template":"","meta":{"footnotes":""},"acf":[],"yoast_head":"<!-- This site is optimized with the Yoast SEO plugin v22.3 - https:\/\/yoast.com\/wordpress\/plugins\/seo\/ -->\n<title>POLITIQUE DE CONFIDENTIALIT\u00c9 | L\u2019Hotel Century Southern Tower | Site Officiel<\/title>\n<meta name=\"robots\" content=\"index, follow, max-snippet:-1, max-image-preview:large, max-video-preview:-1\" \/>\n<link rel=\"canonical\" href=\"https:\/\/global.southerntower.co.jp\/fr\/privacy-policy\/\" \/>\n<meta property=\"og:locale\" content=\"fr_FR\" \/>\n<meta property=\"og:type\" content=\"article\" \/>\n<meta property=\"og:title\" content=\"POLITIQUE DE CONFIDENTIALIT\u00c9 | L\u2019Hotel Century Southern Tower | Site Officiel\" \/>\n<meta property=\"og:description\" content=\"Cette politique explique comment les cookies sont utilis\u00e9s sur ce site Web. La politique est susceptible d&rsquo;\u00eatre modifi\u00e9e de temps en temps. Toutes les modifications apport\u00e9es \u00e0 la pr\u00e9sente politique de confidentialit\u00e9 seront mises \u00e0 jour sur notre site Web. En utilisant ce site, vous acceptez l&rsquo;enregistrement de cookies sur votre ordinateur conform\u00e9ment aux termes [&hellip;]\" \/>\n<meta property=\"og:url\" content=\"https:\/\/global.southerntower.co.jp\/fr\/privacy-policy\/\" \/>\n<meta property=\"og:site_name\" content=\"L\u2019Hotel Century Southern Tower | Site Officiel\" \/>\n<meta property=\"article:modified_time\" content=\"2020-09-28T01:02:55+00:00\" \/>\n<meta name=\"twitter:card\" content=\"summary_large_image\" \/>\n<meta name=\"twitter:label1\" content=\"Dur\u00e9e de lecture estim\u00e9e\" \/>\n\t<meta name=\"twitter:data1\" content=\"4 minutes\" \/>\n<script type=\"application\/ld+json\" class=\"yoast-schema-graph\">{\"@context\":\"https:\/\/schema.org\",\"@graph\":[{\"@type\":\"WebPage\",\"@id\":\"https:\/\/global.southerntower.co.jp\/fr\/privacy-policy\/\",\"url\":\"https:\/\/global.southerntower.co.jp\/fr\/privacy-policy\/\",\"name\":\"POLITIQUE DE CONFIDENTIALIT\u00c9 | L\u2019Hotel Century Southern Tower | Site Officiel\",\"isPartOf\":{\"@id\":\"https:\/\/global.southerntower.co.jp\/fr\/#website\"},\"datePublished\":\"2019-09-03T06:14:38+00:00\",\"dateModified\":\"2020-09-28T01:02:55+00:00\",\"breadcrumb\":{\"@id\":\"https:\/\/global.southerntower.co.jp\/fr\/privacy-policy\/#breadcrumb\"},\"inLanguage\":\"fr-FR\",\"potentialAction\":[{\"@type\":\"ReadAction\",\"target\":[\"https:\/\/global.southerntower.co.jp\/fr\/privacy-policy\/\"]}]},{\"@type\":\"BreadcrumbList\",\"@id\":\"https:\/\/global.southerntower.co.jp\/fr\/privacy-policy\/#breadcrumb\",\"itemListElement\":[{\"@type\":\"ListItem\",\"position\":1,\"name\":\"Home\",\"item\":\"https:\/\/global.southerntower.co.jp\/fr\/\"},{\"@type\":\"ListItem\",\"position\":2,\"name\":\"POLITIQUE DE CONFIDENTIALIT\u00c9\"}]},{\"@type\":\"WebSite\",\"@id\":\"https:\/\/global.southerntower.co.jp\/fr\/#website\",\"url\":\"https:\/\/global.southerntower.co.jp\/fr\/\",\"name\":\"L\u2019Hotel Century Southern Tower | Site Officiel\",\"description\":\"Great place to stay in Tokyo, near the shinjuku station,\",\"potentialAction\":[{\"@type\":\"SearchAction\",\"target\":{\"@type\":\"EntryPoint\",\"urlTemplate\":\"https:\/\/global.southerntower.co.jp\/fr\/?s={search_term_string}\"},\"query-input\":\"required name=search_term_string\"}],\"inLanguage\":\"fr-FR\"}]}<\/script>\n<!-- \/ Yoast SEO plugin. -->","yoast_head_json":{"title":"POLITIQUE DE CONFIDENTIALIT\u00c9 | L\u2019Hotel Century Southern Tower | Site Officiel","robots":{"index":"index","follow":"follow","max-snippet":"max-snippet:-1","max-image-preview":"max-image-preview:large","max-video-preview":"max-video-preview:-1"},"canonical":"https:\/\/global.southerntower.co.jp\/fr\/privacy-policy\/","og_locale":"fr_FR","og_type":"article","og_title":"POLITIQUE DE CONFIDENTIALIT\u00c9 | L\u2019Hotel Century Southern Tower | Site Officiel","og_description":"Cette politique explique comment les cookies sont utilis\u00e9s sur ce site Web. La politique est susceptible d&rsquo;\u00eatre modifi\u00e9e de temps en temps. Toutes les modifications apport\u00e9es \u00e0 la pr\u00e9sente politique de confidentialit\u00e9 seront mises \u00e0 jour sur notre site Web. En utilisant ce site, vous acceptez l&rsquo;enregistrement de cookies sur votre ordinateur conform\u00e9ment aux termes [&hellip;]","og_url":"https:\/\/global.southerntower.co.jp\/fr\/privacy-policy\/","og_site_name":"L\u2019Hotel Century Southern Tower | Site Officiel","article_modified_time":"2020-09-28T01:02:55+00:00","twitter_card":"summary_large_image","twitter_misc":{"Dur\u00e9e de lecture estim\u00e9e":"4 minutes"},"schema":{"@context":"https:\/\/schema.org","@graph":[{"@type":"WebPage","@id":"https:\/\/global.southerntower.co.jp\/fr\/privacy-policy\/","url":"https:\/\/global.southerntower.co.jp\/fr\/privacy-policy\/","name":"POLITIQUE DE CONFIDENTIALIT\u00c9 | L\u2019Hotel Century Southern Tower | Site Officiel","isPartOf":{"@id":"https:\/\/global.southerntower.co.jp\/fr\/#website"},"datePublished":"2019-09-03T06:14:38+00:00","dateModified":"2020-09-28T01:02:55+00:00","breadcrumb":{"@id":"https:\/\/global.southerntower.co.jp\/fr\/privacy-policy\/#breadcrumb"},"inLanguage":"fr-FR","potentialAction":[{"@type":"ReadAction","target":["https:\/\/global.southerntower.co.jp\/fr\/privacy-policy\/"]}]},{"@type":"BreadcrumbList","@id":"https:\/\/global.southerntower.co.jp\/fr\/privacy-policy\/#breadcrumb","itemListElement":[{"@type":"ListItem","position":1,"name":"Home","item":"https:\/\/global.southerntower.co.jp\/fr\/"},{"@type":"ListItem","position":2,"name":"POLITIQUE DE CONFIDENTIALIT\u00c9"}]},{"@type":"WebSite","@id":"https:\/\/global.southerntower.co.jp\/fr\/#website","url":"https:\/\/global.southerntower.co.jp\/fr\/","name":"L\u2019Hotel Century Southern Tower | Site Officiel","description":"Great place to stay in Tokyo, near the shinjuku station,","potentialAction":[{"@type":"SearchAction","target":{"@type":"EntryPoint","urlTemplate":"https:\/\/global.southerntower.co.jp\/fr\/?s={search_term_string}"},"query-input":"required name=search_term_string"}],"inLanguage":"fr-FR"}]}},"publishpress_future_action":{"enabled":false,"date":"2026-04-29 05:37:33","action":"change-status","newStatus":"draft","terms":[],"taxonomy":"translation_priority"},"_links":{"self":[{"href":"https:\/\/global.southerntower.co.jp\/fr\/wp-json\/wp\/v2\/pages\/2145"}],"collection":[{"href":"https:\/\/global.southerntower.co.jp\/fr\/wp-json\/wp\/v2\/pages"}],"about":[{"href":"https:\/\/global.southerntower.co.jp\/fr\/wp-json\/wp\/v2\/types\/page"}],"author":[{"embeddable":true,"href":"https:\/\/global.southerntower.co.jp\/fr\/wp-json\/wp\/v2\/users\/6"}],"replies":[{"embeddable":true,"href":"https:\/\/global.southerntower.co.jp\/fr\/wp-json\/wp\/v2\/comments?post=2145"}],"version-history":[{"count":0,"href":"https:\/\/global.southerntower.co.jp\/fr\/wp-json\/wp\/v2\/pages\/2145\/revisions"}],"wp:attachment":[{"href":"https:\/\/global.southerntower.co.jp\/fr\/wp-json\/wp\/v2\/media?parent=2145"}],"curies":[{"name":"wp","href":"https:\/\/api.w.org\/{rel}","templated":true}]}}