{"id":2139,"date":"2019-09-03T06:10:07","date_gmt":"2019-09-03T06:10:07","guid":{"rendered":"https:\/\/global.southerntower.co.jp\/meetings\/"},"modified":"2020-09-28T09:57:15","modified_gmt":"2020-09-28T00:57:15","slug":"meetings","status":"publish","type":"page","link":"https:\/\/global.southerntower.co.jp\/fr\/meetings\/","title":{"rendered":"R\u00c9UNION"},"content":{"rendered":"<p>Toutes nos salles de r\u00e9ception et de r\u00e9union du 21e \u00e9tage, avec vue panoramique sur le Grand Tokyo, peuvent \u00eatre agrandies ou lou\u00e9es pour r\u00e9pondre aux besoins de vos diverses activit\u00e9s et de la taille de vos groupes. Elles constituent donc, sans aucun doute, le lieu id\u00e9al pour toutes vos r\u00e9unions d&rsquo;affaires et priv\u00e9es, avec en plus de somptueuses options de restauration.<\/p>\n<p>&nbsp;<\/p>\n<p><strong>Salles de r\u00e9ception et de r\u00e9union<\/strong><br \/>\nNos salles de r\u00e9ception et de r\u00e9union, HARUKA et TENKU, qui offrent une vue imprenable sur le Grand Tokyo et ses environs, sont les lieux parfaits pour toutes vos rencontres sociales et vos r\u00e9unions d&rsquo;affaires.<\/p>\n<p>&nbsp;<\/p>\n<p><strong>Salles \u00e0 manger priv\u00e9es<\/strong><br \/>\nNos deux salles de r\u00e9union peuvent \u00eatre utilis\u00e9es pour accueillir vos propres r\u00e9ceptions priv\u00e9es dans le Southern Tower Dining. Les salles sont toutes \u00e9quip\u00e9es d&rsquo;une table de pr\u00e9sentation et sont exclusivement tenues par nos chefs chaleureux, afin de conf\u00e9rer \u00e0 la cuisine la m\u00eame vivacit\u00e9 que dans le restaurant.<\/p>\n","protected":false},"excerpt":{"rendered":"<p>Toutes nos salles de r\u00e9ception et de r\u00e9union du 21e \u00e9tage, avec vue panoramique sur le Grand Tokyo, peuvent \u00eatre agrandies ou lou\u00e9es pour r\u00e9pondre aux besoins de vos diverses activit\u00e9s et de la taille de vos groupes. Elles constituent donc, sans aucun doute, le lieu id\u00e9al pour toutes vos r\u00e9unions d&rsquo;affaires et priv\u00e9es, avec [&hellip;]<\/p>\n","protected":false},"author":6,"featured_media":2141,"parent":0,"menu_order":800,"comment_status":"closed","ping_status":"closed","template":"fb-3d-meeting\/archive.php","meta":{"footnotes":""},"acf":[],"yoast_head":"<!-- This site is optimized with the Yoast SEO plugin v22.3 - https:\/\/yoast.com\/wordpress\/plugins\/seo\/ -->\n<title>R\u00c9UNION | L\u2019Hotel Century Southern Tower | Site Officiel<\/title>\n<meta name=\"robots\" content=\"index, follow, max-snippet:-1, max-image-preview:large, max-video-preview:-1\" \/>\n<link rel=\"canonical\" href=\"https:\/\/global.southerntower.co.jp\/fr\/meetings\/\" \/>\n<meta property=\"og:locale\" content=\"fr_FR\" \/>\n<meta property=\"og:type\" content=\"article\" \/>\n<meta property=\"og:title\" content=\"R\u00c9UNION | L\u2019Hotel Century Southern Tower | Site Officiel\" \/>\n<meta property=\"og:description\" content=\"Toutes nos salles de r\u00e9ception et de r\u00e9union du 21e \u00e9tage, avec vue panoramique sur le Grand Tokyo, peuvent \u00eatre agrandies ou lou\u00e9es pour r\u00e9pondre aux besoins de vos diverses activit\u00e9s et de la taille de vos groupes. Elles constituent donc, sans aucun doute, le lieu id\u00e9al pour toutes vos r\u00e9unions d&rsquo;affaires et priv\u00e9es, avec [&hellip;]\" \/>\n<meta property=\"og:url\" content=\"https:\/\/global.southerntower.co.jp\/fr\/meetings\/\" \/>\n<meta property=\"og:site_name\" content=\"L\u2019Hotel Century Southern Tower | Site Officiel\" \/>\n<meta property=\"article:modified_time\" content=\"2020-09-28T00:57:15+00:00\" \/>\n<meta property=\"og:image\" content=\"https:\/\/global.southerntower.co.jp\/wp-content\/uploads\/sites\/41\/2020\/02\/Meeting.jpg\" \/>\n\t<meta property=\"og:image:width\" content=\"1744\" \/>\n\t<meta property=\"og:image:height\" content=\"1200\" \/>\n\t<meta property=\"og:image:type\" content=\"image\/jpeg\" \/>\n<meta name=\"twitter:card\" content=\"summary_large_image\" \/>\n<meta name=\"twitter:label1\" content=\"Dur\u00e9e de lecture estim\u00e9e\" \/>\n\t<meta name=\"twitter:data1\" content=\"1 minute\" \/>\n<script type=\"application\/ld+json\" class=\"yoast-schema-graph\">{\"@context\":\"https:\/\/schema.org\",\"@graph\":[{\"@type\":\"WebPage\",\"@id\":\"https:\/\/global.southerntower.co.jp\/fr\/meetings\/\",\"url\":\"https:\/\/global.southerntower.co.jp\/fr\/meetings\/\",\"name\":\"R\u00c9UNION | L\u2019Hotel Century Southern Tower | Site Officiel\",\"isPartOf\":{\"@id\":\"https:\/\/global.southerntower.co.jp\/fr\/#website\"},\"primaryImageOfPage\":{\"@id\":\"https:\/\/global.southerntower.co.jp\/fr\/meetings\/#primaryimage\"},\"image\":{\"@id\":\"https:\/\/global.southerntower.co.jp\/fr\/meetings\/#primaryimage\"},\"thumbnailUrl\":\"https:\/\/global.southerntower.co.jp\/wp-content\/uploads\/sites\/41\/2020\/02\/Meeting.jpg\",\"datePublished\":\"2019-09-03T06:10:07+00:00\",\"dateModified\":\"2020-09-28T00:57:15+00:00\",\"breadcrumb\":{\"@id\":\"https:\/\/global.southerntower.co.jp\/fr\/meetings\/#breadcrumb\"},\"inLanguage\":\"fr-FR\",\"potentialAction\":[{\"@type\":\"ReadAction\",\"target\":[\"https:\/\/global.southerntower.co.jp\/fr\/meetings\/\"]}]},{\"@type\":\"ImageObject\",\"inLanguage\":\"fr-FR\",\"@id\":\"https:\/\/global.southerntower.co.jp\/fr\/meetings\/#primaryimage\",\"url\":\"https:\/\/global.southerntower.co.jp\/wp-content\/uploads\/sites\/41\/2020\/02\/Meeting.jpg\",\"contentUrl\":\"https:\/\/global.southerntower.co.jp\/wp-content\/uploads\/sites\/41\/2020\/02\/Meeting.jpg\",\"width\":1744,\"height\":1200},{\"@type\":\"BreadcrumbList\",\"@id\":\"https:\/\/global.southerntower.co.jp\/fr\/meetings\/#breadcrumb\",\"itemListElement\":[{\"@type\":\"ListItem\",\"position\":1,\"name\":\"Home\",\"item\":\"https:\/\/global.southerntower.co.jp\/fr\/\"},{\"@type\":\"ListItem\",\"position\":2,\"name\":\"R\u00c9UNION\"}]},{\"@type\":\"WebSite\",\"@id\":\"https:\/\/global.southerntower.co.jp\/fr\/#website\",\"url\":\"https:\/\/global.southerntower.co.jp\/fr\/\",\"name\":\"L\u2019Hotel Century Southern Tower | Site Officiel\",\"description\":\"Great place to stay in Tokyo, near the shinjuku station,\",\"potentialAction\":[{\"@type\":\"SearchAction\",\"target\":{\"@type\":\"EntryPoint\",\"urlTemplate\":\"https:\/\/global.southerntower.co.jp\/fr\/?s={search_term_string}\"},\"query-input\":\"required name=search_term_string\"}],\"inLanguage\":\"fr-FR\"}]}<\/script>\n<!-- \/ Yoast SEO plugin. -->","yoast_head_json":{"title":"R\u00c9UNION | L\u2019Hotel Century Southern Tower | Site Officiel","robots":{"index":"index","follow":"follow","max-snippet":"max-snippet:-1","max-image-preview":"max-image-preview:large","max-video-preview":"max-video-preview:-1"},"canonical":"https:\/\/global.southerntower.co.jp\/fr\/meetings\/","og_locale":"fr_FR","og_type":"article","og_title":"R\u00c9UNION | L\u2019Hotel Century Southern Tower | Site Officiel","og_description":"Toutes nos salles de r\u00e9ception et de r\u00e9union du 21e \u00e9tage, avec vue panoramique sur le Grand Tokyo, peuvent \u00eatre agrandies ou lou\u00e9es pour r\u00e9pondre aux besoins de vos diverses activit\u00e9s et de la taille de vos groupes. Elles constituent donc, sans aucun doute, le lieu id\u00e9al pour toutes vos r\u00e9unions d&rsquo;affaires et priv\u00e9es, avec [&hellip;]","og_url":"https:\/\/global.southerntower.co.jp\/fr\/meetings\/","og_site_name":"L\u2019Hotel Century Southern Tower | Site Officiel","article_modified_time":"2020-09-28T00:57:15+00:00","og_image":[{"width":1744,"height":1200,"url":"https:\/\/global.southerntower.co.jp\/wp-content\/uploads\/sites\/41\/2020\/02\/Meeting.jpg","type":"image\/jpeg"}],"twitter_card":"summary_large_image","twitter_misc":{"Dur\u00e9e de lecture estim\u00e9e":"1 minute"},"schema":{"@context":"https:\/\/schema.org","@graph":[{"@type":"WebPage","@id":"https:\/\/global.southerntower.co.jp\/fr\/meetings\/","url":"https:\/\/global.southerntower.co.jp\/fr\/meetings\/","name":"R\u00c9UNION | L\u2019Hotel Century Southern Tower | Site Officiel","isPartOf":{"@id":"https:\/\/global.southerntower.co.jp\/fr\/#website"},"primaryImageOfPage":{"@id":"https:\/\/global.southerntower.co.jp\/fr\/meetings\/#primaryimage"},"image":{"@id":"https:\/\/global.southerntower.co.jp\/fr\/meetings\/#primaryimage"},"thumbnailUrl":"https:\/\/global.southerntower.co.jp\/wp-content\/uploads\/sites\/41\/2020\/02\/Meeting.jpg","datePublished":"2019-09-03T06:10:07+00:00","dateModified":"2020-09-28T00:57:15+00:00","breadcrumb":{"@id":"https:\/\/global.southerntower.co.jp\/fr\/meetings\/#breadcrumb"},"inLanguage":"fr-FR","potentialAction":[{"@type":"ReadAction","target":["https:\/\/global.southerntower.co.jp\/fr\/meetings\/"]}]},{"@type":"ImageObject","inLanguage":"fr-FR","@id":"https:\/\/global.southerntower.co.jp\/fr\/meetings\/#primaryimage","url":"https:\/\/global.southerntower.co.jp\/wp-content\/uploads\/sites\/41\/2020\/02\/Meeting.jpg","contentUrl":"https:\/\/global.southerntower.co.jp\/wp-content\/uploads\/sites\/41\/2020\/02\/Meeting.jpg","width":1744,"height":1200},{"@type":"BreadcrumbList","@id":"https:\/\/global.southerntower.co.jp\/fr\/meetings\/#breadcrumb","itemListElement":[{"@type":"ListItem","position":1,"name":"Home","item":"https:\/\/global.southerntower.co.jp\/fr\/"},{"@type":"ListItem","position":2,"name":"R\u00c9UNION"}]},{"@type":"WebSite","@id":"https:\/\/global.southerntower.co.jp\/fr\/#website","url":"https:\/\/global.southerntower.co.jp\/fr\/","name":"L\u2019Hotel Century Southern Tower | Site Officiel","description":"Great place to stay in Tokyo, near the shinjuku station,","potentialAction":[{"@type":"SearchAction","target":{"@type":"EntryPoint","urlTemplate":"https:\/\/global.southerntower.co.jp\/fr\/?s={search_term_string}"},"query-input":"required name=search_term_string"}],"inLanguage":"fr-FR"}]}},"publishpress_future_action":{"enabled":false,"date":"2026-04-13 01:15:36","action":"change-status","newStatus":"draft","terms":[],"taxonomy":"translation_priority"},"_links":{"self":[{"href":"https:\/\/global.southerntower.co.jp\/fr\/wp-json\/wp\/v2\/pages\/2139"}],"collection":[{"href":"https:\/\/global.southerntower.co.jp\/fr\/wp-json\/wp\/v2\/pages"}],"about":[{"href":"https:\/\/global.southerntower.co.jp\/fr\/wp-json\/wp\/v2\/types\/page"}],"author":[{"embeddable":true,"href":"https:\/\/global.southerntower.co.jp\/fr\/wp-json\/wp\/v2\/users\/6"}],"replies":[{"embeddable":true,"href":"https:\/\/global.southerntower.co.jp\/fr\/wp-json\/wp\/v2\/comments?post=2139"}],"version-history":[{"count":0,"href":"https:\/\/global.southerntower.co.jp\/fr\/wp-json\/wp\/v2\/pages\/2139\/revisions"}],"wp:featuredmedia":[{"embeddable":true,"href":"https:\/\/global.southerntower.co.jp\/fr\/wp-json\/wp\/v2\/media\/2141"}],"wp:attachment":[{"href":"https:\/\/global.southerntower.co.jp\/fr\/wp-json\/wp\/v2\/media?parent=2139"}],"curies":[{"name":"wp","href":"https:\/\/api.w.org\/{rel}","templated":true}]}}