{"id":2092,"date":"2019-09-03T07:07:45","date_gmt":"2019-09-02T22:07:45","guid":{"rendered":"https:\/\/global.southerntower.co.jp\/restaurants-and-lounge\/st-dining\/"},"modified":"2020-09-28T09:47:53","modified_gmt":"2020-09-28T00:47:53","slug":"st-dining","status":"publish","type":"page","link":"https:\/\/global.southerntower.co.jp\/fr\/restaurants-and-lounge\/st-dining\/","title":{"rendered":"SOUTHERN TOWER DINING"},"content":{"rendered":"<p><a href=\"\/breakfast\">Petit d\u00e9jeuner<\/a><br \/>\n<a href=\"\/bar-pickup-menu\">Menu de retrait au BAR<\/a><br \/>\n<a href=\"https:\/\/century-southern-tower.ms.decms.asia\/restaurants-and-lounge\/st-dining\/restaurant-pickup-menu\/\">Menu de retrait au RESTAURANT<\/a><\/p>\n<p>Le concept du restaurant est le suivant : \u00ab Profitez d&rsquo;une exp\u00e9rience culinaire agr\u00e9able tout en profitant de la vue panoramique \u00bb.<br \/>\nLe \u00ab Bar \u00bb et le \u00ab Restaurant \u00bb du Southern Tower Dining offrent une exp\u00e9rience culinaire particuli\u00e8rement dynamique et un accueil chaleureux, avec des vues panoramiques spectaculaires sur la ligne d&rsquo;horizon du Grand Tokyo-Shinjuku, accentu\u00e9es par notre cuisine ouverte tr\u00e8s anim\u00e9e.<br \/>\nNous proposons un large \u00e9ventail de menus pour le petit d\u00e9jeuner, le d\u00e9jeuner et le d\u00eener afin de r\u00e9pondre \u00e0 tous vos besoins.<\/p>\n<p>Si\u00e8ges * Non-fumeurs<br \/>\nBAR 67<br \/>\nRESTAURANT 55<\/p>\n<p>Plus d&rsquo;informations et r\u00e9servations au +81 3 5354 2177<\/p>\n","protected":false},"excerpt":{"rendered":"<p>Petit d\u00e9jeuner Menu de retrait au BAR Menu de retrait au RESTAURANT Le concept du restaurant est le suivant : \u00ab Profitez d&rsquo;une exp\u00e9rience culinaire agr\u00e9able tout en profitant de la vue panoramique \u00bb. Le \u00ab Bar \u00bb et le \u00ab Restaurant \u00bb du Southern Tower Dining offrent une exp\u00e9rience culinaire particuli\u00e8rement dynamique et un [&hellip;]<\/p>\n","protected":false},"author":6,"featured_media":0,"parent":2090,"menu_order":10,"comment_status":"closed","ping_status":"closed","template":"template-sigle-restaurant.php","meta":{"footnotes":""},"acf":[],"yoast_head":"<!-- This site is optimized with the Yoast SEO plugin v22.3 - https:\/\/yoast.com\/wordpress\/plugins\/seo\/ -->\n<title>SOUTHERN TOWER DINING | L\u2019Hotel Century Southern Tower | Site Officiel<\/title>\n<meta name=\"robots\" content=\"index, follow, max-snippet:-1, max-image-preview:large, max-video-preview:-1\" \/>\n<link rel=\"canonical\" href=\"https:\/\/global.southerntower.co.jp\/fr\/restaurants-and-lounge\/st-dining\/\" \/>\n<meta property=\"og:locale\" content=\"fr_FR\" \/>\n<meta property=\"og:type\" content=\"article\" \/>\n<meta property=\"og:title\" content=\"SOUTHERN TOWER DINING | L\u2019Hotel Century Southern Tower | Site Officiel\" \/>\n<meta property=\"og:description\" content=\"Petit d\u00e9jeuner Menu de retrait au BAR Menu de retrait au RESTAURANT Le concept du restaurant est le suivant : \u00ab Profitez d&rsquo;une exp\u00e9rience culinaire agr\u00e9able tout en profitant de la vue panoramique \u00bb. Le \u00ab Bar \u00bb et le \u00ab Restaurant \u00bb du Southern Tower Dining offrent une exp\u00e9rience culinaire particuli\u00e8rement dynamique et un [&hellip;]\" \/>\n<meta property=\"og:url\" content=\"https:\/\/global.southerntower.co.jp\/fr\/restaurants-and-lounge\/st-dining\/\" \/>\n<meta property=\"og:site_name\" content=\"L\u2019Hotel Century Southern Tower | Site Officiel\" \/>\n<meta property=\"article:modified_time\" content=\"2020-09-28T00:47:53+00:00\" \/>\n<meta name=\"twitter:card\" content=\"summary_large_image\" \/>\n<meta name=\"twitter:label1\" content=\"Dur\u00e9e de lecture estim\u00e9e\" \/>\n\t<meta name=\"twitter:data1\" content=\"1 minute\" \/>\n<script type=\"application\/ld+json\" class=\"yoast-schema-graph\">{\"@context\":\"https:\/\/schema.org\",\"@graph\":[{\"@type\":\"WebPage\",\"@id\":\"https:\/\/global.southerntower.co.jp\/fr\/restaurants-and-lounge\/st-dining\/\",\"url\":\"https:\/\/global.southerntower.co.jp\/fr\/restaurants-and-lounge\/st-dining\/\",\"name\":\"SOUTHERN TOWER DINING | L\u2019Hotel Century Southern Tower | Site Officiel\",\"isPartOf\":{\"@id\":\"https:\/\/global.southerntower.co.jp\/fr\/#website\"},\"datePublished\":\"2019-09-02T22:07:45+00:00\",\"dateModified\":\"2020-09-28T00:47:53+00:00\",\"breadcrumb\":{\"@id\":\"https:\/\/global.southerntower.co.jp\/fr\/restaurants-and-lounge\/st-dining\/#breadcrumb\"},\"inLanguage\":\"fr-FR\",\"potentialAction\":[{\"@type\":\"ReadAction\",\"target\":[\"https:\/\/global.southerntower.co.jp\/fr\/restaurants-and-lounge\/st-dining\/\"]}]},{\"@type\":\"BreadcrumbList\",\"@id\":\"https:\/\/global.southerntower.co.jp\/fr\/restaurants-and-lounge\/st-dining\/#breadcrumb\",\"itemListElement\":[{\"@type\":\"ListItem\",\"position\":1,\"name\":\"Home\",\"item\":\"https:\/\/global.southerntower.co.jp\/fr\/\"},{\"@type\":\"ListItem\",\"position\":2,\"name\":\"RESTAURANTS ET SALON\",\"item\":\"https:\/\/global.southerntower.co.jp\/fr\/restaurants-and-lounge\/\"},{\"@type\":\"ListItem\",\"position\":3,\"name\":\"SOUTHERN TOWER DINING\"}]},{\"@type\":\"WebSite\",\"@id\":\"https:\/\/global.southerntower.co.jp\/fr\/#website\",\"url\":\"https:\/\/global.southerntower.co.jp\/fr\/\",\"name\":\"L\u2019Hotel Century Southern Tower | Site Officiel\",\"description\":\"Great place to stay in Tokyo, near the shinjuku station,\",\"potentialAction\":[{\"@type\":\"SearchAction\",\"target\":{\"@type\":\"EntryPoint\",\"urlTemplate\":\"https:\/\/global.southerntower.co.jp\/fr\/?s={search_term_string}\"},\"query-input\":\"required name=search_term_string\"}],\"inLanguage\":\"fr-FR\"}]}<\/script>\n<!-- \/ Yoast SEO plugin. -->","yoast_head_json":{"title":"SOUTHERN TOWER DINING | L\u2019Hotel Century Southern Tower | Site Officiel","robots":{"index":"index","follow":"follow","max-snippet":"max-snippet:-1","max-image-preview":"max-image-preview:large","max-video-preview":"max-video-preview:-1"},"canonical":"https:\/\/global.southerntower.co.jp\/fr\/restaurants-and-lounge\/st-dining\/","og_locale":"fr_FR","og_type":"article","og_title":"SOUTHERN TOWER DINING | L\u2019Hotel Century Southern Tower | Site Officiel","og_description":"Petit d\u00e9jeuner Menu de retrait au BAR Menu de retrait au RESTAURANT Le concept du restaurant est le suivant : \u00ab Profitez d&rsquo;une exp\u00e9rience culinaire agr\u00e9able tout en profitant de la vue panoramique \u00bb. Le \u00ab Bar \u00bb et le \u00ab Restaurant \u00bb du Southern Tower Dining offrent une exp\u00e9rience culinaire particuli\u00e8rement dynamique et un [&hellip;]","og_url":"https:\/\/global.southerntower.co.jp\/fr\/restaurants-and-lounge\/st-dining\/","og_site_name":"L\u2019Hotel Century Southern Tower | Site Officiel","article_modified_time":"2020-09-28T00:47:53+00:00","twitter_card":"summary_large_image","twitter_misc":{"Dur\u00e9e de lecture estim\u00e9e":"1 minute"},"schema":{"@context":"https:\/\/schema.org","@graph":[{"@type":"WebPage","@id":"https:\/\/global.southerntower.co.jp\/fr\/restaurants-and-lounge\/st-dining\/","url":"https:\/\/global.southerntower.co.jp\/fr\/restaurants-and-lounge\/st-dining\/","name":"SOUTHERN TOWER DINING | L\u2019Hotel Century Southern Tower | Site Officiel","isPartOf":{"@id":"https:\/\/global.southerntower.co.jp\/fr\/#website"},"datePublished":"2019-09-02T22:07:45+00:00","dateModified":"2020-09-28T00:47:53+00:00","breadcrumb":{"@id":"https:\/\/global.southerntower.co.jp\/fr\/restaurants-and-lounge\/st-dining\/#breadcrumb"},"inLanguage":"fr-FR","potentialAction":[{"@type":"ReadAction","target":["https:\/\/global.southerntower.co.jp\/fr\/restaurants-and-lounge\/st-dining\/"]}]},{"@type":"BreadcrumbList","@id":"https:\/\/global.southerntower.co.jp\/fr\/restaurants-and-lounge\/st-dining\/#breadcrumb","itemListElement":[{"@type":"ListItem","position":1,"name":"Home","item":"https:\/\/global.southerntower.co.jp\/fr\/"},{"@type":"ListItem","position":2,"name":"RESTAURANTS ET SALON","item":"https:\/\/global.southerntower.co.jp\/fr\/restaurants-and-lounge\/"},{"@type":"ListItem","position":3,"name":"SOUTHERN TOWER DINING"}]},{"@type":"WebSite","@id":"https:\/\/global.southerntower.co.jp\/fr\/#website","url":"https:\/\/global.southerntower.co.jp\/fr\/","name":"L\u2019Hotel Century Southern Tower | Site Officiel","description":"Great place to stay in Tokyo, near the shinjuku station,","potentialAction":[{"@type":"SearchAction","target":{"@type":"EntryPoint","urlTemplate":"https:\/\/global.southerntower.co.jp\/fr\/?s={search_term_string}"},"query-input":"required name=search_term_string"}],"inLanguage":"fr-FR"}]}},"publishpress_future_action":{"enabled":false,"date":"2026-04-26 22:05:46","action":"change-status","newStatus":"draft","terms":[],"taxonomy":"translation_priority"},"_links":{"self":[{"href":"https:\/\/global.southerntower.co.jp\/fr\/wp-json\/wp\/v2\/pages\/2092"}],"collection":[{"href":"https:\/\/global.southerntower.co.jp\/fr\/wp-json\/wp\/v2\/pages"}],"about":[{"href":"https:\/\/global.southerntower.co.jp\/fr\/wp-json\/wp\/v2\/types\/page"}],"author":[{"embeddable":true,"href":"https:\/\/global.southerntower.co.jp\/fr\/wp-json\/wp\/v2\/users\/6"}],"replies":[{"embeddable":true,"href":"https:\/\/global.southerntower.co.jp\/fr\/wp-json\/wp\/v2\/comments?post=2092"}],"version-history":[{"count":0,"href":"https:\/\/global.southerntower.co.jp\/fr\/wp-json\/wp\/v2\/pages\/2092\/revisions"}],"up":[{"embeddable":true,"href":"https:\/\/global.southerntower.co.jp\/fr\/wp-json\/wp\/v2\/pages\/2090"}],"wp:attachment":[{"href":"https:\/\/global.southerntower.co.jp\/fr\/wp-json\/wp\/v2\/media?parent=2092"}],"curies":[{"name":"wp","href":"https:\/\/api.w.org\/{rel}","templated":true}]}}