{"id":2090,"date":"2019-09-03T06:09:24","date_gmt":"2019-09-03T06:09:24","guid":{"rendered":"https:\/\/global.southerntower.co.jp\/restaurants-and-lounge\/"},"modified":"2024-09-11T10:22:31","modified_gmt":"2024-09-11T01:22:31","slug":"restaurants-and-lounge","status":"publish","type":"page","link":"https:\/\/global.southerntower.co.jp\/fr\/restaurants-and-lounge\/","title":{"rendered":"RESTAURANTS ET SALON"},"content":{"rendered":"<p>D\u00e9couvrez les d\u00e9lices de saison servis avec une vue imprenable sur Tokyo et passez des moments inoubliables pour toutes les occasions gr\u00e2ce \u00e0 la cuisine somptueuse de nos restaurants ou d\u00e9tendez-vous dans notre salon, le tout \u00e0 100\u00a0m\u00e8tres au-dessus du sol.<\/p>\n","protected":false},"excerpt":{"rendered":"<p>D\u00e9couvrez les d\u00e9lices de saison servis avec une vue imprenable sur Tokyo et passez des moments inoubliables pour toutes les occasions gr\u00e2ce \u00e0 la cuisine somptueuse de nos restaurants ou d\u00e9tendez-vous dans notre salon, le tout \u00e0 100\u00a0m\u00e8tres au-dessus du sol.<\/p>\n","protected":false},"author":6,"featured_media":2091,"parent":0,"menu_order":500,"comment_status":"closed","ping_status":"closed","template":"template-restaurants.php","meta":{"footnotes":""},"acf":[],"yoast_head":"<!-- This site is optimized with the Yoast SEO plugin v22.3 - https:\/\/yoast.com\/wordpress\/plugins\/seo\/ -->\n<title>RESTAURANTS ET SALON | L\u2019Hotel Century Southern Tower | Site Officiel<\/title>\n<meta name=\"description\" content=\"D\u00e9couvrez les d\u00e9lices de saison servis avec une vue imprenable sur Tokyo et passez des moments inoubliables pour toutes les occasions gr\u00e2ce \u00e0 la cuisine somptueuse de nos restaurants ou d\u00e9tendez-vous dans notre salon, le tout \u00e0 100\u00a0m\u00e8tres au-dessus du sol.\" \/>\n<meta name=\"robots\" content=\"index, follow, max-snippet:-1, max-image-preview:large, max-video-preview:-1\" \/>\n<link rel=\"canonical\" href=\"https:\/\/global.southerntower.co.jp\/fr\/restaurants-and-lounge\/\" \/>\n<meta property=\"og:locale\" content=\"fr_FR\" \/>\n<meta property=\"og:type\" content=\"article\" \/>\n<meta property=\"og:title\" content=\"RESTAURANTS ET SALON | L\u2019Hotel Century Southern Tower | Site Officiel\" \/>\n<meta property=\"og:description\" content=\"D\u00e9couvrez les d\u00e9lices de saison servis avec une vue imprenable sur Tokyo et passez des moments inoubliables pour toutes les occasions gr\u00e2ce \u00e0 la cuisine somptueuse de nos restaurants ou d\u00e9tendez-vous dans notre salon, le tout \u00e0 100\u00a0m\u00e8tres au-dessus du sol.\" \/>\n<meta property=\"og:url\" content=\"https:\/\/global.southerntower.co.jp\/fr\/restaurants-and-lounge\/\" \/>\n<meta property=\"og:site_name\" content=\"L\u2019Hotel Century Southern Tower | Site Officiel\" \/>\n<meta property=\"article:modified_time\" content=\"2024-09-11T01:22:31+00:00\" \/>\n<meta property=\"og:image\" content=\"https:\/\/global.southerntower.co.jp\/wp-content\/uploads\/sites\/41\/2019\/11\/RestaurantsLounge-1.jpg\" \/>\n\t<meta property=\"og:image:width\" content=\"2200\" \/>\n\t<meta property=\"og:image:height\" content=\"1200\" \/>\n\t<meta property=\"og:image:type\" content=\"image\/jpeg\" \/>\n<meta name=\"twitter:card\" content=\"summary_large_image\" \/>\n<script type=\"application\/ld+json\" class=\"yoast-schema-graph\">{\"@context\":\"https:\/\/schema.org\",\"@graph\":[{\"@type\":\"WebPage\",\"@id\":\"https:\/\/global.southerntower.co.jp\/fr\/restaurants-and-lounge\/\",\"url\":\"https:\/\/global.southerntower.co.jp\/fr\/restaurants-and-lounge\/\",\"name\":\"RESTAURANTS ET SALON | L\u2019Hotel Century Southern Tower | Site Officiel\",\"isPartOf\":{\"@id\":\"https:\/\/global.southerntower.co.jp\/fr\/#website\"},\"primaryImageOfPage\":{\"@id\":\"https:\/\/global.southerntower.co.jp\/fr\/restaurants-and-lounge\/#primaryimage\"},\"image\":{\"@id\":\"https:\/\/global.southerntower.co.jp\/fr\/restaurants-and-lounge\/#primaryimage\"},\"thumbnailUrl\":\"https:\/\/global.southerntower.co.jp\/wp-content\/uploads\/sites\/41\/2019\/11\/RestaurantsLounge-1.jpg\",\"datePublished\":\"2019-09-03T06:09:24+00:00\",\"dateModified\":\"2024-09-11T01:22:31+00:00\",\"description\":\"D\u00e9couvrez les d\u00e9lices de saison servis avec une vue imprenable sur Tokyo et passez des moments inoubliables pour toutes les occasions gr\u00e2ce \u00e0 la cuisine somptueuse de nos restaurants ou d\u00e9tendez-vous dans notre salon, le tout \u00e0 100\u00a0m\u00e8tres au-dessus du sol.\",\"breadcrumb\":{\"@id\":\"https:\/\/global.southerntower.co.jp\/fr\/restaurants-and-lounge\/#breadcrumb\"},\"inLanguage\":\"fr-FR\",\"potentialAction\":[{\"@type\":\"ReadAction\",\"target\":[\"https:\/\/global.southerntower.co.jp\/fr\/restaurants-and-lounge\/\"]}]},{\"@type\":\"ImageObject\",\"inLanguage\":\"fr-FR\",\"@id\":\"https:\/\/global.southerntower.co.jp\/fr\/restaurants-and-lounge\/#primaryimage\",\"url\":\"https:\/\/global.southerntower.co.jp\/wp-content\/uploads\/sites\/41\/2019\/11\/RestaurantsLounge-1.jpg\",\"contentUrl\":\"https:\/\/global.southerntower.co.jp\/wp-content\/uploads\/sites\/41\/2019\/11\/RestaurantsLounge-1.jpg\",\"width\":2200,\"height\":1200},{\"@type\":\"BreadcrumbList\",\"@id\":\"https:\/\/global.southerntower.co.jp\/fr\/restaurants-and-lounge\/#breadcrumb\",\"itemListElement\":[{\"@type\":\"ListItem\",\"position\":1,\"name\":\"Home\",\"item\":\"https:\/\/global.southerntower.co.jp\/fr\/\"},{\"@type\":\"ListItem\",\"position\":2,\"name\":\"RESTAURANTS ET SALON\"}]},{\"@type\":\"WebSite\",\"@id\":\"https:\/\/global.southerntower.co.jp\/fr\/#website\",\"url\":\"https:\/\/global.southerntower.co.jp\/fr\/\",\"name\":\"L\u2019Hotel Century Southern Tower | Site Officiel\",\"description\":\"Great place to stay in Tokyo, near the shinjuku station,\",\"potentialAction\":[{\"@type\":\"SearchAction\",\"target\":{\"@type\":\"EntryPoint\",\"urlTemplate\":\"https:\/\/global.southerntower.co.jp\/fr\/?s={search_term_string}\"},\"query-input\":\"required name=search_term_string\"}],\"inLanguage\":\"fr-FR\"}]}<\/script>\n<!-- \/ Yoast SEO plugin. -->","yoast_head_json":{"title":"RESTAURANTS ET SALON | L\u2019Hotel Century Southern Tower | Site Officiel","description":"D\u00e9couvrez les d\u00e9lices de saison servis avec une vue imprenable sur Tokyo et passez des moments inoubliables pour toutes les occasions gr\u00e2ce \u00e0 la cuisine somptueuse de nos restaurants ou d\u00e9tendez-vous dans notre salon, le tout \u00e0 100\u00a0m\u00e8tres au-dessus du sol.","robots":{"index":"index","follow":"follow","max-snippet":"max-snippet:-1","max-image-preview":"max-image-preview:large","max-video-preview":"max-video-preview:-1"},"canonical":"https:\/\/global.southerntower.co.jp\/fr\/restaurants-and-lounge\/","og_locale":"fr_FR","og_type":"article","og_title":"RESTAURANTS ET SALON | L\u2019Hotel Century Southern Tower | Site Officiel","og_description":"D\u00e9couvrez les d\u00e9lices de saison servis avec une vue imprenable sur Tokyo et passez des moments inoubliables pour toutes les occasions gr\u00e2ce \u00e0 la cuisine somptueuse de nos restaurants ou d\u00e9tendez-vous dans notre salon, le tout \u00e0 100\u00a0m\u00e8tres au-dessus du sol.","og_url":"https:\/\/global.southerntower.co.jp\/fr\/restaurants-and-lounge\/","og_site_name":"L\u2019Hotel Century Southern Tower | Site Officiel","article_modified_time":"2024-09-11T01:22:31+00:00","og_image":[{"width":2200,"height":1200,"url":"https:\/\/global.southerntower.co.jp\/wp-content\/uploads\/sites\/41\/2019\/11\/RestaurantsLounge-1.jpg","type":"image\/jpeg"}],"twitter_card":"summary_large_image","schema":{"@context":"https:\/\/schema.org","@graph":[{"@type":"WebPage","@id":"https:\/\/global.southerntower.co.jp\/fr\/restaurants-and-lounge\/","url":"https:\/\/global.southerntower.co.jp\/fr\/restaurants-and-lounge\/","name":"RESTAURANTS ET SALON | L\u2019Hotel Century Southern Tower | Site Officiel","isPartOf":{"@id":"https:\/\/global.southerntower.co.jp\/fr\/#website"},"primaryImageOfPage":{"@id":"https:\/\/global.southerntower.co.jp\/fr\/restaurants-and-lounge\/#primaryimage"},"image":{"@id":"https:\/\/global.southerntower.co.jp\/fr\/restaurants-and-lounge\/#primaryimage"},"thumbnailUrl":"https:\/\/global.southerntower.co.jp\/wp-content\/uploads\/sites\/41\/2019\/11\/RestaurantsLounge-1.jpg","datePublished":"2019-09-03T06:09:24+00:00","dateModified":"2024-09-11T01:22:31+00:00","description":"D\u00e9couvrez les d\u00e9lices de saison servis avec une vue imprenable sur Tokyo et passez des moments inoubliables pour toutes les occasions gr\u00e2ce \u00e0 la cuisine somptueuse de nos restaurants ou d\u00e9tendez-vous dans notre salon, le tout \u00e0 100\u00a0m\u00e8tres au-dessus du sol.","breadcrumb":{"@id":"https:\/\/global.southerntower.co.jp\/fr\/restaurants-and-lounge\/#breadcrumb"},"inLanguage":"fr-FR","potentialAction":[{"@type":"ReadAction","target":["https:\/\/global.southerntower.co.jp\/fr\/restaurants-and-lounge\/"]}]},{"@type":"ImageObject","inLanguage":"fr-FR","@id":"https:\/\/global.southerntower.co.jp\/fr\/restaurants-and-lounge\/#primaryimage","url":"https:\/\/global.southerntower.co.jp\/wp-content\/uploads\/sites\/41\/2019\/11\/RestaurantsLounge-1.jpg","contentUrl":"https:\/\/global.southerntower.co.jp\/wp-content\/uploads\/sites\/41\/2019\/11\/RestaurantsLounge-1.jpg","width":2200,"height":1200},{"@type":"BreadcrumbList","@id":"https:\/\/global.southerntower.co.jp\/fr\/restaurants-and-lounge\/#breadcrumb","itemListElement":[{"@type":"ListItem","position":1,"name":"Home","item":"https:\/\/global.southerntower.co.jp\/fr\/"},{"@type":"ListItem","position":2,"name":"RESTAURANTS ET SALON"}]},{"@type":"WebSite","@id":"https:\/\/global.southerntower.co.jp\/fr\/#website","url":"https:\/\/global.southerntower.co.jp\/fr\/","name":"L\u2019Hotel Century Southern Tower | Site Officiel","description":"Great place to stay in Tokyo, near the shinjuku station,","potentialAction":[{"@type":"SearchAction","target":{"@type":"EntryPoint","urlTemplate":"https:\/\/global.southerntower.co.jp\/fr\/?s={search_term_string}"},"query-input":"required name=search_term_string"}],"inLanguage":"fr-FR"}]}},"publishpress_future_action":{"enabled":false,"date":"2026-04-17 01:15:51","action":"change-status","newStatus":"draft","terms":[],"taxonomy":"translation_priority"},"_links":{"self":[{"href":"https:\/\/global.southerntower.co.jp\/fr\/wp-json\/wp\/v2\/pages\/2090"}],"collection":[{"href":"https:\/\/global.southerntower.co.jp\/fr\/wp-json\/wp\/v2\/pages"}],"about":[{"href":"https:\/\/global.southerntower.co.jp\/fr\/wp-json\/wp\/v2\/types\/page"}],"author":[{"embeddable":true,"href":"https:\/\/global.southerntower.co.jp\/fr\/wp-json\/wp\/v2\/users\/6"}],"replies":[{"embeddable":true,"href":"https:\/\/global.southerntower.co.jp\/fr\/wp-json\/wp\/v2\/comments?post=2090"}],"version-history":[{"count":0,"href":"https:\/\/global.southerntower.co.jp\/fr\/wp-json\/wp\/v2\/pages\/2090\/revisions"}],"wp:featuredmedia":[{"embeddable":true,"href":"https:\/\/global.southerntower.co.jp\/fr\/wp-json\/wp\/v2\/media\/2091"}],"wp:attachment":[{"href":"https:\/\/global.southerntower.co.jp\/fr\/wp-json\/wp\/v2\/media?parent=2090"}],"curies":[{"name":"wp","href":"https:\/\/api.w.org\/{rel}","templated":true}]}}