{"id":2087,"date":"2019-11-05T15:49:57","date_gmt":"2019-11-05T06:49:57","guid":{"rendered":"https:\/\/global.southerntower.co.jp\/rooms\/248-2\/"},"modified":"2020-09-28T09:45:52","modified_gmt":"2020-09-28T00:45:52","slug":"248-2","status":"publish","type":"page","link":"https:\/\/global.southerntower.co.jp\/fr\/rooms\/248-2\/","title":{"rendered":"CHAMBRES EX\u00c9CUTIVES"},"content":{"rendered":"<p>Situ\u00e9es au 35e\u00a0\u00e9tage, \u00e9tage le plus \u00e9lev\u00e9 de l&rsquo;h\u00f4tel, les deux chambres ex\u00e9cutives sont les plus luxueuses de nos 375\u00a0chambres<\/p>\n<p>La chambre double ex\u00e9cutive est de 70\u00a0\u33a1 tandis que la chambre ex\u00e9cutive avec lits jumeaux est de 80\u00a0\u33a1. Chacune de ces deux chambres ex\u00e9cutives dispose de fen\u00eatres extra-larges o\u00f9 les clients peuvent profiter de vues panoramiques majestueuses sur Tokyo. La beaut\u00e9 des vues de jour et de nuit depuis les chambres vous coupera le souffle. Les chambres ex\u00e9cutives sont chacune \u00e9quip\u00e9es d&rsquo;un coin salon et d&rsquo;un bureau de travail s\u00e9par\u00e9s.<\/p>\n<p>Pour votre confort et votre plaisir, les chambres ex\u00e9cutives disposent \u00e9galement de salles de bain tr\u00e8s spacieuses avec une baignoire s\u00e9par\u00e9e et une cabine de douche int\u00e9gr\u00e9e dans une enceinte vitr\u00e9e. Les clients ne manqueront jamais de contempler la vue sur Tokyo et ses environs. Laissez-vous simplement s\u00e9duire par la vue imprenable sur Tokyo depuis la fen\u00eatre de la salle de bain.<\/p>\n<p>Les r\u00e9servations de chambres ex\u00e9cutives seront trait\u00e9es par t\u00e9l\u00e9phone.<\/p>\n","protected":false},"excerpt":{"rendered":"<p>Situ\u00e9es au 35e\u00a0\u00e9tage, \u00e9tage le plus \u00e9lev\u00e9 de l&rsquo;h\u00f4tel, les deux chambres ex\u00e9cutives sont les plus luxueuses de nos 375\u00a0chambres La chambre double ex\u00e9cutive est de 70\u00a0\u33a1 tandis que la chambre ex\u00e9cutive avec lits jumeaux est de 80\u00a0\u33a1. Chacune de ces deux chambres ex\u00e9cutives dispose de fen\u00eatres extra-larges o\u00f9 les clients peuvent profiter de vues [&hellip;]<\/p>\n","protected":false},"author":6,"featured_media":0,"parent":2057,"menu_order":50,"comment_status":"closed","ping_status":"closed","template":"template-single-room.php","meta":{"footnotes":""},"acf":[],"yoast_head":"<!-- This site is optimized with the Yoast SEO plugin v22.3 - https:\/\/yoast.com\/wordpress\/plugins\/seo\/ -->\n<title>CHAMBRES EX\u00c9CUTIVES | L\u2019Hotel Century Southern Tower | Site Officiel<\/title>\n<meta name=\"robots\" content=\"index, follow, max-snippet:-1, max-image-preview:large, max-video-preview:-1\" \/>\n<link rel=\"canonical\" href=\"https:\/\/global.southerntower.co.jp\/fr\/rooms\/248-2\/\" \/>\n<meta property=\"og:locale\" content=\"fr_FR\" \/>\n<meta property=\"og:type\" content=\"article\" \/>\n<meta property=\"og:title\" content=\"CHAMBRES EX\u00c9CUTIVES | L\u2019Hotel Century Southern Tower | Site Officiel\" \/>\n<meta property=\"og:description\" content=\"Situ\u00e9es au 35e\u00a0\u00e9tage, \u00e9tage le plus \u00e9lev\u00e9 de l&rsquo;h\u00f4tel, les deux chambres ex\u00e9cutives sont les plus luxueuses de nos 375\u00a0chambres La chambre double ex\u00e9cutive est de 70\u00a0\u33a1 tandis que la chambre ex\u00e9cutive avec lits jumeaux est de 80\u00a0\u33a1. Chacune de ces deux chambres ex\u00e9cutives dispose de fen\u00eatres extra-larges o\u00f9 les clients peuvent profiter de vues [&hellip;]\" \/>\n<meta property=\"og:url\" content=\"https:\/\/global.southerntower.co.jp\/fr\/rooms\/248-2\/\" \/>\n<meta property=\"og:site_name\" content=\"L\u2019Hotel Century Southern Tower | Site Officiel\" \/>\n<meta property=\"article:modified_time\" content=\"2020-09-28T00:45:52+00:00\" \/>\n<meta name=\"twitter:card\" content=\"summary_large_image\" \/>\n<meta name=\"twitter:label1\" content=\"Dur\u00e9e de lecture estim\u00e9e\" \/>\n\t<meta name=\"twitter:data1\" content=\"1 minute\" \/>\n<script type=\"application\/ld+json\" class=\"yoast-schema-graph\">{\"@context\":\"https:\/\/schema.org\",\"@graph\":[{\"@type\":\"WebPage\",\"@id\":\"https:\/\/global.southerntower.co.jp\/fr\/rooms\/248-2\/\",\"url\":\"https:\/\/global.southerntower.co.jp\/fr\/rooms\/248-2\/\",\"name\":\"CHAMBRES EX\u00c9CUTIVES | L\u2019Hotel Century Southern Tower | Site Officiel\",\"isPartOf\":{\"@id\":\"https:\/\/global.southerntower.co.jp\/fr\/#website\"},\"datePublished\":\"2019-11-05T06:49:57+00:00\",\"dateModified\":\"2020-09-28T00:45:52+00:00\",\"breadcrumb\":{\"@id\":\"https:\/\/global.southerntower.co.jp\/fr\/rooms\/248-2\/#breadcrumb\"},\"inLanguage\":\"fr-FR\",\"potentialAction\":[{\"@type\":\"ReadAction\",\"target\":[\"https:\/\/global.southerntower.co.jp\/fr\/rooms\/248-2\/\"]}]},{\"@type\":\"BreadcrumbList\",\"@id\":\"https:\/\/global.southerntower.co.jp\/fr\/rooms\/248-2\/#breadcrumb\",\"itemListElement\":[{\"@type\":\"ListItem\",\"position\":1,\"name\":\"Home\",\"item\":\"https:\/\/global.southerntower.co.jp\/fr\/\"},{\"@type\":\"ListItem\",\"position\":2,\"name\":\"CHAMBRES\",\"item\":\"https:\/\/global.southerntower.co.jp\/fr\/rooms\/\"},{\"@type\":\"ListItem\",\"position\":3,\"name\":\"CHAMBRES EX\u00c9CUTIVES\"}]},{\"@type\":\"WebSite\",\"@id\":\"https:\/\/global.southerntower.co.jp\/fr\/#website\",\"url\":\"https:\/\/global.southerntower.co.jp\/fr\/\",\"name\":\"L\u2019Hotel Century Southern Tower | Site Officiel\",\"description\":\"Great place to stay in Tokyo, near the shinjuku station,\",\"potentialAction\":[{\"@type\":\"SearchAction\",\"target\":{\"@type\":\"EntryPoint\",\"urlTemplate\":\"https:\/\/global.southerntower.co.jp\/fr\/?s={search_term_string}\"},\"query-input\":\"required name=search_term_string\"}],\"inLanguage\":\"fr-FR\"}]}<\/script>\n<!-- \/ Yoast SEO plugin. -->","yoast_head_json":{"title":"CHAMBRES EX\u00c9CUTIVES | L\u2019Hotel Century Southern Tower | Site Officiel","robots":{"index":"index","follow":"follow","max-snippet":"max-snippet:-1","max-image-preview":"max-image-preview:large","max-video-preview":"max-video-preview:-1"},"canonical":"https:\/\/global.southerntower.co.jp\/fr\/rooms\/248-2\/","og_locale":"fr_FR","og_type":"article","og_title":"CHAMBRES EX\u00c9CUTIVES | L\u2019Hotel Century Southern Tower | Site Officiel","og_description":"Situ\u00e9es au 35e\u00a0\u00e9tage, \u00e9tage le plus \u00e9lev\u00e9 de l&rsquo;h\u00f4tel, les deux chambres ex\u00e9cutives sont les plus luxueuses de nos 375\u00a0chambres La chambre double ex\u00e9cutive est de 70\u00a0\u33a1 tandis que la chambre ex\u00e9cutive avec lits jumeaux est de 80\u00a0\u33a1. Chacune de ces deux chambres ex\u00e9cutives dispose de fen\u00eatres extra-larges o\u00f9 les clients peuvent profiter de vues [&hellip;]","og_url":"https:\/\/global.southerntower.co.jp\/fr\/rooms\/248-2\/","og_site_name":"L\u2019Hotel Century Southern Tower | Site Officiel","article_modified_time":"2020-09-28T00:45:52+00:00","twitter_card":"summary_large_image","twitter_misc":{"Dur\u00e9e de lecture estim\u00e9e":"1 minute"},"schema":{"@context":"https:\/\/schema.org","@graph":[{"@type":"WebPage","@id":"https:\/\/global.southerntower.co.jp\/fr\/rooms\/248-2\/","url":"https:\/\/global.southerntower.co.jp\/fr\/rooms\/248-2\/","name":"CHAMBRES EX\u00c9CUTIVES | L\u2019Hotel Century Southern Tower | Site Officiel","isPartOf":{"@id":"https:\/\/global.southerntower.co.jp\/fr\/#website"},"datePublished":"2019-11-05T06:49:57+00:00","dateModified":"2020-09-28T00:45:52+00:00","breadcrumb":{"@id":"https:\/\/global.southerntower.co.jp\/fr\/rooms\/248-2\/#breadcrumb"},"inLanguage":"fr-FR","potentialAction":[{"@type":"ReadAction","target":["https:\/\/global.southerntower.co.jp\/fr\/rooms\/248-2\/"]}]},{"@type":"BreadcrumbList","@id":"https:\/\/global.southerntower.co.jp\/fr\/rooms\/248-2\/#breadcrumb","itemListElement":[{"@type":"ListItem","position":1,"name":"Home","item":"https:\/\/global.southerntower.co.jp\/fr\/"},{"@type":"ListItem","position":2,"name":"CHAMBRES","item":"https:\/\/global.southerntower.co.jp\/fr\/rooms\/"},{"@type":"ListItem","position":3,"name":"CHAMBRES EX\u00c9CUTIVES"}]},{"@type":"WebSite","@id":"https:\/\/global.southerntower.co.jp\/fr\/#website","url":"https:\/\/global.southerntower.co.jp\/fr\/","name":"L\u2019Hotel Century Southern Tower | Site Officiel","description":"Great place to stay in Tokyo, near the shinjuku station,","potentialAction":[{"@type":"SearchAction","target":{"@type":"EntryPoint","urlTemplate":"https:\/\/global.southerntower.co.jp\/fr\/?s={search_term_string}"},"query-input":"required name=search_term_string"}],"inLanguage":"fr-FR"}]}},"publishpress_future_action":{"enabled":false,"date":"2026-04-11 21:25:30","action":"change-status","newStatus":"draft","terms":[],"taxonomy":"translation_priority"},"_links":{"self":[{"href":"https:\/\/global.southerntower.co.jp\/fr\/wp-json\/wp\/v2\/pages\/2087"}],"collection":[{"href":"https:\/\/global.southerntower.co.jp\/fr\/wp-json\/wp\/v2\/pages"}],"about":[{"href":"https:\/\/global.southerntower.co.jp\/fr\/wp-json\/wp\/v2\/types\/page"}],"author":[{"embeddable":true,"href":"https:\/\/global.southerntower.co.jp\/fr\/wp-json\/wp\/v2\/users\/6"}],"replies":[{"embeddable":true,"href":"https:\/\/global.southerntower.co.jp\/fr\/wp-json\/wp\/v2\/comments?post=2087"}],"version-history":[{"count":0,"href":"https:\/\/global.southerntower.co.jp\/fr\/wp-json\/wp\/v2\/pages\/2087\/revisions"}],"up":[{"embeddable":true,"href":"https:\/\/global.southerntower.co.jp\/fr\/wp-json\/wp\/v2\/pages\/2057"}],"wp:attachment":[{"href":"https:\/\/global.southerntower.co.jp\/fr\/wp-json\/wp\/v2\/media?parent=2087"}],"curies":[{"name":"wp","href":"https:\/\/api.w.org\/{rel}","templated":true}]}}