{"id":2075,"date":"2019-09-03T06:47:24","date_gmt":"2019-09-03T06:47:24","guid":{"rendered":"https:\/\/global.southerntower.co.jp\/rooms\/panoramic\/"},"modified":"2020-10-14T18:15:31","modified_gmt":"2020-10-14T09:15:31","slug":"panoramic","status":"publish","type":"page","link":"https:\/\/global.southerntower.co.jp\/fr\/rooms\/panoramic\/","title":{"rendered":"CHAMBRES PANORAMIQUES"},"content":{"rendered":"<p>Si vous recherchez la vue la plus spectaculaire depuis vos chambres d&rsquo;h\u00f4tes, les chambres panoramiques vous offrent une vue panoramique beaucoup plus \u00e9tendue de Tokyo. Le s\u00e9jour en vaut la peine.<\/p>\n<p>Fonctionnellement am\u00e9nag\u00e9es avec un espace s\u00e9par\u00e9 pouvant \u00eatre utilis\u00e9 comme espace de d\u00e9tente ou comme si\u00e8ge d&rsquo;observation. De jour, profitez de la vue sur le paysage vert du parc Yoyogi. De nuit, des lumi\u00e8res scintillantes et color\u00e9es du ciel nocturne de Tokyo.<\/p>\n<p>La chambre double panoramique est \u00e9quip\u00e9e de deux lits simples, chacun d&rsquo;une largeur de 110\u00a0cm, tandis que la chambre King panoramique est \u00e9quip\u00e9e d&rsquo;un lit double de 180\u00a0cm de large.<\/p>\n<p>Les chambres panoramiques ne permettent pas de r\u00e9pondre aux demandes de lits suppl\u00e9mentaires.<\/p>\n","protected":false},"excerpt":{"rendered":"<p>Si vous recherchez la vue la plus spectaculaire depuis vos chambres d&rsquo;h\u00f4tes, les chambres panoramiques vous offrent une vue panoramique beaucoup plus \u00e9tendue de Tokyo. Le s\u00e9jour en vaut la peine. Fonctionnellement am\u00e9nag\u00e9es avec un espace s\u00e9par\u00e9 pouvant \u00eatre utilis\u00e9 comme espace de d\u00e9tente ou comme si\u00e8ge d&rsquo;observation. De jour, profitez de la vue sur [&hellip;]<\/p>\n","protected":false},"author":6,"featured_media":0,"parent":2057,"menu_order":40,"comment_status":"closed","ping_status":"closed","template":"template-single-room.php","meta":{"footnotes":""},"acf":[],"yoast_head":"<!-- This site is optimized with the Yoast SEO plugin v22.3 - https:\/\/yoast.com\/wordpress\/plugins\/seo\/ -->\n<title>CHAMBRES PANORAMIQUES | L\u2019Hotel Century Southern Tower | Site Officiel<\/title>\n<meta name=\"robots\" content=\"index, follow, max-snippet:-1, max-image-preview:large, max-video-preview:-1\" \/>\n<link rel=\"canonical\" href=\"https:\/\/global.southerntower.co.jp\/fr\/rooms\/panoramic\/\" \/>\n<meta property=\"og:locale\" content=\"fr_FR\" \/>\n<meta property=\"og:type\" content=\"article\" \/>\n<meta property=\"og:title\" content=\"CHAMBRES PANORAMIQUES | L\u2019Hotel Century Southern Tower | Site Officiel\" \/>\n<meta property=\"og:description\" content=\"Si vous recherchez la vue la plus spectaculaire depuis vos chambres d&rsquo;h\u00f4tes, les chambres panoramiques vous offrent une vue panoramique beaucoup plus \u00e9tendue de Tokyo. Le s\u00e9jour en vaut la peine. Fonctionnellement am\u00e9nag\u00e9es avec un espace s\u00e9par\u00e9 pouvant \u00eatre utilis\u00e9 comme espace de d\u00e9tente ou comme si\u00e8ge d&rsquo;observation. De jour, profitez de la vue sur [&hellip;]\" \/>\n<meta property=\"og:url\" content=\"https:\/\/global.southerntower.co.jp\/fr\/rooms\/panoramic\/\" \/>\n<meta property=\"og:site_name\" content=\"L\u2019Hotel Century Southern Tower | Site Officiel\" \/>\n<meta property=\"article:modified_time\" content=\"2020-10-14T09:15:31+00:00\" \/>\n<meta name=\"twitter:card\" content=\"summary_large_image\" \/>\n<meta name=\"twitter:label1\" content=\"Dur\u00e9e de lecture estim\u00e9e\" \/>\n\t<meta name=\"twitter:data1\" content=\"1 minute\" \/>\n<script type=\"application\/ld+json\" class=\"yoast-schema-graph\">{\"@context\":\"https:\/\/schema.org\",\"@graph\":[{\"@type\":\"WebPage\",\"@id\":\"https:\/\/global.southerntower.co.jp\/fr\/rooms\/panoramic\/\",\"url\":\"https:\/\/global.southerntower.co.jp\/fr\/rooms\/panoramic\/\",\"name\":\"CHAMBRES PANORAMIQUES | L\u2019Hotel Century Southern Tower | Site Officiel\",\"isPartOf\":{\"@id\":\"https:\/\/global.southerntower.co.jp\/fr\/#website\"},\"datePublished\":\"2019-09-03T06:47:24+00:00\",\"dateModified\":\"2020-10-14T09:15:31+00:00\",\"breadcrumb\":{\"@id\":\"https:\/\/global.southerntower.co.jp\/fr\/rooms\/panoramic\/#breadcrumb\"},\"inLanguage\":\"fr-FR\",\"potentialAction\":[{\"@type\":\"ReadAction\",\"target\":[\"https:\/\/global.southerntower.co.jp\/fr\/rooms\/panoramic\/\"]}]},{\"@type\":\"BreadcrumbList\",\"@id\":\"https:\/\/global.southerntower.co.jp\/fr\/rooms\/panoramic\/#breadcrumb\",\"itemListElement\":[{\"@type\":\"ListItem\",\"position\":1,\"name\":\"Home\",\"item\":\"https:\/\/global.southerntower.co.jp\/fr\/\"},{\"@type\":\"ListItem\",\"position\":2,\"name\":\"CHAMBRES\",\"item\":\"https:\/\/global.southerntower.co.jp\/fr\/rooms\/\"},{\"@type\":\"ListItem\",\"position\":3,\"name\":\"CHAMBRES PANORAMIQUES\"}]},{\"@type\":\"WebSite\",\"@id\":\"https:\/\/global.southerntower.co.jp\/fr\/#website\",\"url\":\"https:\/\/global.southerntower.co.jp\/fr\/\",\"name\":\"L\u2019Hotel Century Southern Tower | Site Officiel\",\"description\":\"Great place to stay in Tokyo, near the shinjuku station,\",\"potentialAction\":[{\"@type\":\"SearchAction\",\"target\":{\"@type\":\"EntryPoint\",\"urlTemplate\":\"https:\/\/global.southerntower.co.jp\/fr\/?s={search_term_string}\"},\"query-input\":\"required name=search_term_string\"}],\"inLanguage\":\"fr-FR\"}]}<\/script>\n<!-- \/ Yoast SEO plugin. -->","yoast_head_json":{"title":"CHAMBRES PANORAMIQUES | L\u2019Hotel Century Southern Tower | Site Officiel","robots":{"index":"index","follow":"follow","max-snippet":"max-snippet:-1","max-image-preview":"max-image-preview:large","max-video-preview":"max-video-preview:-1"},"canonical":"https:\/\/global.southerntower.co.jp\/fr\/rooms\/panoramic\/","og_locale":"fr_FR","og_type":"article","og_title":"CHAMBRES PANORAMIQUES | L\u2019Hotel Century Southern Tower | Site Officiel","og_description":"Si vous recherchez la vue la plus spectaculaire depuis vos chambres d&rsquo;h\u00f4tes, les chambres panoramiques vous offrent une vue panoramique beaucoup plus \u00e9tendue de Tokyo. Le s\u00e9jour en vaut la peine. Fonctionnellement am\u00e9nag\u00e9es avec un espace s\u00e9par\u00e9 pouvant \u00eatre utilis\u00e9 comme espace de d\u00e9tente ou comme si\u00e8ge d&rsquo;observation. De jour, profitez de la vue sur [&hellip;]","og_url":"https:\/\/global.southerntower.co.jp\/fr\/rooms\/panoramic\/","og_site_name":"L\u2019Hotel Century Southern Tower | Site Officiel","article_modified_time":"2020-10-14T09:15:31+00:00","twitter_card":"summary_large_image","twitter_misc":{"Dur\u00e9e de lecture estim\u00e9e":"1 minute"},"schema":{"@context":"https:\/\/schema.org","@graph":[{"@type":"WebPage","@id":"https:\/\/global.southerntower.co.jp\/fr\/rooms\/panoramic\/","url":"https:\/\/global.southerntower.co.jp\/fr\/rooms\/panoramic\/","name":"CHAMBRES PANORAMIQUES | L\u2019Hotel Century Southern Tower | Site Officiel","isPartOf":{"@id":"https:\/\/global.southerntower.co.jp\/fr\/#website"},"datePublished":"2019-09-03T06:47:24+00:00","dateModified":"2020-10-14T09:15:31+00:00","breadcrumb":{"@id":"https:\/\/global.southerntower.co.jp\/fr\/rooms\/panoramic\/#breadcrumb"},"inLanguage":"fr-FR","potentialAction":[{"@type":"ReadAction","target":["https:\/\/global.southerntower.co.jp\/fr\/rooms\/panoramic\/"]}]},{"@type":"BreadcrumbList","@id":"https:\/\/global.southerntower.co.jp\/fr\/rooms\/panoramic\/#breadcrumb","itemListElement":[{"@type":"ListItem","position":1,"name":"Home","item":"https:\/\/global.southerntower.co.jp\/fr\/"},{"@type":"ListItem","position":2,"name":"CHAMBRES","item":"https:\/\/global.southerntower.co.jp\/fr\/rooms\/"},{"@type":"ListItem","position":3,"name":"CHAMBRES PANORAMIQUES"}]},{"@type":"WebSite","@id":"https:\/\/global.southerntower.co.jp\/fr\/#website","url":"https:\/\/global.southerntower.co.jp\/fr\/","name":"L\u2019Hotel Century Southern Tower | Site Officiel","description":"Great place to stay in Tokyo, near the shinjuku station,","potentialAction":[{"@type":"SearchAction","target":{"@type":"EntryPoint","urlTemplate":"https:\/\/global.southerntower.co.jp\/fr\/?s={search_term_string}"},"query-input":"required name=search_term_string"}],"inLanguage":"fr-FR"}]}},"publishpress_future_action":{"enabled":false,"date":"2026-04-15 06:46:30","action":"change-status","newStatus":"draft","terms":[],"taxonomy":"translation_priority"},"_links":{"self":[{"href":"https:\/\/global.southerntower.co.jp\/fr\/wp-json\/wp\/v2\/pages\/2075"}],"collection":[{"href":"https:\/\/global.southerntower.co.jp\/fr\/wp-json\/wp\/v2\/pages"}],"about":[{"href":"https:\/\/global.southerntower.co.jp\/fr\/wp-json\/wp\/v2\/types\/page"}],"author":[{"embeddable":true,"href":"https:\/\/global.southerntower.co.jp\/fr\/wp-json\/wp\/v2\/users\/6"}],"replies":[{"embeddable":true,"href":"https:\/\/global.southerntower.co.jp\/fr\/wp-json\/wp\/v2\/comments?post=2075"}],"version-history":[{"count":0,"href":"https:\/\/global.southerntower.co.jp\/fr\/wp-json\/wp\/v2\/pages\/2075\/revisions"}],"up":[{"embeddable":true,"href":"https:\/\/global.southerntower.co.jp\/fr\/wp-json\/wp\/v2\/pages\/2057"}],"wp:attachment":[{"href":"https:\/\/global.southerntower.co.jp\/fr\/wp-json\/wp\/v2\/media?parent=2075"}],"curies":[{"name":"wp","href":"https:\/\/api.w.org\/{rel}","templated":true}]}}