{"id":2073,"date":"2019-09-03T06:48:09","date_gmt":"2019-09-03T06:48:09","guid":{"rendered":"https:\/\/global.southerntower.co.jp\/rooms\/scenic\/"},"modified":"2020-09-28T09:43:43","modified_gmt":"2020-09-28T00:43:43","slug":"scenic","status":"publish","type":"page","link":"https:\/\/global.southerntower.co.jp\/fr\/rooms\/scenic\/","title":{"rendered":"CHAMBRES PAYSAG\u00c8RES"},"content":{"rendered":"<p>Orient\u00e9es vers l&rsquo;est, les chambres paysag\u00e8res donnent sur le parc national de Shinjuku Gyoen. La nuit, le panorama grandiose r\u00e9v\u00e8le la ligne d&rsquo;horizon scintillante de Tokyo.<\/p>\n<p>Installez-vous sur le canap\u00e9, c\u00f4t\u00e9 fen\u00eatre, et laissez-vous porter par la vue panoramique qui \u00e9volue de jour comme de nuit.<\/p>\n<p>La chambre double paysag\u00e8re dispose de deux lits simples, chacun d&rsquo;une largeur de 110\u00a0cm, tandis que la chambre paysag\u00e8re King dispose d&rsquo;un lit double de 180\u00a0cm de large. Un lit suppl\u00e9mentaire peut \u00eatre fourni sur demande des clients dans les chambres paysag\u00e8res pour accueillir trois occupants, moyennant un suppl\u00e9ment minime. Veuillez noter que nous disposons d&rsquo;un nombre limit\u00e9 de lits suppl\u00e9mentaires.<\/p>\n","protected":false},"excerpt":{"rendered":"<p>Orient\u00e9es vers l&rsquo;est, les chambres paysag\u00e8res donnent sur le parc national de Shinjuku Gyoen. La nuit, le panorama grandiose r\u00e9v\u00e8le la ligne d&rsquo;horizon scintillante de Tokyo. Installez-vous sur le canap\u00e9, c\u00f4t\u00e9 fen\u00eatre, et laissez-vous porter par la vue panoramique qui \u00e9volue de jour comme de nuit. La chambre double paysag\u00e8re dispose de deux lits simples, [&hellip;]<\/p>\n","protected":false},"author":6,"featured_media":0,"parent":2057,"menu_order":30,"comment_status":"closed","ping_status":"closed","template":"template-single-room.php","meta":{"footnotes":""},"acf":[],"yoast_head":"<!-- This site is optimized with the Yoast SEO plugin v22.3 - https:\/\/yoast.com\/wordpress\/plugins\/seo\/ -->\n<title>CHAMBRES PAYSAG\u00c8RES | L\u2019Hotel Century Southern Tower | Site Officiel<\/title>\n<meta name=\"robots\" content=\"index, follow, max-snippet:-1, max-image-preview:large, max-video-preview:-1\" \/>\n<link rel=\"canonical\" href=\"https:\/\/global.southerntower.co.jp\/fr\/rooms\/scenic\/\" \/>\n<meta property=\"og:locale\" content=\"fr_FR\" \/>\n<meta property=\"og:type\" content=\"article\" \/>\n<meta property=\"og:title\" content=\"CHAMBRES PAYSAG\u00c8RES | L\u2019Hotel Century Southern Tower | Site Officiel\" \/>\n<meta property=\"og:description\" content=\"Orient\u00e9es vers l&rsquo;est, les chambres paysag\u00e8res donnent sur le parc national de Shinjuku Gyoen. La nuit, le panorama grandiose r\u00e9v\u00e8le la ligne d&rsquo;horizon scintillante de Tokyo. Installez-vous sur le canap\u00e9, c\u00f4t\u00e9 fen\u00eatre, et laissez-vous porter par la vue panoramique qui \u00e9volue de jour comme de nuit. La chambre double paysag\u00e8re dispose de deux lits simples, [&hellip;]\" \/>\n<meta property=\"og:url\" content=\"https:\/\/global.southerntower.co.jp\/fr\/rooms\/scenic\/\" \/>\n<meta property=\"og:site_name\" content=\"L\u2019Hotel Century Southern Tower | Site Officiel\" \/>\n<meta property=\"article:modified_time\" content=\"2020-09-28T00:43:43+00:00\" \/>\n<meta name=\"twitter:card\" content=\"summary_large_image\" \/>\n<meta name=\"twitter:label1\" content=\"Dur\u00e9e de lecture estim\u00e9e\" \/>\n\t<meta name=\"twitter:data1\" content=\"1 minute\" \/>\n<script type=\"application\/ld+json\" class=\"yoast-schema-graph\">{\"@context\":\"https:\/\/schema.org\",\"@graph\":[{\"@type\":\"WebPage\",\"@id\":\"https:\/\/global.southerntower.co.jp\/fr\/rooms\/scenic\/\",\"url\":\"https:\/\/global.southerntower.co.jp\/fr\/rooms\/scenic\/\",\"name\":\"CHAMBRES PAYSAG\u00c8RES | L\u2019Hotel Century Southern Tower | Site Officiel\",\"isPartOf\":{\"@id\":\"https:\/\/global.southerntower.co.jp\/fr\/#website\"},\"datePublished\":\"2019-09-03T06:48:09+00:00\",\"dateModified\":\"2020-09-28T00:43:43+00:00\",\"breadcrumb\":{\"@id\":\"https:\/\/global.southerntower.co.jp\/fr\/rooms\/scenic\/#breadcrumb\"},\"inLanguage\":\"fr-FR\",\"potentialAction\":[{\"@type\":\"ReadAction\",\"target\":[\"https:\/\/global.southerntower.co.jp\/fr\/rooms\/scenic\/\"]}]},{\"@type\":\"BreadcrumbList\",\"@id\":\"https:\/\/global.southerntower.co.jp\/fr\/rooms\/scenic\/#breadcrumb\",\"itemListElement\":[{\"@type\":\"ListItem\",\"position\":1,\"name\":\"Home\",\"item\":\"https:\/\/global.southerntower.co.jp\/fr\/\"},{\"@type\":\"ListItem\",\"position\":2,\"name\":\"CHAMBRES\",\"item\":\"https:\/\/global.southerntower.co.jp\/fr\/rooms\/\"},{\"@type\":\"ListItem\",\"position\":3,\"name\":\"CHAMBRES PAYSAG\u00c8RES\"}]},{\"@type\":\"WebSite\",\"@id\":\"https:\/\/global.southerntower.co.jp\/fr\/#website\",\"url\":\"https:\/\/global.southerntower.co.jp\/fr\/\",\"name\":\"L\u2019Hotel Century Southern Tower | Site Officiel\",\"description\":\"Great place to stay in Tokyo, near the shinjuku station,\",\"potentialAction\":[{\"@type\":\"SearchAction\",\"target\":{\"@type\":\"EntryPoint\",\"urlTemplate\":\"https:\/\/global.southerntower.co.jp\/fr\/?s={search_term_string}\"},\"query-input\":\"required name=search_term_string\"}],\"inLanguage\":\"fr-FR\"}]}<\/script>\n<!-- \/ Yoast SEO plugin. -->","yoast_head_json":{"title":"CHAMBRES PAYSAG\u00c8RES | L\u2019Hotel Century Southern Tower | Site Officiel","robots":{"index":"index","follow":"follow","max-snippet":"max-snippet:-1","max-image-preview":"max-image-preview:large","max-video-preview":"max-video-preview:-1"},"canonical":"https:\/\/global.southerntower.co.jp\/fr\/rooms\/scenic\/","og_locale":"fr_FR","og_type":"article","og_title":"CHAMBRES PAYSAG\u00c8RES | L\u2019Hotel Century Southern Tower | Site Officiel","og_description":"Orient\u00e9es vers l&rsquo;est, les chambres paysag\u00e8res donnent sur le parc national de Shinjuku Gyoen. La nuit, le panorama grandiose r\u00e9v\u00e8le la ligne d&rsquo;horizon scintillante de Tokyo. Installez-vous sur le canap\u00e9, c\u00f4t\u00e9 fen\u00eatre, et laissez-vous porter par la vue panoramique qui \u00e9volue de jour comme de nuit. La chambre double paysag\u00e8re dispose de deux lits simples, [&hellip;]","og_url":"https:\/\/global.southerntower.co.jp\/fr\/rooms\/scenic\/","og_site_name":"L\u2019Hotel Century Southern Tower | Site Officiel","article_modified_time":"2020-09-28T00:43:43+00:00","twitter_card":"summary_large_image","twitter_misc":{"Dur\u00e9e de lecture estim\u00e9e":"1 minute"},"schema":{"@context":"https:\/\/schema.org","@graph":[{"@type":"WebPage","@id":"https:\/\/global.southerntower.co.jp\/fr\/rooms\/scenic\/","url":"https:\/\/global.southerntower.co.jp\/fr\/rooms\/scenic\/","name":"CHAMBRES PAYSAG\u00c8RES | L\u2019Hotel Century Southern Tower | Site Officiel","isPartOf":{"@id":"https:\/\/global.southerntower.co.jp\/fr\/#website"},"datePublished":"2019-09-03T06:48:09+00:00","dateModified":"2020-09-28T00:43:43+00:00","breadcrumb":{"@id":"https:\/\/global.southerntower.co.jp\/fr\/rooms\/scenic\/#breadcrumb"},"inLanguage":"fr-FR","potentialAction":[{"@type":"ReadAction","target":["https:\/\/global.southerntower.co.jp\/fr\/rooms\/scenic\/"]}]},{"@type":"BreadcrumbList","@id":"https:\/\/global.southerntower.co.jp\/fr\/rooms\/scenic\/#breadcrumb","itemListElement":[{"@type":"ListItem","position":1,"name":"Home","item":"https:\/\/global.southerntower.co.jp\/fr\/"},{"@type":"ListItem","position":2,"name":"CHAMBRES","item":"https:\/\/global.southerntower.co.jp\/fr\/rooms\/"},{"@type":"ListItem","position":3,"name":"CHAMBRES PAYSAG\u00c8RES"}]},{"@type":"WebSite","@id":"https:\/\/global.southerntower.co.jp\/fr\/#website","url":"https:\/\/global.southerntower.co.jp\/fr\/","name":"L\u2019Hotel Century Southern Tower | Site Officiel","description":"Great place to stay in Tokyo, near the shinjuku station,","potentialAction":[{"@type":"SearchAction","target":{"@type":"EntryPoint","urlTemplate":"https:\/\/global.southerntower.co.jp\/fr\/?s={search_term_string}"},"query-input":"required name=search_term_string"}],"inLanguage":"fr-FR"}]}},"publishpress_future_action":{"enabled":false,"date":"2026-05-06 01:57:14","action":"change-status","newStatus":"draft","terms":[],"taxonomy":"translation_priority"},"_links":{"self":[{"href":"https:\/\/global.southerntower.co.jp\/fr\/wp-json\/wp\/v2\/pages\/2073"}],"collection":[{"href":"https:\/\/global.southerntower.co.jp\/fr\/wp-json\/wp\/v2\/pages"}],"about":[{"href":"https:\/\/global.southerntower.co.jp\/fr\/wp-json\/wp\/v2\/types\/page"}],"author":[{"embeddable":true,"href":"https:\/\/global.southerntower.co.jp\/fr\/wp-json\/wp\/v2\/users\/6"}],"replies":[{"embeddable":true,"href":"https:\/\/global.southerntower.co.jp\/fr\/wp-json\/wp\/v2\/comments?post=2073"}],"version-history":[{"count":0,"href":"https:\/\/global.southerntower.co.jp\/fr\/wp-json\/wp\/v2\/pages\/2073\/revisions"}],"up":[{"embeddable":true,"href":"https:\/\/global.southerntower.co.jp\/fr\/wp-json\/wp\/v2\/pages\/2057"}],"wp:attachment":[{"href":"https:\/\/global.southerntower.co.jp\/fr\/wp-json\/wp\/v2\/media?parent=2073"}],"curies":[{"name":"wp","href":"https:\/\/api.w.org\/{rel}","templated":true}]}}