{"id":2067,"date":"2019-09-03T06:47:46","date_gmt":"2019-09-03T06:47:46","guid":{"rendered":"https:\/\/global.southerntower.co.jp\/?page_id=2067"},"modified":"2020-09-28T09:42:46","modified_gmt":"2020-09-28T00:42:46","slug":"southern-tower","status":"publish","type":"page","link":"https:\/\/global.southerntower.co.jp\/fr\/rooms\/southern-tower\/","title":{"rendered":"CHAMBRES SOUTHERN TOWER"},"content":{"rendered":"<p>Les chambres du Southern Tower sont disponibles en deux configurations de style, la chambre double Southern Tower et la chambre Southern Tower King. Les deux types de chambres disposent d&rsquo;un g\u00e9n\u00e9reux espace de vie de 26\u00a0\u33a1.<\/p>\n<p>Ces chambres bien \u00e9quip\u00e9es donnent soit sur le nord (avec une vue imprenable sur le c\u00e9l\u00e8bre gratte-ciel de Shinjuku), soit sur l&rsquo;ouest (avec une vue parfaite sur le parc historique de Yoyogi). Chaque chambre est \u00e9quip\u00e9e d&rsquo;un canap\u00e9 pr\u00e8s de la fen\u00eatre pour favoriser la d\u00e9tente et vous faire voyager en plein c\u0153ur d&rsquo;un autre monde, gr\u00e2ce \u00e0 la vue imprenable de votre fen\u00eatre. La capacit\u00e9 maximale est de deux personnes.<\/p>\n<p>La chambre double Southern Tower dispose de deux lits simples, chacun d&rsquo;une largeur de 110\u00a0cm, tandis que la chambre Southern Tower King dispose d&rsquo;un grand lit de 180\u00a0cm de large.<br \/>\nLes chambres du Southern Tower ne permettent pas de r\u00e9pondre aux demandes de lits suppl\u00e9mentaires.<\/p>\n","protected":false},"excerpt":{"rendered":"<p>Les chambres du Southern Tower sont disponibles en deux configurations de style, la chambre double Southern Tower et la chambre Southern Tower King. Les deux types de chambres disposent d&rsquo;un g\u00e9n\u00e9reux espace de vie de 26\u00a0\u33a1. Ces chambres bien \u00e9quip\u00e9es donnent soit sur le nord (avec une vue imprenable sur le c\u00e9l\u00e8bre gratte-ciel de Shinjuku), [&hellip;]<\/p>\n","protected":false},"author":6,"featured_media":0,"parent":2057,"menu_order":20,"comment_status":"closed","ping_status":"closed","template":"template-single-room.php","meta":{"footnotes":""},"acf":[],"yoast_head":"<!-- This site is optimized with the Yoast SEO plugin v22.3 - https:\/\/yoast.com\/wordpress\/plugins\/seo\/ -->\n<title>CHAMBRES SOUTHERN TOWER | L\u2019Hotel Century Southern Tower | Site Officiel<\/title>\n<meta name=\"robots\" content=\"index, follow, max-snippet:-1, max-image-preview:large, max-video-preview:-1\" \/>\n<link rel=\"canonical\" href=\"https:\/\/global.southerntower.co.jp\/fr\/rooms\/southern-tower\/\" \/>\n<meta property=\"og:locale\" content=\"fr_FR\" \/>\n<meta property=\"og:type\" content=\"article\" \/>\n<meta property=\"og:title\" content=\"CHAMBRES SOUTHERN TOWER | L\u2019Hotel Century Southern Tower | Site Officiel\" \/>\n<meta property=\"og:description\" content=\"Les chambres du Southern Tower sont disponibles en deux configurations de style, la chambre double Southern Tower et la chambre Southern Tower King. Les deux types de chambres disposent d&rsquo;un g\u00e9n\u00e9reux espace de vie de 26\u00a0\u33a1. Ces chambres bien \u00e9quip\u00e9es donnent soit sur le nord (avec une vue imprenable sur le c\u00e9l\u00e8bre gratte-ciel de Shinjuku), [&hellip;]\" \/>\n<meta property=\"og:url\" content=\"https:\/\/global.southerntower.co.jp\/fr\/rooms\/southern-tower\/\" \/>\n<meta property=\"og:site_name\" content=\"L\u2019Hotel Century Southern Tower | Site Officiel\" \/>\n<meta property=\"article:modified_time\" content=\"2020-09-28T00:42:46+00:00\" \/>\n<meta name=\"twitter:card\" content=\"summary_large_image\" \/>\n<meta name=\"twitter:label1\" content=\"Dur\u00e9e de lecture estim\u00e9e\" \/>\n\t<meta name=\"twitter:data1\" content=\"1 minute\" \/>\n<script type=\"application\/ld+json\" class=\"yoast-schema-graph\">{\"@context\":\"https:\/\/schema.org\",\"@graph\":[{\"@type\":\"WebPage\",\"@id\":\"https:\/\/global.southerntower.co.jp\/fr\/rooms\/southern-tower\/\",\"url\":\"https:\/\/global.southerntower.co.jp\/fr\/rooms\/southern-tower\/\",\"name\":\"CHAMBRES SOUTHERN TOWER | L\u2019Hotel Century Southern Tower | Site Officiel\",\"isPartOf\":{\"@id\":\"https:\/\/global.southerntower.co.jp\/fr\/#website\"},\"datePublished\":\"2019-09-03T06:47:46+00:00\",\"dateModified\":\"2020-09-28T00:42:46+00:00\",\"breadcrumb\":{\"@id\":\"https:\/\/global.southerntower.co.jp\/fr\/rooms\/southern-tower\/#breadcrumb\"},\"inLanguage\":\"fr-FR\",\"potentialAction\":[{\"@type\":\"ReadAction\",\"target\":[\"https:\/\/global.southerntower.co.jp\/fr\/rooms\/southern-tower\/\"]}]},{\"@type\":\"BreadcrumbList\",\"@id\":\"https:\/\/global.southerntower.co.jp\/fr\/rooms\/southern-tower\/#breadcrumb\",\"itemListElement\":[{\"@type\":\"ListItem\",\"position\":1,\"name\":\"Home\",\"item\":\"https:\/\/global.southerntower.co.jp\/fr\/\"},{\"@type\":\"ListItem\",\"position\":2,\"name\":\"CHAMBRES\",\"item\":\"https:\/\/global.southerntower.co.jp\/fr\/rooms\/\"},{\"@type\":\"ListItem\",\"position\":3,\"name\":\"CHAMBRES SOUTHERN TOWER\"}]},{\"@type\":\"WebSite\",\"@id\":\"https:\/\/global.southerntower.co.jp\/fr\/#website\",\"url\":\"https:\/\/global.southerntower.co.jp\/fr\/\",\"name\":\"L\u2019Hotel Century Southern Tower | Site Officiel\",\"description\":\"Great place to stay in Tokyo, near the shinjuku station,\",\"potentialAction\":[{\"@type\":\"SearchAction\",\"target\":{\"@type\":\"EntryPoint\",\"urlTemplate\":\"https:\/\/global.southerntower.co.jp\/fr\/?s={search_term_string}\"},\"query-input\":\"required name=search_term_string\"}],\"inLanguage\":\"fr-FR\"}]}<\/script>\n<!-- \/ Yoast SEO plugin. -->","yoast_head_json":{"title":"CHAMBRES SOUTHERN TOWER | L\u2019Hotel Century Southern Tower | Site Officiel","robots":{"index":"index","follow":"follow","max-snippet":"max-snippet:-1","max-image-preview":"max-image-preview:large","max-video-preview":"max-video-preview:-1"},"canonical":"https:\/\/global.southerntower.co.jp\/fr\/rooms\/southern-tower\/","og_locale":"fr_FR","og_type":"article","og_title":"CHAMBRES SOUTHERN TOWER | L\u2019Hotel Century Southern Tower | Site Officiel","og_description":"Les chambres du Southern Tower sont disponibles en deux configurations de style, la chambre double Southern Tower et la chambre Southern Tower King. Les deux types de chambres disposent d&rsquo;un g\u00e9n\u00e9reux espace de vie de 26\u00a0\u33a1. Ces chambres bien \u00e9quip\u00e9es donnent soit sur le nord (avec une vue imprenable sur le c\u00e9l\u00e8bre gratte-ciel de Shinjuku), [&hellip;]","og_url":"https:\/\/global.southerntower.co.jp\/fr\/rooms\/southern-tower\/","og_site_name":"L\u2019Hotel Century Southern Tower | Site Officiel","article_modified_time":"2020-09-28T00:42:46+00:00","twitter_card":"summary_large_image","twitter_misc":{"Dur\u00e9e de lecture estim\u00e9e":"1 minute"},"schema":{"@context":"https:\/\/schema.org","@graph":[{"@type":"WebPage","@id":"https:\/\/global.southerntower.co.jp\/fr\/rooms\/southern-tower\/","url":"https:\/\/global.southerntower.co.jp\/fr\/rooms\/southern-tower\/","name":"CHAMBRES SOUTHERN TOWER | L\u2019Hotel Century Southern Tower | Site Officiel","isPartOf":{"@id":"https:\/\/global.southerntower.co.jp\/fr\/#website"},"datePublished":"2019-09-03T06:47:46+00:00","dateModified":"2020-09-28T00:42:46+00:00","breadcrumb":{"@id":"https:\/\/global.southerntower.co.jp\/fr\/rooms\/southern-tower\/#breadcrumb"},"inLanguage":"fr-FR","potentialAction":[{"@type":"ReadAction","target":["https:\/\/global.southerntower.co.jp\/fr\/rooms\/southern-tower\/"]}]},{"@type":"BreadcrumbList","@id":"https:\/\/global.southerntower.co.jp\/fr\/rooms\/southern-tower\/#breadcrumb","itemListElement":[{"@type":"ListItem","position":1,"name":"Home","item":"https:\/\/global.southerntower.co.jp\/fr\/"},{"@type":"ListItem","position":2,"name":"CHAMBRES","item":"https:\/\/global.southerntower.co.jp\/fr\/rooms\/"},{"@type":"ListItem","position":3,"name":"CHAMBRES SOUTHERN TOWER"}]},{"@type":"WebSite","@id":"https:\/\/global.southerntower.co.jp\/fr\/#website","url":"https:\/\/global.southerntower.co.jp\/fr\/","name":"L\u2019Hotel Century Southern Tower | Site Officiel","description":"Great place to stay in Tokyo, near the shinjuku station,","potentialAction":[{"@type":"SearchAction","target":{"@type":"EntryPoint","urlTemplate":"https:\/\/global.southerntower.co.jp\/fr\/?s={search_term_string}"},"query-input":"required name=search_term_string"}],"inLanguage":"fr-FR"}]}},"publishpress_future_action":{"enabled":false,"date":"2026-05-02 02:59:29","action":"change-status","newStatus":"draft","terms":[],"taxonomy":"translation_priority"},"_links":{"self":[{"href":"https:\/\/global.southerntower.co.jp\/fr\/wp-json\/wp\/v2\/pages\/2067"}],"collection":[{"href":"https:\/\/global.southerntower.co.jp\/fr\/wp-json\/wp\/v2\/pages"}],"about":[{"href":"https:\/\/global.southerntower.co.jp\/fr\/wp-json\/wp\/v2\/types\/page"}],"author":[{"embeddable":true,"href":"https:\/\/global.southerntower.co.jp\/fr\/wp-json\/wp\/v2\/users\/6"}],"replies":[{"embeddable":true,"href":"https:\/\/global.southerntower.co.jp\/fr\/wp-json\/wp\/v2\/comments?post=2067"}],"version-history":[{"count":0,"href":"https:\/\/global.southerntower.co.jp\/fr\/wp-json\/wp\/v2\/pages\/2067\/revisions"}],"up":[{"embeddable":true,"href":"https:\/\/global.southerntower.co.jp\/fr\/wp-json\/wp\/v2\/pages\/2057"}],"wp:attachment":[{"href":"https:\/\/global.southerntower.co.jp\/fr\/wp-json\/wp\/v2\/media?parent=2067"}],"curies":[{"name":"wp","href":"https:\/\/api.w.org\/{rel}","templated":true}]}}