{"id":2057,"date":"2019-09-03T06:07:11","date_gmt":"2019-09-03T06:07:11","guid":{"rendered":"https:\/\/global.southerntower.co.jp\/rooms\/"},"modified":"2020-09-28T11:54:29","modified_gmt":"2020-09-28T02:54:29","slug":"rooms","status":"publish","type":"page","link":"https:\/\/global.southerntower.co.jp\/fr\/rooms\/","title":{"rendered":"CHAMBRES"},"content":{"rendered":"<p>\u00ab\u00a0L&rsquo;Hotel Century Southern Tower offre un confort et un service in\u00e9gal\u00e9s. Nos int\u00e9rieurs aux tons doux vous aideront \u00e0 vous d\u00e9tendre et \u00e0 vous ressourcer dans chacune de nos 375\u00a0chambres, toutes situ\u00e9es \u00e0 plus de 100\u00a0m\u00e8tres au-dessus du sol, du 22e au 35e\u00a0\u00e9tage, et offrant une vue imprenable sur le paysage urbain de Tokyo.<\/p>\n<p>Dans le respect de votre vie priv\u00e9e, nous n&rsquo;avons pas recours aux services de portier et en chambre. Des chariots \u00e0 bagages en libre-service sont d\u00e9sormais mis \u00e0 votre disposition, ainsi que des distributeurs automatiques \u00e0 chaque \u00e9tage, avec un r\u00e9frig\u00e9rateur compact dans chaque chambre pour que vous puissiez y entreposer les articles de votre choix.\u00a0\u00bb<\/p>\n","protected":false},"excerpt":{"rendered":"<p>\u00ab\u00a0L&rsquo;Hotel Century Southern Tower offre un confort et un service in\u00e9gal\u00e9s. Nos int\u00e9rieurs aux tons doux vous aideront \u00e0 vous d\u00e9tendre et \u00e0 vous ressourcer dans chacune de nos 375\u00a0chambres, toutes situ\u00e9es \u00e0 plus de 100\u00a0m\u00e8tres au-dessus du sol, du 22e au 35e\u00a0\u00e9tage, et offrant une vue imprenable sur le paysage urbain de Tokyo. Dans [&hellip;]<\/p>\n","protected":false},"author":6,"featured_media":2059,"parent":0,"menu_order":200,"comment_status":"closed","ping_status":"closed","template":"template-rooms.php","meta":{"footnotes":""},"acf":[],"yoast_head":"<!-- This site is optimized with the Yoast SEO plugin v22.3 - https:\/\/yoast.com\/wordpress\/plugins\/seo\/ -->\n<title>CHAMBRES | L\u2019Hotel Century Southern Tower | Site Officiel<\/title>\n<meta name=\"robots\" content=\"index, follow, max-snippet:-1, max-image-preview:large, max-video-preview:-1\" \/>\n<link rel=\"canonical\" href=\"https:\/\/global.southerntower.co.jp\/fr\/rooms\/\" \/>\n<meta property=\"og:locale\" content=\"fr_FR\" \/>\n<meta property=\"og:type\" content=\"article\" \/>\n<meta property=\"og:title\" content=\"CHAMBRES | L\u2019Hotel Century Southern Tower | Site Officiel\" \/>\n<meta property=\"og:description\" content=\"\u00ab\u00a0L&rsquo;Hotel Century Southern Tower offre un confort et un service in\u00e9gal\u00e9s. Nos int\u00e9rieurs aux tons doux vous aideront \u00e0 vous d\u00e9tendre et \u00e0 vous ressourcer dans chacune de nos 375\u00a0chambres, toutes situ\u00e9es \u00e0 plus de 100\u00a0m\u00e8tres au-dessus du sol, du 22e au 35e\u00a0\u00e9tage, et offrant une vue imprenable sur le paysage urbain de Tokyo. Dans [&hellip;]\" \/>\n<meta property=\"og:url\" content=\"https:\/\/global.southerntower.co.jp\/fr\/rooms\/\" \/>\n<meta property=\"og:site_name\" content=\"L\u2019Hotel Century Southern Tower | Site Officiel\" \/>\n<meta property=\"article:modified_time\" content=\"2020-09-28T02:54:29+00:00\" \/>\n<meta property=\"og:image\" content=\"https:\/\/global.southerntower.co.jp\/wp-content\/uploads\/sites\/41\/2019\/11\/Rooms.jpg\" \/>\n\t<meta property=\"og:image:width\" content=\"1800\" \/>\n\t<meta property=\"og:image:height\" content=\"1200\" \/>\n\t<meta property=\"og:image:type\" content=\"image\/jpeg\" \/>\n<meta name=\"twitter:card\" content=\"summary_large_image\" \/>\n<meta name=\"twitter:label1\" content=\"Dur\u00e9e de lecture estim\u00e9e\" \/>\n\t<meta name=\"twitter:data1\" content=\"1 minute\" \/>\n<script type=\"application\/ld+json\" class=\"yoast-schema-graph\">{\"@context\":\"https:\/\/schema.org\",\"@graph\":[{\"@type\":\"WebPage\",\"@id\":\"https:\/\/global.southerntower.co.jp\/fr\/rooms\/\",\"url\":\"https:\/\/global.southerntower.co.jp\/fr\/rooms\/\",\"name\":\"CHAMBRES | L\u2019Hotel Century Southern Tower | Site Officiel\",\"isPartOf\":{\"@id\":\"https:\/\/global.southerntower.co.jp\/fr\/#website\"},\"primaryImageOfPage\":{\"@id\":\"https:\/\/global.southerntower.co.jp\/fr\/rooms\/#primaryimage\"},\"image\":{\"@id\":\"https:\/\/global.southerntower.co.jp\/fr\/rooms\/#primaryimage\"},\"thumbnailUrl\":\"https:\/\/global.southerntower.co.jp\/wp-content\/uploads\/sites\/41\/2019\/11\/Rooms.jpg\",\"datePublished\":\"2019-09-03T06:07:11+00:00\",\"dateModified\":\"2020-09-28T02:54:29+00:00\",\"breadcrumb\":{\"@id\":\"https:\/\/global.southerntower.co.jp\/fr\/rooms\/#breadcrumb\"},\"inLanguage\":\"fr-FR\",\"potentialAction\":[{\"@type\":\"ReadAction\",\"target\":[\"https:\/\/global.southerntower.co.jp\/fr\/rooms\/\"]}]},{\"@type\":\"ImageObject\",\"inLanguage\":\"fr-FR\",\"@id\":\"https:\/\/global.southerntower.co.jp\/fr\/rooms\/#primaryimage\",\"url\":\"https:\/\/global.southerntower.co.jp\/wp-content\/uploads\/sites\/41\/2019\/11\/Rooms.jpg\",\"contentUrl\":\"https:\/\/global.southerntower.co.jp\/wp-content\/uploads\/sites\/41\/2019\/11\/Rooms.jpg\",\"width\":1800,\"height\":1200},{\"@type\":\"BreadcrumbList\",\"@id\":\"https:\/\/global.southerntower.co.jp\/fr\/rooms\/#breadcrumb\",\"itemListElement\":[{\"@type\":\"ListItem\",\"position\":1,\"name\":\"Home\",\"item\":\"https:\/\/global.southerntower.co.jp\/fr\/\"},{\"@type\":\"ListItem\",\"position\":2,\"name\":\"CHAMBRES\"}]},{\"@type\":\"WebSite\",\"@id\":\"https:\/\/global.southerntower.co.jp\/fr\/#website\",\"url\":\"https:\/\/global.southerntower.co.jp\/fr\/\",\"name\":\"L\u2019Hotel Century Southern Tower | Site Officiel\",\"description\":\"Great place to stay in Tokyo, near the shinjuku station,\",\"potentialAction\":[{\"@type\":\"SearchAction\",\"target\":{\"@type\":\"EntryPoint\",\"urlTemplate\":\"https:\/\/global.southerntower.co.jp\/fr\/?s={search_term_string}\"},\"query-input\":\"required name=search_term_string\"}],\"inLanguage\":\"fr-FR\"}]}<\/script>\n<!-- \/ Yoast SEO plugin. -->","yoast_head_json":{"title":"CHAMBRES | L\u2019Hotel Century Southern Tower | Site Officiel","robots":{"index":"index","follow":"follow","max-snippet":"max-snippet:-1","max-image-preview":"max-image-preview:large","max-video-preview":"max-video-preview:-1"},"canonical":"https:\/\/global.southerntower.co.jp\/fr\/rooms\/","og_locale":"fr_FR","og_type":"article","og_title":"CHAMBRES | L\u2019Hotel Century Southern Tower | Site Officiel","og_description":"\u00ab\u00a0L&rsquo;Hotel Century Southern Tower offre un confort et un service in\u00e9gal\u00e9s. Nos int\u00e9rieurs aux tons doux vous aideront \u00e0 vous d\u00e9tendre et \u00e0 vous ressourcer dans chacune de nos 375\u00a0chambres, toutes situ\u00e9es \u00e0 plus de 100\u00a0m\u00e8tres au-dessus du sol, du 22e au 35e\u00a0\u00e9tage, et offrant une vue imprenable sur le paysage urbain de Tokyo. Dans [&hellip;]","og_url":"https:\/\/global.southerntower.co.jp\/fr\/rooms\/","og_site_name":"L\u2019Hotel Century Southern Tower | Site Officiel","article_modified_time":"2020-09-28T02:54:29+00:00","og_image":[{"width":1800,"height":1200,"url":"https:\/\/global.southerntower.co.jp\/wp-content\/uploads\/sites\/41\/2019\/11\/Rooms.jpg","type":"image\/jpeg"}],"twitter_card":"summary_large_image","twitter_misc":{"Dur\u00e9e de lecture estim\u00e9e":"1 minute"},"schema":{"@context":"https:\/\/schema.org","@graph":[{"@type":"WebPage","@id":"https:\/\/global.southerntower.co.jp\/fr\/rooms\/","url":"https:\/\/global.southerntower.co.jp\/fr\/rooms\/","name":"CHAMBRES | L\u2019Hotel Century Southern Tower | Site Officiel","isPartOf":{"@id":"https:\/\/global.southerntower.co.jp\/fr\/#website"},"primaryImageOfPage":{"@id":"https:\/\/global.southerntower.co.jp\/fr\/rooms\/#primaryimage"},"image":{"@id":"https:\/\/global.southerntower.co.jp\/fr\/rooms\/#primaryimage"},"thumbnailUrl":"https:\/\/global.southerntower.co.jp\/wp-content\/uploads\/sites\/41\/2019\/11\/Rooms.jpg","datePublished":"2019-09-03T06:07:11+00:00","dateModified":"2020-09-28T02:54:29+00:00","breadcrumb":{"@id":"https:\/\/global.southerntower.co.jp\/fr\/rooms\/#breadcrumb"},"inLanguage":"fr-FR","potentialAction":[{"@type":"ReadAction","target":["https:\/\/global.southerntower.co.jp\/fr\/rooms\/"]}]},{"@type":"ImageObject","inLanguage":"fr-FR","@id":"https:\/\/global.southerntower.co.jp\/fr\/rooms\/#primaryimage","url":"https:\/\/global.southerntower.co.jp\/wp-content\/uploads\/sites\/41\/2019\/11\/Rooms.jpg","contentUrl":"https:\/\/global.southerntower.co.jp\/wp-content\/uploads\/sites\/41\/2019\/11\/Rooms.jpg","width":1800,"height":1200},{"@type":"BreadcrumbList","@id":"https:\/\/global.southerntower.co.jp\/fr\/rooms\/#breadcrumb","itemListElement":[{"@type":"ListItem","position":1,"name":"Home","item":"https:\/\/global.southerntower.co.jp\/fr\/"},{"@type":"ListItem","position":2,"name":"CHAMBRES"}]},{"@type":"WebSite","@id":"https:\/\/global.southerntower.co.jp\/fr\/#website","url":"https:\/\/global.southerntower.co.jp\/fr\/","name":"L\u2019Hotel Century Southern Tower | Site Officiel","description":"Great place to stay in Tokyo, near the shinjuku station,","potentialAction":[{"@type":"SearchAction","target":{"@type":"EntryPoint","urlTemplate":"https:\/\/global.southerntower.co.jp\/fr\/?s={search_term_string}"},"query-input":"required name=search_term_string"}],"inLanguage":"fr-FR"}]}},"publishpress_future_action":{"enabled":false,"date":"2026-04-11 23:03:33","action":"change-status","newStatus":"draft","terms":[],"taxonomy":"translation_priority"},"_links":{"self":[{"href":"https:\/\/global.southerntower.co.jp\/fr\/wp-json\/wp\/v2\/pages\/2057"}],"collection":[{"href":"https:\/\/global.southerntower.co.jp\/fr\/wp-json\/wp\/v2\/pages"}],"about":[{"href":"https:\/\/global.southerntower.co.jp\/fr\/wp-json\/wp\/v2\/types\/page"}],"author":[{"embeddable":true,"href":"https:\/\/global.southerntower.co.jp\/fr\/wp-json\/wp\/v2\/users\/6"}],"replies":[{"embeddable":true,"href":"https:\/\/global.southerntower.co.jp\/fr\/wp-json\/wp\/v2\/comments?post=2057"}],"version-history":[{"count":0,"href":"https:\/\/global.southerntower.co.jp\/fr\/wp-json\/wp\/v2\/pages\/2057\/revisions"}],"wp:featuredmedia":[{"embeddable":true,"href":"https:\/\/global.southerntower.co.jp\/fr\/wp-json\/wp\/v2\/media\/2059"}],"wp:attachment":[{"href":"https:\/\/global.southerntower.co.jp\/fr\/wp-json\/wp\/v2\/media?parent=2057"}],"curies":[{"name":"wp","href":"https:\/\/api.w.org\/{rel}","templated":true}]}}