{"id":2053,"date":"2019-09-03T06:06:07","date_gmt":"2019-09-03T06:06:07","guid":{"rendered":"https:\/\/global.southerntower.co.jp\/hotel\/"},"modified":"2022-09-30T16:12:16","modified_gmt":"2022-09-30T07:12:16","slug":"hotel","status":"publish","type":"page","link":"https:\/\/global.southerntower.co.jp\/fr\/hotel\/","title":{"rendered":"H\u00d4TEL"},"content":{"rendered":"<p>Notre Hotel Century Southern Tower de 375 chambres offre un h\u00e9bergement moderne et calme avec une vue imprenable sur Tokyo depuis chaque chambre. Les invit\u00e9s ont acc\u00e8s au restaurant et bar Southern Tower Dining, au Lounge South Court, et aux installations multifonctionnelles pour les r\u00e9unions et les r\u00e9ceptions. Les clients b\u00e9n\u00e9ficient \u00e9galement d&rsquo;un acc\u00e8s \u00e0 notre centre de remise en forme partenaire \u00ab Jexer Fitness &amp; Spa Shinjuku \u00bb pendant leur s\u00e9jour, gr\u00e2ce \u00e0 un abonnement gratuit \u00e0 la salle de sport situ\u00e9e en face de l&rsquo;h\u00f4tel.<\/p>\n<p>Situ\u00e9 au c\u0153ur de Shinjuku, le centre n\u00e9vralgique de Tokyo. La courte promenade de 3 minutes de la gare de Shinjuku \u00e0 l&rsquo;Hotel Century Southern Tower est bord\u00e9e de diverses boutiques, de caf\u00e9s ouverts et d&rsquo;une large promenade verdoyante. Ravissez vos papilles en go\u00fbtant \u00e0 un kal\u00e9idoscope de cuisines du monde signature de n&rsquo;importe quel restaurant proche de notre h\u00f4tel. Que vous soyez \u00e0 Tokyo pour affaires ou pour le plaisir, vous profiterez pleinement de tout le confort dont vous avez besoin au cours de votre s\u00e9jour parmi nous.<\/p>\n","protected":false},"excerpt":{"rendered":"<p>Notre Hotel Century Southern Tower de 375 chambres offre un h\u00e9bergement moderne et calme avec une vue imprenable sur Tokyo depuis chaque chambre. Les invit\u00e9s ont acc\u00e8s au restaurant et bar Southern Tower Dining, au Lounge South Court, et aux installations multifonctionnelles pour les r\u00e9unions et les r\u00e9ceptions. Les clients b\u00e9n\u00e9ficient \u00e9galement d&rsquo;un acc\u00e8s \u00e0 [&hellip;]<\/p>\n","protected":false},"author":6,"featured_media":0,"parent":0,"menu_order":100,"comment_status":"closed","ping_status":"closed","template":"template-hotel-facilities.php","meta":{"footnotes":""},"acf":[],"yoast_head":"<!-- This site is optimized with the Yoast SEO plugin v22.3 - https:\/\/yoast.com\/wordpress\/plugins\/seo\/ -->\n<title>H\u00d4TEL | L\u2019Hotel Century Southern Tower | Site Officiel<\/title>\n<meta name=\"robots\" content=\"index, follow, max-snippet:-1, max-image-preview:large, max-video-preview:-1\" \/>\n<link rel=\"canonical\" href=\"https:\/\/global.southerntower.co.jp\/fr\/hotel\/\" \/>\n<meta property=\"og:locale\" content=\"fr_FR\" \/>\n<meta property=\"og:type\" content=\"article\" \/>\n<meta property=\"og:title\" content=\"H\u00d4TEL | L\u2019Hotel Century Southern Tower | Site Officiel\" \/>\n<meta property=\"og:description\" content=\"Notre Hotel Century Southern Tower de 375 chambres offre un h\u00e9bergement moderne et calme avec une vue imprenable sur Tokyo depuis chaque chambre. Les invit\u00e9s ont acc\u00e8s au restaurant et bar Southern Tower Dining, au Lounge South Court, et aux installations multifonctionnelles pour les r\u00e9unions et les r\u00e9ceptions. Les clients b\u00e9n\u00e9ficient \u00e9galement d&rsquo;un acc\u00e8s \u00e0 [&hellip;]\" \/>\n<meta property=\"og:url\" content=\"https:\/\/global.southerntower.co.jp\/fr\/hotel\/\" \/>\n<meta property=\"og:site_name\" content=\"L\u2019Hotel Century Southern Tower | Site Officiel\" \/>\n<meta property=\"article:modified_time\" content=\"2022-09-30T07:12:16+00:00\" \/>\n<meta name=\"twitter:card\" content=\"summary_large_image\" \/>\n<meta name=\"twitter:label1\" content=\"Dur\u00e9e de lecture estim\u00e9e\" \/>\n\t<meta name=\"twitter:data1\" content=\"1 minute\" \/>\n<script type=\"application\/ld+json\" class=\"yoast-schema-graph\">{\"@context\":\"https:\/\/schema.org\",\"@graph\":[{\"@type\":\"WebPage\",\"@id\":\"https:\/\/global.southerntower.co.jp\/fr\/hotel\/\",\"url\":\"https:\/\/global.southerntower.co.jp\/fr\/hotel\/\",\"name\":\"H\u00d4TEL | L\u2019Hotel Century Southern Tower | Site Officiel\",\"isPartOf\":{\"@id\":\"https:\/\/global.southerntower.co.jp\/fr\/#website\"},\"datePublished\":\"2019-09-03T06:06:07+00:00\",\"dateModified\":\"2022-09-30T07:12:16+00:00\",\"breadcrumb\":{\"@id\":\"https:\/\/global.southerntower.co.jp\/fr\/hotel\/#breadcrumb\"},\"inLanguage\":\"fr-FR\",\"potentialAction\":[{\"@type\":\"ReadAction\",\"target\":[\"https:\/\/global.southerntower.co.jp\/fr\/hotel\/\"]}]},{\"@type\":\"BreadcrumbList\",\"@id\":\"https:\/\/global.southerntower.co.jp\/fr\/hotel\/#breadcrumb\",\"itemListElement\":[{\"@type\":\"ListItem\",\"position\":1,\"name\":\"Home\",\"item\":\"https:\/\/global.southerntower.co.jp\/fr\/\"},{\"@type\":\"ListItem\",\"position\":2,\"name\":\"H\u00d4TEL\"}]},{\"@type\":\"WebSite\",\"@id\":\"https:\/\/global.southerntower.co.jp\/fr\/#website\",\"url\":\"https:\/\/global.southerntower.co.jp\/fr\/\",\"name\":\"L\u2019Hotel Century Southern Tower | Site Officiel\",\"description\":\"Great place to stay in Tokyo, near the shinjuku station,\",\"potentialAction\":[{\"@type\":\"SearchAction\",\"target\":{\"@type\":\"EntryPoint\",\"urlTemplate\":\"https:\/\/global.southerntower.co.jp\/fr\/?s={search_term_string}\"},\"query-input\":\"required name=search_term_string\"}],\"inLanguage\":\"fr-FR\"}]}<\/script>\n<!-- \/ Yoast SEO plugin. -->","yoast_head_json":{"title":"H\u00d4TEL | L\u2019Hotel Century Southern Tower | Site Officiel","robots":{"index":"index","follow":"follow","max-snippet":"max-snippet:-1","max-image-preview":"max-image-preview:large","max-video-preview":"max-video-preview:-1"},"canonical":"https:\/\/global.southerntower.co.jp\/fr\/hotel\/","og_locale":"fr_FR","og_type":"article","og_title":"H\u00d4TEL | L\u2019Hotel Century Southern Tower | Site Officiel","og_description":"Notre Hotel Century Southern Tower de 375 chambres offre un h\u00e9bergement moderne et calme avec une vue imprenable sur Tokyo depuis chaque chambre. Les invit\u00e9s ont acc\u00e8s au restaurant et bar Southern Tower Dining, au Lounge South Court, et aux installations multifonctionnelles pour les r\u00e9unions et les r\u00e9ceptions. Les clients b\u00e9n\u00e9ficient \u00e9galement d&rsquo;un acc\u00e8s \u00e0 [&hellip;]","og_url":"https:\/\/global.southerntower.co.jp\/fr\/hotel\/","og_site_name":"L\u2019Hotel Century Southern Tower | Site Officiel","article_modified_time":"2022-09-30T07:12:16+00:00","twitter_card":"summary_large_image","twitter_misc":{"Dur\u00e9e de lecture estim\u00e9e":"1 minute"},"schema":{"@context":"https:\/\/schema.org","@graph":[{"@type":"WebPage","@id":"https:\/\/global.southerntower.co.jp\/fr\/hotel\/","url":"https:\/\/global.southerntower.co.jp\/fr\/hotel\/","name":"H\u00d4TEL | L\u2019Hotel Century Southern Tower | Site Officiel","isPartOf":{"@id":"https:\/\/global.southerntower.co.jp\/fr\/#website"},"datePublished":"2019-09-03T06:06:07+00:00","dateModified":"2022-09-30T07:12:16+00:00","breadcrumb":{"@id":"https:\/\/global.southerntower.co.jp\/fr\/hotel\/#breadcrumb"},"inLanguage":"fr-FR","potentialAction":[{"@type":"ReadAction","target":["https:\/\/global.southerntower.co.jp\/fr\/hotel\/"]}]},{"@type":"BreadcrumbList","@id":"https:\/\/global.southerntower.co.jp\/fr\/hotel\/#breadcrumb","itemListElement":[{"@type":"ListItem","position":1,"name":"Home","item":"https:\/\/global.southerntower.co.jp\/fr\/"},{"@type":"ListItem","position":2,"name":"H\u00d4TEL"}]},{"@type":"WebSite","@id":"https:\/\/global.southerntower.co.jp\/fr\/#website","url":"https:\/\/global.southerntower.co.jp\/fr\/","name":"L\u2019Hotel Century Southern Tower | Site Officiel","description":"Great place to stay in Tokyo, near the shinjuku station,","potentialAction":[{"@type":"SearchAction","target":{"@type":"EntryPoint","urlTemplate":"https:\/\/global.southerntower.co.jp\/fr\/?s={search_term_string}"},"query-input":"required name=search_term_string"}],"inLanguage":"fr-FR"}]}},"publishpress_future_action":{"enabled":false,"date":"2026-04-29 05:33:03","action":"change-status","newStatus":"draft","terms":[],"taxonomy":"translation_priority"},"_links":{"self":[{"href":"https:\/\/global.southerntower.co.jp\/fr\/wp-json\/wp\/v2\/pages\/2053"}],"collection":[{"href":"https:\/\/global.southerntower.co.jp\/fr\/wp-json\/wp\/v2\/pages"}],"about":[{"href":"https:\/\/global.southerntower.co.jp\/fr\/wp-json\/wp\/v2\/types\/page"}],"author":[{"embeddable":true,"href":"https:\/\/global.southerntower.co.jp\/fr\/wp-json\/wp\/v2\/users\/6"}],"replies":[{"embeddable":true,"href":"https:\/\/global.southerntower.co.jp\/fr\/wp-json\/wp\/v2\/comments?post=2053"}],"version-history":[{"count":0,"href":"https:\/\/global.southerntower.co.jp\/fr\/wp-json\/wp\/v2\/pages\/2053\/revisions"}],"wp:attachment":[{"href":"https:\/\/global.southerntower.co.jp\/fr\/wp-json\/wp\/v2\/media?parent=2053"}],"curies":[{"name":"wp","href":"https:\/\/api.w.org\/{rel}","templated":true}]}}