{"id":2024,"date":"2019-07-10T01:54:20","date_gmt":"2019-07-10T01:54:20","guid":{"rendered":"https:\/\/global.southerntower.co.jp\/sample-page\/"},"modified":"2021-01-19T11:23:06","modified_gmt":"2021-01-19T02:23:06","slug":"sample-page","status":"publish","type":"page","link":"https:\/\/global.southerntower.co.jp\/fr\/","title":{"rendered":"BIENVENUE \u00c0 L&rsquo;HOTEL CENTURY SOUTHERN TOWER"},"content":{"rendered":"<p>L&rsquo;Hotel Century Southern Tower est id\u00e9alement situ\u00e9 au c\u0153ur de Shinjuku, le centre n\u00e9vralgique de Tokyo.<br \/>\nSitu\u00e9 \u00e0 3\u00a0minutes \u00e0 pied de la gare de Shinjuku, nous constituons le point de d\u00e9part id\u00e9al pour explorer la ville passionnante de Tokyo. Que vous soyez \u00e0 Tokyo pour affaires ou pour vos loisirs, vous pourrez profiter pleinement de tout ce dont vous avez besoin et plus encore dans le cadre de votre s\u00e9jour parmi nous.<\/p>\n","protected":false},"excerpt":{"rendered":"<p>L&rsquo;Hotel Century Southern Tower est id\u00e9alement situ\u00e9 au c\u0153ur de Shinjuku, le centre n\u00e9vralgique de Tokyo. Situ\u00e9 \u00e0 3\u00a0minutes \u00e0 pied de la gare de Shinjuku, nous constituons le point de d\u00e9part id\u00e9al pour explorer la ville passionnante de Tokyo. Que vous soyez \u00e0 Tokyo pour affaires ou pour vos loisirs, vous pourrez profiter pleinement [&hellip;]<\/p>\n","protected":false},"author":6,"featured_media":0,"parent":0,"menu_order":0,"comment_status":"closed","ping_status":"open","template":"","meta":{"footnotes":""},"acf":[],"yoast_head":"<!-- This site is optimized with the Yoast SEO plugin v22.3 - https:\/\/yoast.com\/wordpress\/plugins\/seo\/ -->\n<title>BIENVENUE \u00c0 L&#039;HOTEL CENTURY SOUTHERN TOWER | L\u2019Hotel Century Southern Tower | Site Officiel<\/title>\n<meta name=\"robots\" content=\"index, follow, max-snippet:-1, max-image-preview:large, max-video-preview:-1\" \/>\n<link rel=\"canonical\" href=\"https:\/\/global.southerntower.co.jp\/fr\/\" \/>\n<meta property=\"og:locale\" content=\"fr_FR\" \/>\n<meta property=\"og:type\" content=\"article\" \/>\n<meta property=\"og:title\" content=\"BIENVENUE \u00c0 L&#039;HOTEL CENTURY SOUTHERN TOWER | L\u2019Hotel Century Southern Tower | Site Officiel\" \/>\n<meta property=\"og:description\" content=\"L&rsquo;Hotel Century Southern Tower est id\u00e9alement situ\u00e9 au c\u0153ur de Shinjuku, le centre n\u00e9vralgique de Tokyo. Situ\u00e9 \u00e0 3\u00a0minutes \u00e0 pied de la gare de Shinjuku, nous constituons le point de d\u00e9part id\u00e9al pour explorer la ville passionnante de Tokyo. Que vous soyez \u00e0 Tokyo pour affaires ou pour vos loisirs, vous pourrez profiter pleinement [&hellip;]\" \/>\n<meta property=\"og:url\" content=\"https:\/\/global.southerntower.co.jp\/fr\/\" \/>\n<meta property=\"og:site_name\" content=\"L\u2019Hotel Century Southern Tower | Site Officiel\" \/>\n<meta property=\"article:modified_time\" content=\"2021-01-19T02:23:06+00:00\" \/>\n<meta name=\"twitter:card\" content=\"summary_large_image\" \/>\n<script type=\"application\/ld+json\" class=\"yoast-schema-graph\">{\"@context\":\"https:\/\/schema.org\",\"@graph\":[{\"@type\":\"WebPage\",\"@id\":\"https:\/\/global.southerntower.co.jp\/fr\/\",\"url\":\"https:\/\/global.southerntower.co.jp\/fr\/\",\"name\":\"BIENVENUE \u00c0 L'HOTEL CENTURY SOUTHERN TOWER | L\u2019Hotel Century Southern Tower | Site Officiel\",\"isPartOf\":{\"@id\":\"https:\/\/global.southerntower.co.jp\/fr\/#website\"},\"datePublished\":\"2019-07-10T01:54:20+00:00\",\"dateModified\":\"2021-01-19T02:23:06+00:00\",\"breadcrumb\":{\"@id\":\"https:\/\/global.southerntower.co.jp\/fr\/#breadcrumb\"},\"inLanguage\":\"fr-FR\",\"potentialAction\":[{\"@type\":\"ReadAction\",\"target\":[\"https:\/\/global.southerntower.co.jp\/fr\/\"]}]},{\"@type\":\"BreadcrumbList\",\"@id\":\"https:\/\/global.southerntower.co.jp\/fr\/#breadcrumb\",\"itemListElement\":[{\"@type\":\"ListItem\",\"position\":1,\"name\":\"Home\",\"item\":\"https:\/\/global.southerntower.co.jp\/fr\/\"},{\"@type\":\"ListItem\",\"position\":2,\"name\":\"BIENVENUE \u00c0 L&rsquo;HOTEL CENTURY SOUTHERN TOWER\"}]},{\"@type\":\"WebSite\",\"@id\":\"https:\/\/global.southerntower.co.jp\/fr\/#website\",\"url\":\"https:\/\/global.southerntower.co.jp\/fr\/\",\"name\":\"L\u2019Hotel Century Southern Tower | Site Officiel\",\"description\":\"Great place to stay in Tokyo, near the shinjuku station,\",\"potentialAction\":[{\"@type\":\"SearchAction\",\"target\":{\"@type\":\"EntryPoint\",\"urlTemplate\":\"https:\/\/global.southerntower.co.jp\/fr\/?s={search_term_string}\"},\"query-input\":\"required name=search_term_string\"}],\"inLanguage\":\"fr-FR\"}]}<\/script>\n<!-- \/ Yoast SEO plugin. -->","yoast_head_json":{"title":"BIENVENUE \u00c0 L'HOTEL CENTURY SOUTHERN TOWER | L\u2019Hotel Century Southern Tower | Site Officiel","robots":{"index":"index","follow":"follow","max-snippet":"max-snippet:-1","max-image-preview":"max-image-preview:large","max-video-preview":"max-video-preview:-1"},"canonical":"https:\/\/global.southerntower.co.jp\/fr\/","og_locale":"fr_FR","og_type":"article","og_title":"BIENVENUE \u00c0 L'HOTEL CENTURY SOUTHERN TOWER | L\u2019Hotel Century Southern Tower | Site Officiel","og_description":"L&rsquo;Hotel Century Southern Tower est id\u00e9alement situ\u00e9 au c\u0153ur de Shinjuku, le centre n\u00e9vralgique de Tokyo. Situ\u00e9 \u00e0 3\u00a0minutes \u00e0 pied de la gare de Shinjuku, nous constituons le point de d\u00e9part id\u00e9al pour explorer la ville passionnante de Tokyo. Que vous soyez \u00e0 Tokyo pour affaires ou pour vos loisirs, vous pourrez profiter pleinement [&hellip;]","og_url":"https:\/\/global.southerntower.co.jp\/fr\/","og_site_name":"L\u2019Hotel Century Southern Tower | Site Officiel","article_modified_time":"2021-01-19T02:23:06+00:00","twitter_card":"summary_large_image","schema":{"@context":"https:\/\/schema.org","@graph":[{"@type":"WebPage","@id":"https:\/\/global.southerntower.co.jp\/fr\/","url":"https:\/\/global.southerntower.co.jp\/fr\/","name":"BIENVENUE \u00c0 L'HOTEL CENTURY SOUTHERN TOWER | L\u2019Hotel Century Southern Tower | Site Officiel","isPartOf":{"@id":"https:\/\/global.southerntower.co.jp\/fr\/#website"},"datePublished":"2019-07-10T01:54:20+00:00","dateModified":"2021-01-19T02:23:06+00:00","breadcrumb":{"@id":"https:\/\/global.southerntower.co.jp\/fr\/#breadcrumb"},"inLanguage":"fr-FR","potentialAction":[{"@type":"ReadAction","target":["https:\/\/global.southerntower.co.jp\/fr\/"]}]},{"@type":"BreadcrumbList","@id":"https:\/\/global.southerntower.co.jp\/fr\/#breadcrumb","itemListElement":[{"@type":"ListItem","position":1,"name":"Home","item":"https:\/\/global.southerntower.co.jp\/fr\/"},{"@type":"ListItem","position":2,"name":"BIENVENUE \u00c0 L&rsquo;HOTEL CENTURY SOUTHERN TOWER"}]},{"@type":"WebSite","@id":"https:\/\/global.southerntower.co.jp\/fr\/#website","url":"https:\/\/global.southerntower.co.jp\/fr\/","name":"L\u2019Hotel Century Southern Tower | Site Officiel","description":"Great place to stay in Tokyo, near the shinjuku station,","potentialAction":[{"@type":"SearchAction","target":{"@type":"EntryPoint","urlTemplate":"https:\/\/global.southerntower.co.jp\/fr\/?s={search_term_string}"},"query-input":"required name=search_term_string"}],"inLanguage":"fr-FR"}]}},"publishpress_future_action":{"enabled":false,"date":"2026-04-30 23:01:34","action":"change-status","newStatus":"draft","terms":[],"taxonomy":"translation_priority"},"_links":{"self":[{"href":"https:\/\/global.southerntower.co.jp\/fr\/wp-json\/wp\/v2\/pages\/2024"}],"collection":[{"href":"https:\/\/global.southerntower.co.jp\/fr\/wp-json\/wp\/v2\/pages"}],"about":[{"href":"https:\/\/global.southerntower.co.jp\/fr\/wp-json\/wp\/v2\/types\/page"}],"author":[{"embeddable":true,"href":"https:\/\/global.southerntower.co.jp\/fr\/wp-json\/wp\/v2\/users\/6"}],"replies":[{"embeddable":true,"href":"https:\/\/global.southerntower.co.jp\/fr\/wp-json\/wp\/v2\/comments?post=2024"}],"version-history":[{"count":0,"href":"https:\/\/global.southerntower.co.jp\/fr\/wp-json\/wp\/v2\/pages\/2024\/revisions"}],"wp:attachment":[{"href":"https:\/\/global.southerntower.co.jp\/fr\/wp-json\/wp\/v2\/media?parent=2024"}],"curies":[{"name":"wp","href":"https:\/\/api.w.org\/{rel}","templated":true}]}}