{"id":2020,"date":"2020-01-23T13:46:35","date_gmt":"2020-01-23T04:46:35","guid":{"rendered":"https:\/\/global.southerntower.co.jp\/access-location\/tourist-information\/"},"modified":"2020-09-25T16:19:09","modified_gmt":"2020-09-25T07:19:09","slug":"tourist-information","status":"publish","type":"page","link":"https:\/\/global.southerntower.co.jp\/fr\/access-location\/tourist-information\/","title":{"rendered":"INFORMATIONS POUR LES TOURISTES"},"content":{"rendered":"<p>Tokyo est l&rsquo;une des villes les plus peupl\u00e9es du monde. Il s&rsquo;agit \u00e9galement de l&rsquo;une des 47 pr\u00e9fectures du Japon, compos\u00e9e de 23 quartiers centraux et de plusieurs villes et villages \u00e0 l&rsquo;ouest du centre ville. Environ 12 millions de personnes vivent dans la capitale du Japon. Tokyo est \u00e9galement le plus grand centre financier du monde, m\u00e9gapole g\u00e9ante \u00e0 la vie politique et culturelle riche. Tokyo frappe les invit\u00e9s par son architecture moderne inhabituelle.<\/p>\n<p>Tokyo a beaucoup \u00e0 offrir aux touristes, des \u00e9normes gratte-ciel modernes aux temples anciens. Tokyo offre \u00e0 ses visiteurs un choix apparemment illimit\u00e9 de boutiques, de divertissements, de culture et de restaurants. Tokyo est une ville avec une histoire unique et des traditions soigneusement pr\u00e9serv\u00e9es.<br \/>\nL&rsquo;histoire de la ville peut \u00eatre d\u00e9couverte dans des quartiers comme Asakusa, et dans de nombreux mus\u00e9es remarquables, temples historiques et jardins. Contrairement \u00e0 la perception courante, Tokyo offre \u00e9galement un certain nombre d&rsquo;espaces verts attrayants dans le centre ville et dans le cadre de trajets en train relativement courts \u00e0 sa p\u00e9riph\u00e9rie.<\/p>\n<p>Les technologies progressives et les coutumes orientales se compl\u00e8tent parfaitement. La capitale du Japon se compose de nombreux quartiers tr\u00e8s diff\u00e9rents les uns des autres. C&rsquo;est pourquoi on qualifie parfois Tokyo de \u00ab ville de contrastes \u00bb.<\/p>\n<p><a href=\"https:\/\/www.tripadvisor.com\/Attractions-g1023181-Activities-Tokyo_Prefecture_Kanto.html\" target=\"_blank\" rel=\"noopener noreferrer\">Suggestions concernant la pr\u00e9fecture de Tokyo<\/a><\/p>\n","protected":false},"excerpt":{"rendered":"<p>Tokyo est l&rsquo;une des villes les plus peupl\u00e9es du monde. Il s&rsquo;agit \u00e9galement de l&rsquo;une des 47 pr\u00e9fectures du Japon, compos\u00e9e de 23 quartiers centraux et de plusieurs villes et villages \u00e0 l&rsquo;ouest du centre ville. Environ 12 millions de personnes vivent dans la capitale du Japon. Tokyo est \u00e9galement le plus grand centre financier [&hellip;]<\/p>\n","protected":false},"author":6,"featured_media":0,"parent":2006,"menu_order":70,"comment_status":"closed","ping_status":"closed","template":"","meta":{"footnotes":""},"acf":[],"yoast_head":"<!-- This site is optimized with the Yoast SEO plugin v22.3 - https:\/\/yoast.com\/wordpress\/plugins\/seo\/ -->\n<title>INFORMATIONS POUR LES TOURISTES | L\u2019Hotel Century Southern Tower | Site Officiel<\/title>\n<meta name=\"robots\" content=\"index, follow, max-snippet:-1, max-image-preview:large, max-video-preview:-1\" \/>\n<link rel=\"canonical\" href=\"https:\/\/global.southerntower.co.jp\/fr\/access-location\/tourist-information\/\" \/>\n<meta property=\"og:locale\" content=\"fr_FR\" \/>\n<meta property=\"og:type\" content=\"article\" \/>\n<meta property=\"og:title\" content=\"INFORMATIONS POUR LES TOURISTES | L\u2019Hotel Century Southern Tower | Site Officiel\" \/>\n<meta property=\"og:description\" content=\"Tokyo est l&rsquo;une des villes les plus peupl\u00e9es du monde. Il s&rsquo;agit \u00e9galement de l&rsquo;une des 47 pr\u00e9fectures du Japon, compos\u00e9e de 23 quartiers centraux et de plusieurs villes et villages \u00e0 l&rsquo;ouest du centre ville. Environ 12 millions de personnes vivent dans la capitale du Japon. Tokyo est \u00e9galement le plus grand centre financier [&hellip;]\" \/>\n<meta property=\"og:url\" content=\"https:\/\/global.southerntower.co.jp\/fr\/access-location\/tourist-information\/\" \/>\n<meta property=\"og:site_name\" content=\"L\u2019Hotel Century Southern Tower | Site Officiel\" \/>\n<meta property=\"article:modified_time\" content=\"2020-09-25T07:19:09+00:00\" \/>\n<meta name=\"twitter:card\" content=\"summary_large_image\" \/>\n<meta name=\"twitter:label1\" content=\"Dur\u00e9e de lecture estim\u00e9e\" \/>\n\t<meta name=\"twitter:data1\" content=\"1 minute\" \/>\n<script type=\"application\/ld+json\" class=\"yoast-schema-graph\">{\"@context\":\"https:\/\/schema.org\",\"@graph\":[{\"@type\":\"WebPage\",\"@id\":\"https:\/\/global.southerntower.co.jp\/fr\/access-location\/tourist-information\/\",\"url\":\"https:\/\/global.southerntower.co.jp\/fr\/access-location\/tourist-information\/\",\"name\":\"INFORMATIONS POUR LES TOURISTES | L\u2019Hotel Century Southern Tower | Site Officiel\",\"isPartOf\":{\"@id\":\"https:\/\/global.southerntower.co.jp\/fr\/#website\"},\"datePublished\":\"2020-01-23T04:46:35+00:00\",\"dateModified\":\"2020-09-25T07:19:09+00:00\",\"breadcrumb\":{\"@id\":\"https:\/\/global.southerntower.co.jp\/fr\/access-location\/tourist-information\/#breadcrumb\"},\"inLanguage\":\"fr-FR\",\"potentialAction\":[{\"@type\":\"ReadAction\",\"target\":[\"https:\/\/global.southerntower.co.jp\/fr\/access-location\/tourist-information\/\"]}]},{\"@type\":\"BreadcrumbList\",\"@id\":\"https:\/\/global.southerntower.co.jp\/fr\/access-location\/tourist-information\/#breadcrumb\",\"itemListElement\":[{\"@type\":\"ListItem\",\"position\":1,\"name\":\"Home\",\"item\":\"https:\/\/global.southerntower.co.jp\/fr\/\"},{\"@type\":\"ListItem\",\"position\":2,\"name\":\"ACC\u00c8S ET PLAN DE SITUATION\",\"item\":\"https:\/\/global.southerntower.co.jp\/fr\/access-location\/\"},{\"@type\":\"ListItem\",\"position\":3,\"name\":\"INFORMATIONS POUR LES TOURISTES\"}]},{\"@type\":\"WebSite\",\"@id\":\"https:\/\/global.southerntower.co.jp\/fr\/#website\",\"url\":\"https:\/\/global.southerntower.co.jp\/fr\/\",\"name\":\"L\u2019Hotel Century Southern Tower | Site Officiel\",\"description\":\"Great place to stay in Tokyo, near the shinjuku station,\",\"potentialAction\":[{\"@type\":\"SearchAction\",\"target\":{\"@type\":\"EntryPoint\",\"urlTemplate\":\"https:\/\/global.southerntower.co.jp\/fr\/?s={search_term_string}\"},\"query-input\":\"required name=search_term_string\"}],\"inLanguage\":\"fr-FR\"}]}<\/script>\n<!-- \/ Yoast SEO plugin. -->","yoast_head_json":{"title":"INFORMATIONS POUR LES TOURISTES | L\u2019Hotel Century Southern Tower | Site Officiel","robots":{"index":"index","follow":"follow","max-snippet":"max-snippet:-1","max-image-preview":"max-image-preview:large","max-video-preview":"max-video-preview:-1"},"canonical":"https:\/\/global.southerntower.co.jp\/fr\/access-location\/tourist-information\/","og_locale":"fr_FR","og_type":"article","og_title":"INFORMATIONS POUR LES TOURISTES | L\u2019Hotel Century Southern Tower | Site Officiel","og_description":"Tokyo est l&rsquo;une des villes les plus peupl\u00e9es du monde. Il s&rsquo;agit \u00e9galement de l&rsquo;une des 47 pr\u00e9fectures du Japon, compos\u00e9e de 23 quartiers centraux et de plusieurs villes et villages \u00e0 l&rsquo;ouest du centre ville. Environ 12 millions de personnes vivent dans la capitale du Japon. Tokyo est \u00e9galement le plus grand centre financier [&hellip;]","og_url":"https:\/\/global.southerntower.co.jp\/fr\/access-location\/tourist-information\/","og_site_name":"L\u2019Hotel Century Southern Tower | Site Officiel","article_modified_time":"2020-09-25T07:19:09+00:00","twitter_card":"summary_large_image","twitter_misc":{"Dur\u00e9e de lecture estim\u00e9e":"1 minute"},"schema":{"@context":"https:\/\/schema.org","@graph":[{"@type":"WebPage","@id":"https:\/\/global.southerntower.co.jp\/fr\/access-location\/tourist-information\/","url":"https:\/\/global.southerntower.co.jp\/fr\/access-location\/tourist-information\/","name":"INFORMATIONS POUR LES TOURISTES | L\u2019Hotel Century Southern Tower | Site Officiel","isPartOf":{"@id":"https:\/\/global.southerntower.co.jp\/fr\/#website"},"datePublished":"2020-01-23T04:46:35+00:00","dateModified":"2020-09-25T07:19:09+00:00","breadcrumb":{"@id":"https:\/\/global.southerntower.co.jp\/fr\/access-location\/tourist-information\/#breadcrumb"},"inLanguage":"fr-FR","potentialAction":[{"@type":"ReadAction","target":["https:\/\/global.southerntower.co.jp\/fr\/access-location\/tourist-information\/"]}]},{"@type":"BreadcrumbList","@id":"https:\/\/global.southerntower.co.jp\/fr\/access-location\/tourist-information\/#breadcrumb","itemListElement":[{"@type":"ListItem","position":1,"name":"Home","item":"https:\/\/global.southerntower.co.jp\/fr\/"},{"@type":"ListItem","position":2,"name":"ACC\u00c8S ET PLAN DE SITUATION","item":"https:\/\/global.southerntower.co.jp\/fr\/access-location\/"},{"@type":"ListItem","position":3,"name":"INFORMATIONS POUR LES TOURISTES"}]},{"@type":"WebSite","@id":"https:\/\/global.southerntower.co.jp\/fr\/#website","url":"https:\/\/global.southerntower.co.jp\/fr\/","name":"L\u2019Hotel Century Southern Tower | Site Officiel","description":"Great place to stay in Tokyo, near the shinjuku station,","potentialAction":[{"@type":"SearchAction","target":{"@type":"EntryPoint","urlTemplate":"https:\/\/global.southerntower.co.jp\/fr\/?s={search_term_string}"},"query-input":"required name=search_term_string"}],"inLanguage":"fr-FR"}]}},"publishpress_future_action":{"enabled":false,"date":"2026-04-12 21:31:39","action":"change-status","newStatus":"draft","terms":[],"taxonomy":"translation_priority"},"_links":{"self":[{"href":"https:\/\/global.southerntower.co.jp\/fr\/wp-json\/wp\/v2\/pages\/2020"}],"collection":[{"href":"https:\/\/global.southerntower.co.jp\/fr\/wp-json\/wp\/v2\/pages"}],"about":[{"href":"https:\/\/global.southerntower.co.jp\/fr\/wp-json\/wp\/v2\/types\/page"}],"author":[{"embeddable":true,"href":"https:\/\/global.southerntower.co.jp\/fr\/wp-json\/wp\/v2\/users\/6"}],"replies":[{"embeddable":true,"href":"https:\/\/global.southerntower.co.jp\/fr\/wp-json\/wp\/v2\/comments?post=2020"}],"version-history":[{"count":0,"href":"https:\/\/global.southerntower.co.jp\/fr\/wp-json\/wp\/v2\/pages\/2020\/revisions"}],"up":[{"embeddable":true,"href":"https:\/\/global.southerntower.co.jp\/fr\/wp-json\/wp\/v2\/pages\/2006"}],"wp:attachment":[{"href":"https:\/\/global.southerntower.co.jp\/fr\/wp-json\/wp\/v2\/media?parent=2020"}],"curies":[{"name":"wp","href":"https:\/\/api.w.org\/{rel}","templated":true}]}}