{"id":2018,"date":"2020-01-23T13:45:44","date_gmt":"2020-01-23T04:45:44","guid":{"rendered":"https:\/\/global.southerntower.co.jp\/access-location\/by-car\/"},"modified":"2024-03-23T08:52:36","modified_gmt":"2024-03-22T23:52:36","slug":"by-car","status":"publish","type":"page","link":"https:\/\/global.southerntower.co.jp\/fr\/access-location\/by-car\/","title":{"rendered":"EN VOITURE"},"content":{"rendered":"<p>5 minutes de trajet en voiture depuis la ligne 4 de l&rsquo;autoroute m\u00e9tropolitaine<\/p>\n<p><strong>Parking<\/strong><br \/>\nNotre b\u00e2timent ODAKYU Southern Tower \uff08TIMES) offre un parking priv\u00e9 sur place avec une capacit\u00e9 de 73 voitures. Les frais de stationnement ne sont pas inclus dans le prix de la chambre d&rsquo;h\u00f4tel.<br \/>\nLe parking est un parking affili\u00e9 et n&rsquo;est pas le parking exclusif de l&rsquo;h\u00f4tel.<br \/>\nNous vous recommandons de venir \u00e0 l&rsquo;h\u00f4tel par les transports en commun dans la mesure du possible en raison du nombre limit\u00e9 de places de parking disponibles (73 voitures).<\/p>\n<p>&nbsp;<\/p>\n<p><strong>Frais de stationnement<\/strong><br \/>\nFrais de stationnement de base : 440 JPY pour chaque 30 minutes<\/p>\n<p>Pour les clients de l&rsquo;h\u00f4tel : Un laissez-passer de stationnement est disponible pour les clients de l&rsquo;h\u00f4tel enregistr\u00e9s pour 2 400 JPY par jour (24 heures).<br \/>\nSi vous avez besoin d&rsquo;acheter le laissez-passer, veuillez vous adresser \u00e0 notre r\u00e9ception.<br \/>\n<span class=\"Y2IQFc\" lang=\"fr\">*Les prix sont sujets \u00e0 changement sans pr\u00e9avis.<\/span><\/p>\n<p>&nbsp;<\/p>\n<p>Pour les participants aux r\u00e9ceptions et r\u00e9unions : 3 heures de stationnement gratuit<\/p>\n<p>Pour ceux qui utilisent les restaurants et salons de l&rsquo;h\u00f4tel pour tout achat de 3 000 JPY ou plus : 2 heures de stationnement gratuites.<\/p>\n","protected":false},"excerpt":{"rendered":"<p>5 minutes de trajet en voiture depuis la ligne 4 de l&rsquo;autoroute m\u00e9tropolitaine Parking Notre b\u00e2timent ODAKYU Southern Tower \uff08TIMES) offre un parking priv\u00e9 sur place avec une capacit\u00e9 de 73 voitures. Les frais de stationnement ne sont pas inclus dans le prix de la chambre d&rsquo;h\u00f4tel. Le parking est un parking affili\u00e9 et n&rsquo;est [&hellip;]<\/p>\n","protected":false},"author":6,"featured_media":0,"parent":2006,"menu_order":60,"comment_status":"closed","ping_status":"closed","template":"","meta":{"footnotes":""},"acf":[],"yoast_head":"<!-- This site is optimized with the Yoast SEO plugin v22.3 - https:\/\/yoast.com\/wordpress\/plugins\/seo\/ -->\n<title>EN VOITURE | L\u2019Hotel Century Southern Tower | Site Officiel<\/title>\n<meta name=\"robots\" content=\"index, follow, max-snippet:-1, max-image-preview:large, max-video-preview:-1\" \/>\n<link rel=\"canonical\" href=\"https:\/\/global.southerntower.co.jp\/fr\/access-location\/by-car\/\" \/>\n<meta property=\"og:locale\" content=\"fr_FR\" \/>\n<meta property=\"og:type\" content=\"article\" \/>\n<meta property=\"og:title\" content=\"EN VOITURE | L\u2019Hotel Century Southern Tower | Site Officiel\" \/>\n<meta property=\"og:description\" content=\"5 minutes de trajet en voiture depuis la ligne 4 de l&rsquo;autoroute m\u00e9tropolitaine Parking Notre b\u00e2timent ODAKYU Southern Tower \uff08TIMES) offre un parking priv\u00e9 sur place avec une capacit\u00e9 de 73 voitures. Les frais de stationnement ne sont pas inclus dans le prix de la chambre d&rsquo;h\u00f4tel. Le parking est un parking affili\u00e9 et n&rsquo;est [&hellip;]\" \/>\n<meta property=\"og:url\" content=\"https:\/\/global.southerntower.co.jp\/fr\/access-location\/by-car\/\" \/>\n<meta property=\"og:site_name\" content=\"L\u2019Hotel Century Southern Tower | Site Officiel\" \/>\n<meta property=\"article:modified_time\" content=\"2024-03-22T23:52:36+00:00\" \/>\n<meta name=\"twitter:card\" content=\"summary_large_image\" \/>\n<meta name=\"twitter:label1\" content=\"Dur\u00e9e de lecture estim\u00e9e\" \/>\n\t<meta name=\"twitter:data1\" content=\"1 minute\" \/>\n<script type=\"application\/ld+json\" class=\"yoast-schema-graph\">{\"@context\":\"https:\/\/schema.org\",\"@graph\":[{\"@type\":\"WebPage\",\"@id\":\"https:\/\/global.southerntower.co.jp\/fr\/access-location\/by-car\/\",\"url\":\"https:\/\/global.southerntower.co.jp\/fr\/access-location\/by-car\/\",\"name\":\"EN VOITURE | L\u2019Hotel Century Southern Tower | Site Officiel\",\"isPartOf\":{\"@id\":\"https:\/\/global.southerntower.co.jp\/fr\/#website\"},\"datePublished\":\"2020-01-23T04:45:44+00:00\",\"dateModified\":\"2024-03-22T23:52:36+00:00\",\"breadcrumb\":{\"@id\":\"https:\/\/global.southerntower.co.jp\/fr\/access-location\/by-car\/#breadcrumb\"},\"inLanguage\":\"fr-FR\",\"potentialAction\":[{\"@type\":\"ReadAction\",\"target\":[\"https:\/\/global.southerntower.co.jp\/fr\/access-location\/by-car\/\"]}]},{\"@type\":\"BreadcrumbList\",\"@id\":\"https:\/\/global.southerntower.co.jp\/fr\/access-location\/by-car\/#breadcrumb\",\"itemListElement\":[{\"@type\":\"ListItem\",\"position\":1,\"name\":\"Home\",\"item\":\"https:\/\/global.southerntower.co.jp\/fr\/\"},{\"@type\":\"ListItem\",\"position\":2,\"name\":\"ACC\u00c8S ET PLAN DE SITUATION\",\"item\":\"https:\/\/global.southerntower.co.jp\/fr\/access-location\/\"},{\"@type\":\"ListItem\",\"position\":3,\"name\":\"EN VOITURE\"}]},{\"@type\":\"WebSite\",\"@id\":\"https:\/\/global.southerntower.co.jp\/fr\/#website\",\"url\":\"https:\/\/global.southerntower.co.jp\/fr\/\",\"name\":\"L\u2019Hotel Century Southern Tower | Site Officiel\",\"description\":\"Great place to stay in Tokyo, near the shinjuku station,\",\"potentialAction\":[{\"@type\":\"SearchAction\",\"target\":{\"@type\":\"EntryPoint\",\"urlTemplate\":\"https:\/\/global.southerntower.co.jp\/fr\/?s={search_term_string}\"},\"query-input\":\"required name=search_term_string\"}],\"inLanguage\":\"fr-FR\"}]}<\/script>\n<!-- \/ Yoast SEO plugin. -->","yoast_head_json":{"title":"EN VOITURE | L\u2019Hotel Century Southern Tower | Site Officiel","robots":{"index":"index","follow":"follow","max-snippet":"max-snippet:-1","max-image-preview":"max-image-preview:large","max-video-preview":"max-video-preview:-1"},"canonical":"https:\/\/global.southerntower.co.jp\/fr\/access-location\/by-car\/","og_locale":"fr_FR","og_type":"article","og_title":"EN VOITURE | L\u2019Hotel Century Southern Tower | Site Officiel","og_description":"5 minutes de trajet en voiture depuis la ligne 4 de l&rsquo;autoroute m\u00e9tropolitaine Parking Notre b\u00e2timent ODAKYU Southern Tower \uff08TIMES) offre un parking priv\u00e9 sur place avec une capacit\u00e9 de 73 voitures. Les frais de stationnement ne sont pas inclus dans le prix de la chambre d&rsquo;h\u00f4tel. Le parking est un parking affili\u00e9 et n&rsquo;est [&hellip;]","og_url":"https:\/\/global.southerntower.co.jp\/fr\/access-location\/by-car\/","og_site_name":"L\u2019Hotel Century Southern Tower | Site Officiel","article_modified_time":"2024-03-22T23:52:36+00:00","twitter_card":"summary_large_image","twitter_misc":{"Dur\u00e9e de lecture estim\u00e9e":"1 minute"},"schema":{"@context":"https:\/\/schema.org","@graph":[{"@type":"WebPage","@id":"https:\/\/global.southerntower.co.jp\/fr\/access-location\/by-car\/","url":"https:\/\/global.southerntower.co.jp\/fr\/access-location\/by-car\/","name":"EN VOITURE | L\u2019Hotel Century Southern Tower | Site Officiel","isPartOf":{"@id":"https:\/\/global.southerntower.co.jp\/fr\/#website"},"datePublished":"2020-01-23T04:45:44+00:00","dateModified":"2024-03-22T23:52:36+00:00","breadcrumb":{"@id":"https:\/\/global.southerntower.co.jp\/fr\/access-location\/by-car\/#breadcrumb"},"inLanguage":"fr-FR","potentialAction":[{"@type":"ReadAction","target":["https:\/\/global.southerntower.co.jp\/fr\/access-location\/by-car\/"]}]},{"@type":"BreadcrumbList","@id":"https:\/\/global.southerntower.co.jp\/fr\/access-location\/by-car\/#breadcrumb","itemListElement":[{"@type":"ListItem","position":1,"name":"Home","item":"https:\/\/global.southerntower.co.jp\/fr\/"},{"@type":"ListItem","position":2,"name":"ACC\u00c8S ET PLAN DE SITUATION","item":"https:\/\/global.southerntower.co.jp\/fr\/access-location\/"},{"@type":"ListItem","position":3,"name":"EN VOITURE"}]},{"@type":"WebSite","@id":"https:\/\/global.southerntower.co.jp\/fr\/#website","url":"https:\/\/global.southerntower.co.jp\/fr\/","name":"L\u2019Hotel Century Southern Tower | Site Officiel","description":"Great place to stay in Tokyo, near the shinjuku station,","potentialAction":[{"@type":"SearchAction","target":{"@type":"EntryPoint","urlTemplate":"https:\/\/global.southerntower.co.jp\/fr\/?s={search_term_string}"},"query-input":"required name=search_term_string"}],"inLanguage":"fr-FR"}]}},"publishpress_future_action":{"enabled":false,"date":"2026-04-22 17:17:47","action":"change-status","newStatus":"draft","terms":[],"taxonomy":"translation_priority"},"_links":{"self":[{"href":"https:\/\/global.southerntower.co.jp\/fr\/wp-json\/wp\/v2\/pages\/2018"}],"collection":[{"href":"https:\/\/global.southerntower.co.jp\/fr\/wp-json\/wp\/v2\/pages"}],"about":[{"href":"https:\/\/global.southerntower.co.jp\/fr\/wp-json\/wp\/v2\/types\/page"}],"author":[{"embeddable":true,"href":"https:\/\/global.southerntower.co.jp\/fr\/wp-json\/wp\/v2\/users\/6"}],"replies":[{"embeddable":true,"href":"https:\/\/global.southerntower.co.jp\/fr\/wp-json\/wp\/v2\/comments?post=2018"}],"version-history":[{"count":0,"href":"https:\/\/global.southerntower.co.jp\/fr\/wp-json\/wp\/v2\/pages\/2018\/revisions"}],"up":[{"embeddable":true,"href":"https:\/\/global.southerntower.co.jp\/fr\/wp-json\/wp\/v2\/pages\/2006"}],"wp:attachment":[{"href":"https:\/\/global.southerntower.co.jp\/fr\/wp-json\/wp\/v2\/media?parent=2018"}],"curies":[{"name":"wp","href":"https:\/\/api.w.org\/{rel}","templated":true}]}}