{"id":2014,"date":"2019-09-04T00:39:00","date_gmt":"2019-09-04T00:39:00","guid":{"rendered":"https:\/\/global.southerntower.co.jp\/access-location\/narita-international-airport-nrt\/"},"modified":"2022-10-14T13:38:22","modified_gmt":"2022-10-14T04:38:22","slug":"narita-international-airport-nrt","status":"publish","type":"page","link":"https:\/\/global.southerntower.co.jp\/fr\/access-location\/narita-international-airport-nrt\/","title":{"rendered":"A\u00c9ROPORT INTERNATIONAL DE NARITA (NRT)"},"content":{"rendered":"<p><strong>En bus limousine de l&rsquo;a\u00e9roport<\/strong><br \/>\nEnviron 100-140 minutes<\/p>\n<p>Tarifs : 3 200 JPY (adulte seul), 1 600 JPY (enfant seul)<\/p>\n<p>O\u00f9 acheter votre billet \u00e0 l&rsquo;avance pour l&rsquo;a\u00e9roport de Narita : <span class=\"Y2IQFc\" lang=\"fr\">R\u00e9ception <\/span>au 20e \u00e9tage<\/p>\n<p>O\u00f9 aller pour se rendre \u00e0 l&rsquo;a\u00e9roport de Narita : Entr\u00e9e de l&rsquo;h\u00f4tel au 1er \u00e9tage<\/p>\n<p>Entr\u00e9e au 1er \u00e9tage\/Le bus limousine de l&rsquo;a\u00e9roport vous attend (D\u00e9part\/Arriv\u00e9e)<\/p>\n<p>Distance : 62,6 km<\/p>\n<p>Les heures d&rsquo;arriv\u00e9e sont indiqu\u00e9es selon l&rsquo;heure pr\u00e9vue.<br \/>\nLes services de bus limousine de l&rsquo;a\u00e9roport sont disponibles \u00e0 la gare routi\u00e8re de l&rsquo;autoroute de Shinjuku (Busta Shinjuku). La gare routi\u00e8re est directement reli\u00e9e \u00e0 la gare JR de Shinjuku \u00ab Sortie New South \u00bb, et \u00e0 trois minutes de l&rsquo;h\u00f4tel.<\/p>\n<p><a href=\"https:\/\/www.southerntower.co.jp\/Portals\/0\/images\/access\/map_large_201608.pdf\" target=\"_blank\" rel=\"noopener noreferrer\">Comment se rendre \u00e0 la gare routi\u00e8re de l&rsquo;autoroute de Shinjuku (Busta Shinjuku) depuis l&rsquo;h\u00f4tel<\/a><\/p>\n<p><a href=\"https:\/\/webservice.limousinebus.co.jp\/web\/en\/\" target=\"_blank\" rel=\"noopener noreferrer\">Site officiel des bus limousines de l&rsquo;a\u00e9roport<\/a><\/p>\n<p><strong>Par Narita Express (NEX)<\/strong><br \/>\nEnviron 80 minutes jusqu&rsquo;\u00e0 la gare de Shinjuku<\/p>\n","protected":false},"excerpt":{"rendered":"<p>En bus limousine de l&rsquo;a\u00e9roport Environ 100-140 minutes Tarifs : 3 200 JPY (adulte seul), 1 600 JPY (enfant seul) O\u00f9 acheter votre billet \u00e0 l&rsquo;avance pour l&rsquo;a\u00e9roport de Narita : R\u00e9ception au 20e \u00e9tage O\u00f9 aller pour se rendre \u00e0 l&rsquo;a\u00e9roport de Narita : Entr\u00e9e de l&rsquo;h\u00f4tel au 1er \u00e9tage Entr\u00e9e au 1er \u00e9tage\/Le [&hellip;]<\/p>\n","protected":false},"author":6,"featured_media":0,"parent":2006,"menu_order":40,"comment_status":"closed","ping_status":"closed","template":"","meta":{"footnotes":""},"acf":[],"yoast_head":"<!-- This site is optimized with the Yoast SEO plugin v22.3 - https:\/\/yoast.com\/wordpress\/plugins\/seo\/ -->\n<title>A\u00c9ROPORT INTERNATIONAL DE NARITA (NRT) | L\u2019Hotel Century Southern Tower | Site Officiel<\/title>\n<meta name=\"robots\" content=\"index, follow, max-snippet:-1, max-image-preview:large, max-video-preview:-1\" \/>\n<link rel=\"canonical\" href=\"https:\/\/global.southerntower.co.jp\/fr\/access-location\/narita-international-airport-nrt\/\" \/>\n<meta property=\"og:locale\" content=\"fr_FR\" \/>\n<meta property=\"og:type\" content=\"article\" \/>\n<meta property=\"og:title\" content=\"A\u00c9ROPORT INTERNATIONAL DE NARITA (NRT) | L\u2019Hotel Century Southern Tower | Site Officiel\" \/>\n<meta property=\"og:description\" content=\"En bus limousine de l&rsquo;a\u00e9roport Environ 100-140 minutes Tarifs : 3 200 JPY (adulte seul), 1 600 JPY (enfant seul) O\u00f9 acheter votre billet \u00e0 l&rsquo;avance pour l&rsquo;a\u00e9roport de Narita : R\u00e9ception au 20e \u00e9tage O\u00f9 aller pour se rendre \u00e0 l&rsquo;a\u00e9roport de Narita : Entr\u00e9e de l&rsquo;h\u00f4tel au 1er \u00e9tage Entr\u00e9e au 1er \u00e9tage\/Le [&hellip;]\" \/>\n<meta property=\"og:url\" content=\"https:\/\/global.southerntower.co.jp\/fr\/access-location\/narita-international-airport-nrt\/\" \/>\n<meta property=\"og:site_name\" content=\"L\u2019Hotel Century Southern Tower | Site Officiel\" \/>\n<meta property=\"article:modified_time\" content=\"2022-10-14T04:38:22+00:00\" \/>\n<meta name=\"twitter:card\" content=\"summary_large_image\" \/>\n<meta name=\"twitter:label1\" content=\"Dur\u00e9e de lecture estim\u00e9e\" \/>\n\t<meta name=\"twitter:data1\" content=\"1 minute\" \/>\n<script type=\"application\/ld+json\" class=\"yoast-schema-graph\">{\"@context\":\"https:\/\/schema.org\",\"@graph\":[{\"@type\":\"WebPage\",\"@id\":\"https:\/\/global.southerntower.co.jp\/fr\/access-location\/narita-international-airport-nrt\/\",\"url\":\"https:\/\/global.southerntower.co.jp\/fr\/access-location\/narita-international-airport-nrt\/\",\"name\":\"A\u00c9ROPORT INTERNATIONAL DE NARITA (NRT) | L\u2019Hotel Century Southern Tower | Site Officiel\",\"isPartOf\":{\"@id\":\"https:\/\/global.southerntower.co.jp\/fr\/#website\"},\"datePublished\":\"2019-09-04T00:39:00+00:00\",\"dateModified\":\"2022-10-14T04:38:22+00:00\",\"breadcrumb\":{\"@id\":\"https:\/\/global.southerntower.co.jp\/fr\/access-location\/narita-international-airport-nrt\/#breadcrumb\"},\"inLanguage\":\"fr-FR\",\"potentialAction\":[{\"@type\":\"ReadAction\",\"target\":[\"https:\/\/global.southerntower.co.jp\/fr\/access-location\/narita-international-airport-nrt\/\"]}]},{\"@type\":\"BreadcrumbList\",\"@id\":\"https:\/\/global.southerntower.co.jp\/fr\/access-location\/narita-international-airport-nrt\/#breadcrumb\",\"itemListElement\":[{\"@type\":\"ListItem\",\"position\":1,\"name\":\"Home\",\"item\":\"https:\/\/global.southerntower.co.jp\/fr\/\"},{\"@type\":\"ListItem\",\"position\":2,\"name\":\"ACC\u00c8S ET PLAN DE SITUATION\",\"item\":\"https:\/\/global.southerntower.co.jp\/fr\/access-location\/\"},{\"@type\":\"ListItem\",\"position\":3,\"name\":\"A\u00c9ROPORT INTERNATIONAL DE NARITA (NRT)\"}]},{\"@type\":\"WebSite\",\"@id\":\"https:\/\/global.southerntower.co.jp\/fr\/#website\",\"url\":\"https:\/\/global.southerntower.co.jp\/fr\/\",\"name\":\"L\u2019Hotel Century Southern Tower | Site Officiel\",\"description\":\"Great place to stay in Tokyo, near the shinjuku station,\",\"potentialAction\":[{\"@type\":\"SearchAction\",\"target\":{\"@type\":\"EntryPoint\",\"urlTemplate\":\"https:\/\/global.southerntower.co.jp\/fr\/?s={search_term_string}\"},\"query-input\":\"required name=search_term_string\"}],\"inLanguage\":\"fr-FR\"}]}<\/script>\n<!-- \/ Yoast SEO plugin. -->","yoast_head_json":{"title":"A\u00c9ROPORT INTERNATIONAL DE NARITA (NRT) | L\u2019Hotel Century Southern Tower | Site Officiel","robots":{"index":"index","follow":"follow","max-snippet":"max-snippet:-1","max-image-preview":"max-image-preview:large","max-video-preview":"max-video-preview:-1"},"canonical":"https:\/\/global.southerntower.co.jp\/fr\/access-location\/narita-international-airport-nrt\/","og_locale":"fr_FR","og_type":"article","og_title":"A\u00c9ROPORT INTERNATIONAL DE NARITA (NRT) | L\u2019Hotel Century Southern Tower | Site Officiel","og_description":"En bus limousine de l&rsquo;a\u00e9roport Environ 100-140 minutes Tarifs : 3 200 JPY (adulte seul), 1 600 JPY (enfant seul) O\u00f9 acheter votre billet \u00e0 l&rsquo;avance pour l&rsquo;a\u00e9roport de Narita : R\u00e9ception au 20e \u00e9tage O\u00f9 aller pour se rendre \u00e0 l&rsquo;a\u00e9roport de Narita : Entr\u00e9e de l&rsquo;h\u00f4tel au 1er \u00e9tage Entr\u00e9e au 1er \u00e9tage\/Le [&hellip;]","og_url":"https:\/\/global.southerntower.co.jp\/fr\/access-location\/narita-international-airport-nrt\/","og_site_name":"L\u2019Hotel Century Southern Tower | Site Officiel","article_modified_time":"2022-10-14T04:38:22+00:00","twitter_card":"summary_large_image","twitter_misc":{"Dur\u00e9e de lecture estim\u00e9e":"1 minute"},"schema":{"@context":"https:\/\/schema.org","@graph":[{"@type":"WebPage","@id":"https:\/\/global.southerntower.co.jp\/fr\/access-location\/narita-international-airport-nrt\/","url":"https:\/\/global.southerntower.co.jp\/fr\/access-location\/narita-international-airport-nrt\/","name":"A\u00c9ROPORT INTERNATIONAL DE NARITA (NRT) | L\u2019Hotel Century Southern Tower | Site Officiel","isPartOf":{"@id":"https:\/\/global.southerntower.co.jp\/fr\/#website"},"datePublished":"2019-09-04T00:39:00+00:00","dateModified":"2022-10-14T04:38:22+00:00","breadcrumb":{"@id":"https:\/\/global.southerntower.co.jp\/fr\/access-location\/narita-international-airport-nrt\/#breadcrumb"},"inLanguage":"fr-FR","potentialAction":[{"@type":"ReadAction","target":["https:\/\/global.southerntower.co.jp\/fr\/access-location\/narita-international-airport-nrt\/"]}]},{"@type":"BreadcrumbList","@id":"https:\/\/global.southerntower.co.jp\/fr\/access-location\/narita-international-airport-nrt\/#breadcrumb","itemListElement":[{"@type":"ListItem","position":1,"name":"Home","item":"https:\/\/global.southerntower.co.jp\/fr\/"},{"@type":"ListItem","position":2,"name":"ACC\u00c8S ET PLAN DE SITUATION","item":"https:\/\/global.southerntower.co.jp\/fr\/access-location\/"},{"@type":"ListItem","position":3,"name":"A\u00c9ROPORT INTERNATIONAL DE NARITA (NRT)"}]},{"@type":"WebSite","@id":"https:\/\/global.southerntower.co.jp\/fr\/#website","url":"https:\/\/global.southerntower.co.jp\/fr\/","name":"L\u2019Hotel Century Southern Tower | Site Officiel","description":"Great place to stay in Tokyo, near the shinjuku station,","potentialAction":[{"@type":"SearchAction","target":{"@type":"EntryPoint","urlTemplate":"https:\/\/global.southerntower.co.jp\/fr\/?s={search_term_string}"},"query-input":"required name=search_term_string"}],"inLanguage":"fr-FR"}]}},"publishpress_future_action":{"enabled":false,"date":"2026-04-23 15:18:32","action":"change-status","newStatus":"draft","terms":[],"taxonomy":"translation_priority"},"_links":{"self":[{"href":"https:\/\/global.southerntower.co.jp\/fr\/wp-json\/wp\/v2\/pages\/2014"}],"collection":[{"href":"https:\/\/global.southerntower.co.jp\/fr\/wp-json\/wp\/v2\/pages"}],"about":[{"href":"https:\/\/global.southerntower.co.jp\/fr\/wp-json\/wp\/v2\/types\/page"}],"author":[{"embeddable":true,"href":"https:\/\/global.southerntower.co.jp\/fr\/wp-json\/wp\/v2\/users\/6"}],"replies":[{"embeddable":true,"href":"https:\/\/global.southerntower.co.jp\/fr\/wp-json\/wp\/v2\/comments?post=2014"}],"version-history":[{"count":0,"href":"https:\/\/global.southerntower.co.jp\/fr\/wp-json\/wp\/v2\/pages\/2014\/revisions"}],"up":[{"embeddable":true,"href":"https:\/\/global.southerntower.co.jp\/fr\/wp-json\/wp\/v2\/pages\/2006"}],"wp:attachment":[{"href":"https:\/\/global.southerntower.co.jp\/fr\/wp-json\/wp\/v2\/media?parent=2014"}],"curies":[{"name":"wp","href":"https:\/\/api.w.org\/{rel}","templated":true}]}}