{"id":2012,"date":"2019-09-04T00:40:47","date_gmt":"2019-09-04T00:40:47","guid":{"rendered":"https:\/\/global.southerntower.co.jp\/access-location\/by-train\/"},"modified":"2020-09-25T16:00:23","modified_gmt":"2020-09-25T07:00:23","slug":"by-train","status":"publish","type":"page","link":"https:\/\/global.southerntower.co.jp\/fr\/access-location\/by-train\/","title":{"rendered":"EN TRAIN"},"content":{"rendered":"<p>\u00c0 3\u00a0minutes de JR, Odakyu, \u00ab\u00a0Sortie Sud\u00a0\u00bb de la ligne Keio Shinjuku<br \/>\n*\u00a0L&rsquo;entr\u00e9e de l&rsquo;h\u00f4tel est situ\u00e9e au 2e\u00a0\u00e9tage.<\/p>\n<p>\u00c0 3\u00a0minutes de la gare JR Shinjuku \u00ab\u00a0Koshu-Kaido Gate\u00a0\u00bb ou \u00ab\u00a0New South Gate\u00a0\u00bb<br \/>\n *\u00a0L&rsquo;entr\u00e9e de l&rsquo;h\u00f4tel est situ\u00e9e au 2e\u00a0\u00e9tage.<\/p>\n<p>\u00c0 3\u00a0minutes de la gare routi\u00e8re de l&rsquo;autoroute de Shinjuku (Busta Shinjuku)<br \/>\n*\u00a0L&rsquo;entr\u00e9e de l&rsquo;h\u00f4tel est situ\u00e9e au 2e\u00a0\u00e9tage.<\/p>\n<p>\u00c0 1\u00a0minute de la sortie A1 de la station de m\u00e9tro Toei Shinjuku<br \/>\n*\u00a0L&rsquo;entr\u00e9e de l&rsquo;h\u00f4tel est situ\u00e9e au 1er\u00a0\u00e9tage.<\/p>\n","protected":false},"excerpt":{"rendered":"<p>\u00c0 3\u00a0minutes de JR, Odakyu, \u00ab\u00a0Sortie Sud\u00a0\u00bb de la ligne Keio Shinjuku *\u00a0L&rsquo;entr\u00e9e de l&rsquo;h\u00f4tel est situ\u00e9e au 2e\u00a0\u00e9tage. \u00c0 3\u00a0minutes de la gare JR Shinjuku \u00ab\u00a0Koshu-Kaido Gate\u00a0\u00bb ou \u00ab\u00a0New South Gate\u00a0\u00bb *\u00a0L&rsquo;entr\u00e9e de l&rsquo;h\u00f4tel est situ\u00e9e au 2e\u00a0\u00e9tage. \u00c0 3\u00a0minutes de la gare routi\u00e8re de l&rsquo;autoroute de Shinjuku (Busta Shinjuku) *\u00a0L&rsquo;entr\u00e9e de l&rsquo;h\u00f4tel est [&hellip;]<\/p>\n","protected":false},"author":6,"featured_media":0,"parent":2006,"menu_order":30,"comment_status":"closed","ping_status":"closed","template":"","meta":{"footnotes":""},"acf":[],"yoast_head":"<!-- This site is optimized with the Yoast SEO plugin v22.3 - https:\/\/yoast.com\/wordpress\/plugins\/seo\/ -->\n<title>EN TRAIN | L\u2019Hotel Century Southern Tower | Site Officiel<\/title>\n<meta name=\"robots\" content=\"index, follow, max-snippet:-1, max-image-preview:large, max-video-preview:-1\" \/>\n<link rel=\"canonical\" href=\"https:\/\/global.southerntower.co.jp\/fr\/access-location\/by-train\/\" \/>\n<meta property=\"og:locale\" content=\"fr_FR\" \/>\n<meta property=\"og:type\" content=\"article\" \/>\n<meta property=\"og:title\" content=\"EN TRAIN | L\u2019Hotel Century Southern Tower | Site Officiel\" \/>\n<meta property=\"og:description\" content=\"\u00c0 3\u00a0minutes de JR, Odakyu, \u00ab\u00a0Sortie Sud\u00a0\u00bb de la ligne Keio Shinjuku *\u00a0L&rsquo;entr\u00e9e de l&rsquo;h\u00f4tel est situ\u00e9e au 2e\u00a0\u00e9tage. \u00c0 3\u00a0minutes de la gare JR Shinjuku \u00ab\u00a0Koshu-Kaido Gate\u00a0\u00bb ou \u00ab\u00a0New South Gate\u00a0\u00bb *\u00a0L&rsquo;entr\u00e9e de l&rsquo;h\u00f4tel est situ\u00e9e au 2e\u00a0\u00e9tage. \u00c0 3\u00a0minutes de la gare routi\u00e8re de l&rsquo;autoroute de Shinjuku (Busta Shinjuku) *\u00a0L&rsquo;entr\u00e9e de l&rsquo;h\u00f4tel est [&hellip;]\" \/>\n<meta property=\"og:url\" content=\"https:\/\/global.southerntower.co.jp\/fr\/access-location\/by-train\/\" \/>\n<meta property=\"og:site_name\" content=\"L\u2019Hotel Century Southern Tower | Site Officiel\" \/>\n<meta property=\"article:modified_time\" content=\"2020-09-25T07:00:23+00:00\" \/>\n<meta name=\"twitter:card\" content=\"summary_large_image\" \/>\n<script type=\"application\/ld+json\" class=\"yoast-schema-graph\">{\"@context\":\"https:\/\/schema.org\",\"@graph\":[{\"@type\":\"WebPage\",\"@id\":\"https:\/\/global.southerntower.co.jp\/fr\/access-location\/by-train\/\",\"url\":\"https:\/\/global.southerntower.co.jp\/fr\/access-location\/by-train\/\",\"name\":\"EN TRAIN | L\u2019Hotel Century Southern Tower | Site Officiel\",\"isPartOf\":{\"@id\":\"https:\/\/global.southerntower.co.jp\/fr\/#website\"},\"datePublished\":\"2019-09-04T00:40:47+00:00\",\"dateModified\":\"2020-09-25T07:00:23+00:00\",\"breadcrumb\":{\"@id\":\"https:\/\/global.southerntower.co.jp\/fr\/access-location\/by-train\/#breadcrumb\"},\"inLanguage\":\"fr-FR\",\"potentialAction\":[{\"@type\":\"ReadAction\",\"target\":[\"https:\/\/global.southerntower.co.jp\/fr\/access-location\/by-train\/\"]}]},{\"@type\":\"BreadcrumbList\",\"@id\":\"https:\/\/global.southerntower.co.jp\/fr\/access-location\/by-train\/#breadcrumb\",\"itemListElement\":[{\"@type\":\"ListItem\",\"position\":1,\"name\":\"Home\",\"item\":\"https:\/\/global.southerntower.co.jp\/fr\/\"},{\"@type\":\"ListItem\",\"position\":2,\"name\":\"ACC\u00c8S ET PLAN DE SITUATION\",\"item\":\"https:\/\/global.southerntower.co.jp\/fr\/access-location\/\"},{\"@type\":\"ListItem\",\"position\":3,\"name\":\"EN TRAIN\"}]},{\"@type\":\"WebSite\",\"@id\":\"https:\/\/global.southerntower.co.jp\/fr\/#website\",\"url\":\"https:\/\/global.southerntower.co.jp\/fr\/\",\"name\":\"L\u2019Hotel Century Southern Tower | Site Officiel\",\"description\":\"Great place to stay in Tokyo, near the shinjuku station,\",\"potentialAction\":[{\"@type\":\"SearchAction\",\"target\":{\"@type\":\"EntryPoint\",\"urlTemplate\":\"https:\/\/global.southerntower.co.jp\/fr\/?s={search_term_string}\"},\"query-input\":\"required name=search_term_string\"}],\"inLanguage\":\"fr-FR\"}]}<\/script>\n<!-- \/ Yoast SEO plugin. -->","yoast_head_json":{"title":"EN TRAIN | L\u2019Hotel Century Southern Tower | Site Officiel","robots":{"index":"index","follow":"follow","max-snippet":"max-snippet:-1","max-image-preview":"max-image-preview:large","max-video-preview":"max-video-preview:-1"},"canonical":"https:\/\/global.southerntower.co.jp\/fr\/access-location\/by-train\/","og_locale":"fr_FR","og_type":"article","og_title":"EN TRAIN | L\u2019Hotel Century Southern Tower | Site Officiel","og_description":"\u00c0 3\u00a0minutes de JR, Odakyu, \u00ab\u00a0Sortie Sud\u00a0\u00bb de la ligne Keio Shinjuku *\u00a0L&rsquo;entr\u00e9e de l&rsquo;h\u00f4tel est situ\u00e9e au 2e\u00a0\u00e9tage. \u00c0 3\u00a0minutes de la gare JR Shinjuku \u00ab\u00a0Koshu-Kaido Gate\u00a0\u00bb ou \u00ab\u00a0New South Gate\u00a0\u00bb *\u00a0L&rsquo;entr\u00e9e de l&rsquo;h\u00f4tel est situ\u00e9e au 2e\u00a0\u00e9tage. \u00c0 3\u00a0minutes de la gare routi\u00e8re de l&rsquo;autoroute de Shinjuku (Busta Shinjuku) *\u00a0L&rsquo;entr\u00e9e de l&rsquo;h\u00f4tel est [&hellip;]","og_url":"https:\/\/global.southerntower.co.jp\/fr\/access-location\/by-train\/","og_site_name":"L\u2019Hotel Century Southern Tower | Site Officiel","article_modified_time":"2020-09-25T07:00:23+00:00","twitter_card":"summary_large_image","schema":{"@context":"https:\/\/schema.org","@graph":[{"@type":"WebPage","@id":"https:\/\/global.southerntower.co.jp\/fr\/access-location\/by-train\/","url":"https:\/\/global.southerntower.co.jp\/fr\/access-location\/by-train\/","name":"EN TRAIN | L\u2019Hotel Century Southern Tower | Site Officiel","isPartOf":{"@id":"https:\/\/global.southerntower.co.jp\/fr\/#website"},"datePublished":"2019-09-04T00:40:47+00:00","dateModified":"2020-09-25T07:00:23+00:00","breadcrumb":{"@id":"https:\/\/global.southerntower.co.jp\/fr\/access-location\/by-train\/#breadcrumb"},"inLanguage":"fr-FR","potentialAction":[{"@type":"ReadAction","target":["https:\/\/global.southerntower.co.jp\/fr\/access-location\/by-train\/"]}]},{"@type":"BreadcrumbList","@id":"https:\/\/global.southerntower.co.jp\/fr\/access-location\/by-train\/#breadcrumb","itemListElement":[{"@type":"ListItem","position":1,"name":"Home","item":"https:\/\/global.southerntower.co.jp\/fr\/"},{"@type":"ListItem","position":2,"name":"ACC\u00c8S ET PLAN DE SITUATION","item":"https:\/\/global.southerntower.co.jp\/fr\/access-location\/"},{"@type":"ListItem","position":3,"name":"EN TRAIN"}]},{"@type":"WebSite","@id":"https:\/\/global.southerntower.co.jp\/fr\/#website","url":"https:\/\/global.southerntower.co.jp\/fr\/","name":"L\u2019Hotel Century Southern Tower | Site Officiel","description":"Great place to stay in Tokyo, near the shinjuku station,","potentialAction":[{"@type":"SearchAction","target":{"@type":"EntryPoint","urlTemplate":"https:\/\/global.southerntower.co.jp\/fr\/?s={search_term_string}"},"query-input":"required name=search_term_string"}],"inLanguage":"fr-FR"}]}},"publishpress_future_action":{"enabled":false,"date":"2026-04-23 10:34:43","action":"change-status","newStatus":"draft","terms":[],"taxonomy":"translation_priority"},"_links":{"self":[{"href":"https:\/\/global.southerntower.co.jp\/fr\/wp-json\/wp\/v2\/pages\/2012"}],"collection":[{"href":"https:\/\/global.southerntower.co.jp\/fr\/wp-json\/wp\/v2\/pages"}],"about":[{"href":"https:\/\/global.southerntower.co.jp\/fr\/wp-json\/wp\/v2\/types\/page"}],"author":[{"embeddable":true,"href":"https:\/\/global.southerntower.co.jp\/fr\/wp-json\/wp\/v2\/users\/6"}],"replies":[{"embeddable":true,"href":"https:\/\/global.southerntower.co.jp\/fr\/wp-json\/wp\/v2\/comments?post=2012"}],"version-history":[{"count":0,"href":"https:\/\/global.southerntower.co.jp\/fr\/wp-json\/wp\/v2\/pages\/2012\/revisions"}],"up":[{"embeddable":true,"href":"https:\/\/global.southerntower.co.jp\/fr\/wp-json\/wp\/v2\/pages\/2006"}],"wp:attachment":[{"href":"https:\/\/global.southerntower.co.jp\/fr\/wp-json\/wp\/v2\/media?parent=2012"}],"curies":[{"name":"wp","href":"https:\/\/api.w.org\/{rel}","templated":true}]}}