{"id":2008,"date":"2019-09-04T00:38:17","date_gmt":"2019-09-04T00:38:17","guid":{"rendered":"https:\/\/global.southerntower.co.jp\/access-location\/tokyo-subway-ticket\/"},"modified":"2023-04-03T06:54:11","modified_gmt":"2023-04-02T21:54:11","slug":"tokyo-subway-ticket","status":"publish","type":"page","link":"https:\/\/global.southerntower.co.jp\/fr\/access-location\/tokyo-subway-ticket\/","title":{"rendered":"TICKET DE M\u00c9TRO POUR TOKYO"},"content":{"rendered":"<p>Le ticket de m\u00e9tro pour Tokyo est un titre de transport pratique qui vous permet de prendre toutes les lignes de m\u00e9tro de Tokyo et de Toei pendant 24 heures, 48 heures ou 72 heures \u00e0 partir du d\u00e9but de votre d\u00e9placement pendant la p\u00e9riode de validit\u00e9.<\/p>\n<p>O\u00f9 l&rsquo;acheter :<span class=\"Y2IQFc\" lang=\"fr\">R\u00e9ception <\/span>au 20e \u00e9tage<\/p>\n<p>Ticket de 24 heures : 800 yens pour un adulte, 400 yens pour un enfant<\/p>\n<p>Ticket de 48 heures : 1 200 yens pour un adulte, 600 yens pour un enfant<\/p>\n<p>Ticket de 72 heures : 1 500 yens pour un adulte, 750 yens pour un enfant<\/p>\n<p><a href=\"https:\/\/www.tokyometro.jp\/lang_en\/ticket\/value\/travel\/index.html\" target=\"_blank\" rel=\"noopener noreferrer\">EN SAVOIR PLUS<\/a><\/p>\n","protected":false},"excerpt":{"rendered":"<p>Le ticket de m\u00e9tro pour Tokyo est un titre de transport pratique qui vous permet de prendre toutes les lignes de m\u00e9tro de Tokyo et de Toei pendant 24 heures, 48 heures ou 72 heures \u00e0 partir du d\u00e9but de votre d\u00e9placement pendant la p\u00e9riode de validit\u00e9. O\u00f9 l&rsquo;acheter :R\u00e9ception au 20e \u00e9tage Ticket de [&hellip;]<\/p>\n","protected":false},"author":6,"featured_media":0,"parent":2006,"menu_order":10,"comment_status":"closed","ping_status":"closed","template":"","meta":{"footnotes":""},"acf":[],"yoast_head":"<!-- This site is optimized with the Yoast SEO plugin v22.3 - https:\/\/yoast.com\/wordpress\/plugins\/seo\/ -->\n<title>TICKET DE M\u00c9TRO POUR TOKYO | L\u2019Hotel Century Southern Tower | Site Officiel<\/title>\n<meta name=\"robots\" content=\"index, follow, max-snippet:-1, max-image-preview:large, max-video-preview:-1\" \/>\n<link rel=\"canonical\" href=\"https:\/\/global.southerntower.co.jp\/fr\/access-location\/tokyo-subway-ticket\/\" \/>\n<meta property=\"og:locale\" content=\"fr_FR\" \/>\n<meta property=\"og:type\" content=\"article\" \/>\n<meta property=\"og:title\" content=\"TICKET DE M\u00c9TRO POUR TOKYO | L\u2019Hotel Century Southern Tower | Site Officiel\" \/>\n<meta property=\"og:description\" content=\"Le ticket de m\u00e9tro pour Tokyo est un titre de transport pratique qui vous permet de prendre toutes les lignes de m\u00e9tro de Tokyo et de Toei pendant 24 heures, 48 heures ou 72 heures \u00e0 partir du d\u00e9but de votre d\u00e9placement pendant la p\u00e9riode de validit\u00e9. O\u00f9 l&rsquo;acheter :R\u00e9ception au 20e \u00e9tage Ticket de [&hellip;]\" \/>\n<meta property=\"og:url\" content=\"https:\/\/global.southerntower.co.jp\/fr\/access-location\/tokyo-subway-ticket\/\" \/>\n<meta property=\"og:site_name\" content=\"L\u2019Hotel Century Southern Tower | Site Officiel\" \/>\n<meta property=\"article:modified_time\" content=\"2023-04-02T21:54:11+00:00\" \/>\n<meta name=\"twitter:card\" content=\"summary_large_image\" \/>\n<meta name=\"twitter:label1\" content=\"Dur\u00e9e de lecture estim\u00e9e\" \/>\n\t<meta name=\"twitter:data1\" content=\"1 minute\" \/>\n<script type=\"application\/ld+json\" class=\"yoast-schema-graph\">{\"@context\":\"https:\/\/schema.org\",\"@graph\":[{\"@type\":\"WebPage\",\"@id\":\"https:\/\/global.southerntower.co.jp\/fr\/access-location\/tokyo-subway-ticket\/\",\"url\":\"https:\/\/global.southerntower.co.jp\/fr\/access-location\/tokyo-subway-ticket\/\",\"name\":\"TICKET DE M\u00c9TRO POUR TOKYO | L\u2019Hotel Century Southern Tower | Site Officiel\",\"isPartOf\":{\"@id\":\"https:\/\/global.southerntower.co.jp\/fr\/#website\"},\"datePublished\":\"2019-09-04T00:38:17+00:00\",\"dateModified\":\"2023-04-02T21:54:11+00:00\",\"breadcrumb\":{\"@id\":\"https:\/\/global.southerntower.co.jp\/fr\/access-location\/tokyo-subway-ticket\/#breadcrumb\"},\"inLanguage\":\"fr-FR\",\"potentialAction\":[{\"@type\":\"ReadAction\",\"target\":[\"https:\/\/global.southerntower.co.jp\/fr\/access-location\/tokyo-subway-ticket\/\"]}]},{\"@type\":\"BreadcrumbList\",\"@id\":\"https:\/\/global.southerntower.co.jp\/fr\/access-location\/tokyo-subway-ticket\/#breadcrumb\",\"itemListElement\":[{\"@type\":\"ListItem\",\"position\":1,\"name\":\"Home\",\"item\":\"https:\/\/global.southerntower.co.jp\/fr\/\"},{\"@type\":\"ListItem\",\"position\":2,\"name\":\"ACC\u00c8S ET PLAN DE SITUATION\",\"item\":\"https:\/\/global.southerntower.co.jp\/fr\/access-location\/\"},{\"@type\":\"ListItem\",\"position\":3,\"name\":\"TICKET DE M\u00c9TRO POUR TOKYO\"}]},{\"@type\":\"WebSite\",\"@id\":\"https:\/\/global.southerntower.co.jp\/fr\/#website\",\"url\":\"https:\/\/global.southerntower.co.jp\/fr\/\",\"name\":\"L\u2019Hotel Century Southern Tower | Site Officiel\",\"description\":\"Great place to stay in Tokyo, near the shinjuku station,\",\"potentialAction\":[{\"@type\":\"SearchAction\",\"target\":{\"@type\":\"EntryPoint\",\"urlTemplate\":\"https:\/\/global.southerntower.co.jp\/fr\/?s={search_term_string}\"},\"query-input\":\"required name=search_term_string\"}],\"inLanguage\":\"fr-FR\"}]}<\/script>\n<!-- \/ Yoast SEO plugin. -->","yoast_head_json":{"title":"TICKET DE M\u00c9TRO POUR TOKYO | L\u2019Hotel Century Southern Tower | Site Officiel","robots":{"index":"index","follow":"follow","max-snippet":"max-snippet:-1","max-image-preview":"max-image-preview:large","max-video-preview":"max-video-preview:-1"},"canonical":"https:\/\/global.southerntower.co.jp\/fr\/access-location\/tokyo-subway-ticket\/","og_locale":"fr_FR","og_type":"article","og_title":"TICKET DE M\u00c9TRO POUR TOKYO | L\u2019Hotel Century Southern Tower | Site Officiel","og_description":"Le ticket de m\u00e9tro pour Tokyo est un titre de transport pratique qui vous permet de prendre toutes les lignes de m\u00e9tro de Tokyo et de Toei pendant 24 heures, 48 heures ou 72 heures \u00e0 partir du d\u00e9but de votre d\u00e9placement pendant la p\u00e9riode de validit\u00e9. O\u00f9 l&rsquo;acheter :R\u00e9ception au 20e \u00e9tage Ticket de [&hellip;]","og_url":"https:\/\/global.southerntower.co.jp\/fr\/access-location\/tokyo-subway-ticket\/","og_site_name":"L\u2019Hotel Century Southern Tower | Site Officiel","article_modified_time":"2023-04-02T21:54:11+00:00","twitter_card":"summary_large_image","twitter_misc":{"Dur\u00e9e de lecture estim\u00e9e":"1 minute"},"schema":{"@context":"https:\/\/schema.org","@graph":[{"@type":"WebPage","@id":"https:\/\/global.southerntower.co.jp\/fr\/access-location\/tokyo-subway-ticket\/","url":"https:\/\/global.southerntower.co.jp\/fr\/access-location\/tokyo-subway-ticket\/","name":"TICKET DE M\u00c9TRO POUR TOKYO | L\u2019Hotel Century Southern Tower | Site Officiel","isPartOf":{"@id":"https:\/\/global.southerntower.co.jp\/fr\/#website"},"datePublished":"2019-09-04T00:38:17+00:00","dateModified":"2023-04-02T21:54:11+00:00","breadcrumb":{"@id":"https:\/\/global.southerntower.co.jp\/fr\/access-location\/tokyo-subway-ticket\/#breadcrumb"},"inLanguage":"fr-FR","potentialAction":[{"@type":"ReadAction","target":["https:\/\/global.southerntower.co.jp\/fr\/access-location\/tokyo-subway-ticket\/"]}]},{"@type":"BreadcrumbList","@id":"https:\/\/global.southerntower.co.jp\/fr\/access-location\/tokyo-subway-ticket\/#breadcrumb","itemListElement":[{"@type":"ListItem","position":1,"name":"Home","item":"https:\/\/global.southerntower.co.jp\/fr\/"},{"@type":"ListItem","position":2,"name":"ACC\u00c8S ET PLAN DE SITUATION","item":"https:\/\/global.southerntower.co.jp\/fr\/access-location\/"},{"@type":"ListItem","position":3,"name":"TICKET DE M\u00c9TRO POUR TOKYO"}]},{"@type":"WebSite","@id":"https:\/\/global.southerntower.co.jp\/fr\/#website","url":"https:\/\/global.southerntower.co.jp\/fr\/","name":"L\u2019Hotel Century Southern Tower | Site Officiel","description":"Great place to stay in Tokyo, near the shinjuku station,","potentialAction":[{"@type":"SearchAction","target":{"@type":"EntryPoint","urlTemplate":"https:\/\/global.southerntower.co.jp\/fr\/?s={search_term_string}"},"query-input":"required name=search_term_string"}],"inLanguage":"fr-FR"}]}},"publishpress_future_action":{"enabled":false,"date":"2026-04-23 08:15:53","action":"change-status","newStatus":"draft","terms":[],"taxonomy":"translation_priority"},"_links":{"self":[{"href":"https:\/\/global.southerntower.co.jp\/fr\/wp-json\/wp\/v2\/pages\/2008"}],"collection":[{"href":"https:\/\/global.southerntower.co.jp\/fr\/wp-json\/wp\/v2\/pages"}],"about":[{"href":"https:\/\/global.southerntower.co.jp\/fr\/wp-json\/wp\/v2\/types\/page"}],"author":[{"embeddable":true,"href":"https:\/\/global.southerntower.co.jp\/fr\/wp-json\/wp\/v2\/users\/6"}],"replies":[{"embeddable":true,"href":"https:\/\/global.southerntower.co.jp\/fr\/wp-json\/wp\/v2\/comments?post=2008"}],"version-history":[{"count":0,"href":"https:\/\/global.southerntower.co.jp\/fr\/wp-json\/wp\/v2\/pages\/2008\/revisions"}],"up":[{"embeddable":true,"href":"https:\/\/global.southerntower.co.jp\/fr\/wp-json\/wp\/v2\/pages\/2006"}],"wp:attachment":[{"href":"https:\/\/global.southerntower.co.jp\/fr\/wp-json\/wp\/v2\/media?parent=2008"}],"curies":[{"name":"wp","href":"https:\/\/api.w.org\/{rel}","templated":true}]}}