{"id":2006,"date":"2019-09-03T06:11:38","date_gmt":"2019-09-03T06:11:38","guid":{"rendered":"https:\/\/global.southerntower.co.jp\/access-location\/"},"modified":"2020-09-25T15:57:06","modified_gmt":"2020-09-25T06:57:06","slug":"access-location","status":"publish","type":"page","link":"https:\/\/global.southerntower.co.jp\/fr\/access-location\/","title":{"rendered":"ACC\u00c8S ET PLAN DE SITUATION"},"content":{"rendered":"<p>Situ\u00e9 au c\u0153ur de Shinjuku, le centre n\u00e9vralgique de Tokyo. Le court trajet de 3\u00a0minutes de la gare de Shinjuku \u00e0 l&rsquo;Hotel Century Southern Tower est bord\u00e9e de diverses boutiques, de caf\u00e9s ouverts et d&rsquo;une large promenade verdoyante. Les restaurants situ\u00e9s \u00e0 proximit\u00e9 de notre h\u00f4tel proposent des cuisines signature provenant de pratiquement tous les coins du monde. Que vous soyez \u00e0 Tokyo pour affaires ou pour le plaisir, vous profiterez pleinement de tout le confort dont vous avez besoin au cours de votre s\u00e9jour parmi nous.<\/p>\n","protected":false},"excerpt":{"rendered":"<p>Situ\u00e9 au c\u0153ur de Shinjuku, le centre n\u00e9vralgique de Tokyo. Le court trajet de 3\u00a0minutes de la gare de Shinjuku \u00e0 l&rsquo;Hotel Century Southern Tower est bord\u00e9e de diverses boutiques, de caf\u00e9s ouverts et d&rsquo;une large promenade verdoyante. Les restaurants situ\u00e9s \u00e0 proximit\u00e9 de notre h\u00f4tel proposent des cuisines signature provenant de pratiquement tous les [&hellip;]<\/p>\n","protected":false},"author":6,"featured_media":0,"parent":0,"menu_order":0,"comment_status":"closed","ping_status":"closed","template":"","meta":{"footnotes":""},"acf":[],"yoast_head":"<!-- This site is optimized with the Yoast SEO plugin v22.3 - https:\/\/yoast.com\/wordpress\/plugins\/seo\/ -->\n<title>ACC\u00c8S ET PLAN DE SITUATION | L\u2019Hotel Century Southern Tower | Site Officiel<\/title>\n<meta name=\"robots\" content=\"index, follow, max-snippet:-1, max-image-preview:large, max-video-preview:-1\" \/>\n<link rel=\"canonical\" href=\"https:\/\/global.southerntower.co.jp\/fr\/access-location\/\" \/>\n<meta property=\"og:locale\" content=\"fr_FR\" \/>\n<meta property=\"og:type\" content=\"article\" \/>\n<meta property=\"og:title\" content=\"ACC\u00c8S ET PLAN DE SITUATION | L\u2019Hotel Century Southern Tower | Site Officiel\" \/>\n<meta property=\"og:description\" content=\"Situ\u00e9 au c\u0153ur de Shinjuku, le centre n\u00e9vralgique de Tokyo. Le court trajet de 3\u00a0minutes de la gare de Shinjuku \u00e0 l&rsquo;Hotel Century Southern Tower est bord\u00e9e de diverses boutiques, de caf\u00e9s ouverts et d&rsquo;une large promenade verdoyante. Les restaurants situ\u00e9s \u00e0 proximit\u00e9 de notre h\u00f4tel proposent des cuisines signature provenant de pratiquement tous les [&hellip;]\" \/>\n<meta property=\"og:url\" content=\"https:\/\/global.southerntower.co.jp\/fr\/access-location\/\" \/>\n<meta property=\"og:site_name\" content=\"L\u2019Hotel Century Southern Tower | Site Officiel\" \/>\n<meta property=\"article:modified_time\" content=\"2020-09-25T06:57:06+00:00\" \/>\n<meta name=\"twitter:card\" content=\"summary_large_image\" \/>\n<script type=\"application\/ld+json\" class=\"yoast-schema-graph\">{\"@context\":\"https:\/\/schema.org\",\"@graph\":[{\"@type\":\"WebPage\",\"@id\":\"https:\/\/global.southerntower.co.jp\/fr\/access-location\/\",\"url\":\"https:\/\/global.southerntower.co.jp\/fr\/access-location\/\",\"name\":\"ACC\u00c8S ET PLAN DE SITUATION | L\u2019Hotel Century Southern Tower | Site Officiel\",\"isPartOf\":{\"@id\":\"https:\/\/global.southerntower.co.jp\/fr\/#website\"},\"datePublished\":\"2019-09-03T06:11:38+00:00\",\"dateModified\":\"2020-09-25T06:57:06+00:00\",\"breadcrumb\":{\"@id\":\"https:\/\/global.southerntower.co.jp\/fr\/access-location\/#breadcrumb\"},\"inLanguage\":\"fr-FR\",\"potentialAction\":[{\"@type\":\"ReadAction\",\"target\":[\"https:\/\/global.southerntower.co.jp\/fr\/access-location\/\"]}]},{\"@type\":\"BreadcrumbList\",\"@id\":\"https:\/\/global.southerntower.co.jp\/fr\/access-location\/#breadcrumb\",\"itemListElement\":[{\"@type\":\"ListItem\",\"position\":1,\"name\":\"Home\",\"item\":\"https:\/\/global.southerntower.co.jp\/fr\/\"},{\"@type\":\"ListItem\",\"position\":2,\"name\":\"ACC\u00c8S ET PLAN DE SITUATION\"}]},{\"@type\":\"WebSite\",\"@id\":\"https:\/\/global.southerntower.co.jp\/fr\/#website\",\"url\":\"https:\/\/global.southerntower.co.jp\/fr\/\",\"name\":\"L\u2019Hotel Century Southern Tower | Site Officiel\",\"description\":\"Great place to stay in Tokyo, near the shinjuku station,\",\"potentialAction\":[{\"@type\":\"SearchAction\",\"target\":{\"@type\":\"EntryPoint\",\"urlTemplate\":\"https:\/\/global.southerntower.co.jp\/fr\/?s={search_term_string}\"},\"query-input\":\"required name=search_term_string\"}],\"inLanguage\":\"fr-FR\"}]}<\/script>\n<!-- \/ Yoast SEO plugin. -->","yoast_head_json":{"title":"ACC\u00c8S ET PLAN DE SITUATION | L\u2019Hotel Century Southern Tower | Site Officiel","robots":{"index":"index","follow":"follow","max-snippet":"max-snippet:-1","max-image-preview":"max-image-preview:large","max-video-preview":"max-video-preview:-1"},"canonical":"https:\/\/global.southerntower.co.jp\/fr\/access-location\/","og_locale":"fr_FR","og_type":"article","og_title":"ACC\u00c8S ET PLAN DE SITUATION | L\u2019Hotel Century Southern Tower | Site Officiel","og_description":"Situ\u00e9 au c\u0153ur de Shinjuku, le centre n\u00e9vralgique de Tokyo. Le court trajet de 3\u00a0minutes de la gare de Shinjuku \u00e0 l&rsquo;Hotel Century Southern Tower est bord\u00e9e de diverses boutiques, de caf\u00e9s ouverts et d&rsquo;une large promenade verdoyante. Les restaurants situ\u00e9s \u00e0 proximit\u00e9 de notre h\u00f4tel proposent des cuisines signature provenant de pratiquement tous les [&hellip;]","og_url":"https:\/\/global.southerntower.co.jp\/fr\/access-location\/","og_site_name":"L\u2019Hotel Century Southern Tower | Site Officiel","article_modified_time":"2020-09-25T06:57:06+00:00","twitter_card":"summary_large_image","schema":{"@context":"https:\/\/schema.org","@graph":[{"@type":"WebPage","@id":"https:\/\/global.southerntower.co.jp\/fr\/access-location\/","url":"https:\/\/global.southerntower.co.jp\/fr\/access-location\/","name":"ACC\u00c8S ET PLAN DE SITUATION | L\u2019Hotel Century Southern Tower | Site Officiel","isPartOf":{"@id":"https:\/\/global.southerntower.co.jp\/fr\/#website"},"datePublished":"2019-09-03T06:11:38+00:00","dateModified":"2020-09-25T06:57:06+00:00","breadcrumb":{"@id":"https:\/\/global.southerntower.co.jp\/fr\/access-location\/#breadcrumb"},"inLanguage":"fr-FR","potentialAction":[{"@type":"ReadAction","target":["https:\/\/global.southerntower.co.jp\/fr\/access-location\/"]}]},{"@type":"BreadcrumbList","@id":"https:\/\/global.southerntower.co.jp\/fr\/access-location\/#breadcrumb","itemListElement":[{"@type":"ListItem","position":1,"name":"Home","item":"https:\/\/global.southerntower.co.jp\/fr\/"},{"@type":"ListItem","position":2,"name":"ACC\u00c8S ET PLAN DE SITUATION"}]},{"@type":"WebSite","@id":"https:\/\/global.southerntower.co.jp\/fr\/#website","url":"https:\/\/global.southerntower.co.jp\/fr\/","name":"L\u2019Hotel Century Southern Tower | Site Officiel","description":"Great place to stay in Tokyo, near the shinjuku station,","potentialAction":[{"@type":"SearchAction","target":{"@type":"EntryPoint","urlTemplate":"https:\/\/global.southerntower.co.jp\/fr\/?s={search_term_string}"},"query-input":"required name=search_term_string"}],"inLanguage":"fr-FR"}]}},"publishpress_future_action":{"enabled":false,"date":"2026-04-29 05:32:49","action":"change-status","newStatus":"draft","terms":[],"taxonomy":"translation_priority"},"_links":{"self":[{"href":"https:\/\/global.southerntower.co.jp\/fr\/wp-json\/wp\/v2\/pages\/2006"}],"collection":[{"href":"https:\/\/global.southerntower.co.jp\/fr\/wp-json\/wp\/v2\/pages"}],"about":[{"href":"https:\/\/global.southerntower.co.jp\/fr\/wp-json\/wp\/v2\/types\/page"}],"author":[{"embeddable":true,"href":"https:\/\/global.southerntower.co.jp\/fr\/wp-json\/wp\/v2\/users\/6"}],"replies":[{"embeddable":true,"href":"https:\/\/global.southerntower.co.jp\/fr\/wp-json\/wp\/v2\/comments?post=2006"}],"version-history":[{"count":0,"href":"https:\/\/global.southerntower.co.jp\/fr\/wp-json\/wp\/v2\/pages\/2006\/revisions"}],"wp:attachment":[{"href":"https:\/\/global.southerntower.co.jp\/fr\/wp-json\/wp\/v2\/media?parent=2006"}],"curies":[{"name":"wp","href":"https:\/\/api.w.org\/{rel}","templated":true}]}}